{"id":10008,"date":"2012-10-06T00:42:17","date_gmt":"2012-10-05T21:42:17","guid":{"rendered":"https:\/\/westbalt.ee\/?post_type=product&#038;p=10008"},"modified":"2026-03-21T19:52:58","modified_gmt":"2026-03-21T16:52:58","slug":"push-button-switch-ip44-grey","status":"publish","type":"product","link":"https:\/\/westbalt.ee\/?product=push-button-switch-ip44-grey","title":{"rendered":"Malmbergs Impulssl\u00fcliti p\/p IP44 hall"},"content":{"rendered":"<p>&#8211;<\/p>\n","protected":false},"excerpt":{"rendered":"<p>\u2022 Nordic sari on loodud kiireks, lihtsaks ja ohutuks paigaldamiseks.<br \/>\n\u2022 Tulekindel termoplast. Nordic on loodud nii sooja kui k\u00fclma osas p\u00f5hjamaistes oludes toime tulema.<br \/>\n\u2022 Kiir\u00fchendusklemm tagab turvalise ja kiire \u00fchenduse. Topelt\u00fchendused faasi kohta. 10A\/250V.<br \/>\n\u2022 Isetihenduvad membraanid kaablite sisseviimiseks \u00fclevalt ja alt<\/p>\n","protected":false},"featured_media":26412,"comment_status":"open","ping_status":"closed","template":"","meta":{"_acf_changed":false,"_monsterinsights_skip_tracking":false,"_monsterinsights_sitenote_active":false,"_monsterinsights_sitenote_note":"","_monsterinsights_sitenote_category":0},"pwb-brand":[],"product_brand":[],"product_cat":[277],"product_tag":[],"class_list":{"0":"post-10008","1":"product","2":"type-product","3":"status-publish","4":"has-post-thumbnail","6":"product_cat-malmbergs","8":"first","9":"onbackorder","10":"taxable","11":"shipping-taxable","12":"purchasable","13":"product-type-simple"},"acf":[],"aioseo_notices":[],"jetpack_sharing_enabled":true,"brands":[],"_links":{"self":[{"href":"https:\/\/westbalt.ee\/index.php?rest_route=\/wp\/v2\/product\/10008","targetHints":{"allow":["GET"]}}],"collection":[{"href":"https:\/\/westbalt.ee\/index.php?rest_route=\/wp\/v2\/product"}],"about":[{"href":"https:\/\/westbalt.ee\/index.php?rest_route=\/wp\/v2\/types\/product"}],"replies":[{"embeddable":true,"href":"https:\/\/westbalt.ee\/index.php?rest_route=%2Fwp%2Fv2%2Fcomments&post=10008"}],"wp:featuredmedia":[{"embeddable":true,"href":"https:\/\/westbalt.ee\/index.php?rest_route=\/wp\/v2\/media\/26412"}],"wp:attachment":[{"href":"https:\/\/westbalt.ee\/index.php?rest_route=%2Fwp%2Fv2%2Fmedia&parent=10008"}],"wp:term":[{"taxonomy":"pwb-brand","embeddable":true,"href":"https:\/\/westbalt.ee\/index.php?rest_route=%2Fwp%2Fv2%2Fpwb-brand&post=10008"},{"taxonomy":"product_brand","embeddable":true,"href":"https:\/\/westbalt.ee\/index.php?rest_route=%2Fwp%2Fv2%2Fproduct_brand&post=10008"},{"taxonomy":"product_cat","embeddable":true,"href":"https:\/\/westbalt.ee\/index.php?rest_route=%2Fwp%2Fv2%2Fproduct_cat&post=10008"},{"taxonomy":"product_tag","embeddable":true,"href":"https:\/\/westbalt.ee\/index.php?rest_route=%2Fwp%2Fv2%2Fproduct_tag&post=10008"}],"curies":[{"name":"wp","href":"https:\/\/api.w.org\/{rel}","templated":true}]}}