{"id":10238,"date":"2012-10-06T02:11:40","date_gmt":"2012-10-05T23:11:40","guid":{"rendered":"https:\/\/westbalt.ee\/?post_type=product&#038;p=10238"},"modified":"2026-03-21T19:50:25","modified_gmt":"2026-03-21T16:50:25","slug":"p-randakutte-termostaat-ensto-eco10rj-10-60-c","status":"publish","type":"product","link":"https:\/\/westbalt.ee\/?product=p-randakutte-termostaat-ensto-eco10rj-10-60-c","title":{"rendered":"P\u00f5randak\u00fctte termostaat DEVIREG 528 p\u00f5randaanduriga"},"content":{"rendered":"<p>&#8211;<\/p>\n","protected":false},"excerpt":{"rendered":"<p>L\u00d5PUM\u00dc\u00dcK!<\/p>\n","protected":false},"featured_media":26670,"comment_status":"open","ping_status":"closed","template":"","meta":{"_acf_changed":false,"_monsterinsights_skip_tracking":false,"_monsterinsights_sitenote_active":false,"_monsterinsights_sitenote_note":"","_monsterinsights_sitenote_category":0},"pwb-brand":[],"product_brand":[],"product_cat":[153],"product_tag":[],"class_list":{"0":"post-10238","1":"product","2":"type-product","3":"status-publish","4":"has-post-thumbnail","6":"product_cat-termostaadid","8":"first","9":"outofstock","10":"taxable","11":"shipping-taxable","12":"purchasable","13":"product-type-simple"},"acf":[],"aioseo_notices":[],"jetpack_sharing_enabled":true,"brands":[],"_links":{"self":[{"href":"https:\/\/westbalt.ee\/index.php?rest_route=\/wp\/v2\/product\/10238","targetHints":{"allow":["GET"]}}],"collection":[{"href":"https:\/\/westbalt.ee\/index.php?rest_route=\/wp\/v2\/product"}],"about":[{"href":"https:\/\/westbalt.ee\/index.php?rest_route=\/wp\/v2\/types\/product"}],"replies":[{"embeddable":true,"href":"https:\/\/westbalt.ee\/index.php?rest_route=%2Fwp%2Fv2%2Fcomments&post=10238"}],"wp:featuredmedia":[{"embeddable":true,"href":"https:\/\/westbalt.ee\/index.php?rest_route=\/wp\/v2\/media\/26670"}],"wp:attachment":[{"href":"https:\/\/westbalt.ee\/index.php?rest_route=%2Fwp%2Fv2%2Fmedia&parent=10238"}],"wp:term":[{"taxonomy":"pwb-brand","embeddable":true,"href":"https:\/\/westbalt.ee\/index.php?rest_route=%2Fwp%2Fv2%2Fpwb-brand&post=10238"},{"taxonomy":"product_brand","embeddable":true,"href":"https:\/\/westbalt.ee\/index.php?rest_route=%2Fwp%2Fv2%2Fproduct_brand&post=10238"},{"taxonomy":"product_cat","embeddable":true,"href":"https:\/\/westbalt.ee\/index.php?rest_route=%2Fwp%2Fv2%2Fproduct_cat&post=10238"},{"taxonomy":"product_tag","embeddable":true,"href":"https:\/\/westbalt.ee\/index.php?rest_route=%2Fwp%2Fv2%2Fproduct_tag&post=10238"}],"curies":[{"name":"wp","href":"https:\/\/api.w.org\/{rel}","templated":true}]}}