{"id":10908,"date":"2012-10-06T05:14:12","date_gmt":"2012-10-06T02:14:12","guid":{"rendered":"https:\/\/westbalt.ee\/?post_type=product&#038;p=10908"},"modified":"2026-03-21T19:52:36","modified_gmt":"2026-03-21T16:52:36","slug":"prf-301-220-silikoon-li-220ml","status":"publish","type":"product","link":"https:\/\/westbalt.ee\/?product=prf-301-220-silikoon-li-220ml","title":{"rendered":"PRF 301\/220 Silikoon\u00f5li 220ml"},"content":{"rendered":"<p>&#8211;<\/p>\n","protected":false},"excerpt":{"rendered":"<p>V\u00e4rvitu puhastus- ja kaitsevahend, mis peab vastu temperatuuridel -40\u00b0C kuni +315\u00b0C.<br \/>\nRakendused: raadio\/TV, kontori masinad, m\u00f6\u00f6bel, nahk, plastik ja puit.<br \/>\nPuhastab ja kaitseb autos olevaid kummi- ja plastiktihendeid ning v\u00e4ldib nende k\u00fclmumist ja habratumist. Kasutatakse autos olevate paneelide, ukse\u00e4\u00e4rte ja muude plastikpindade puhastamiseks.<br \/>\nGr. 220 ml \/ Net 165 ml<\/p>\n","protected":false},"featured_media":10909,"comment_status":"open","ping_status":"open","template":"","meta":{"_acf_changed":false,"_monsterinsights_skip_tracking":false,"_monsterinsights_sitenote_active":false,"_monsterinsights_sitenote_note":"","_monsterinsights_sitenote_category":0},"pwb-brand":[],"product_brand":[],"product_cat":[350],"product_tag":[],"class_list":{"0":"post-10908","1":"product","2":"type-product","3":"status-publish","4":"has-post-thumbnail","6":"product_cat-maardeained-kaitsvad-ained","8":"first","9":"instock","10":"taxable","11":"shipping-taxable","12":"purchasable","13":"product-type-simple"},"acf":[],"aioseo_notices":[],"jetpack_sharing_enabled":true,"brands":[],"_links":{"self":[{"href":"https:\/\/westbalt.ee\/index.php?rest_route=\/wp\/v2\/product\/10908","targetHints":{"allow":["GET"]}}],"collection":[{"href":"https:\/\/westbalt.ee\/index.php?rest_route=\/wp\/v2\/product"}],"about":[{"href":"https:\/\/westbalt.ee\/index.php?rest_route=\/wp\/v2\/types\/product"}],"replies":[{"embeddable":true,"href":"https:\/\/westbalt.ee\/index.php?rest_route=%2Fwp%2Fv2%2Fcomments&post=10908"}],"wp:featuredmedia":[{"embeddable":true,"href":"https:\/\/westbalt.ee\/index.php?rest_route=\/wp\/v2\/media\/10909"}],"wp:attachment":[{"href":"https:\/\/westbalt.ee\/index.php?rest_route=%2Fwp%2Fv2%2Fmedia&parent=10908"}],"wp:term":[{"taxonomy":"pwb-brand","embeddable":true,"href":"https:\/\/westbalt.ee\/index.php?rest_route=%2Fwp%2Fv2%2Fpwb-brand&post=10908"},{"taxonomy":"product_brand","embeddable":true,"href":"https:\/\/westbalt.ee\/index.php?rest_route=%2Fwp%2Fv2%2Fproduct_brand&post=10908"},{"taxonomy":"product_cat","embeddable":true,"href":"https:\/\/westbalt.ee\/index.php?rest_route=%2Fwp%2Fv2%2Fproduct_cat&post=10908"},{"taxonomy":"product_tag","embeddable":true,"href":"https:\/\/westbalt.ee\/index.php?rest_route=%2Fwp%2Fv2%2Fproduct_tag&post=10908"}],"curies":[{"name":"wp","href":"https:\/\/api.w.org\/{rel}","templated":true}]}}