{"id":11126,"date":"2012-10-06T06:37:39","date_gmt":"2012-10-06T03:37:39","guid":{"rendered":"https:\/\/westbalt.ee\/?post_type=product&#038;p=11126"},"modified":"2026-03-21T19:44:49","modified_gmt":"2026-03-21T16:44:49","slug":"multimeter-my64","status":"publish","type":"product","link":"https:\/\/westbalt.ee\/?product=multimeter-my64","title":{"rendered":"Multimeeter M2092 EMOS"},"content":{"rendered":"","protected":false},"excerpt":{"rendered":"<p>Vahelduvvool\t2 mA &#8211; 10 A<br \/>\nVahelduvpinge\t2\u2013600 V<br \/>\nAlalisvool\t2 mA &#8211; 10 A<br \/>\nAlalisvoolu pinge\t200 mV &#8211; 600 V<br \/>\nTakistus\t200 Ohm &#8211; 20 MOhm<br \/>\nDioodi test, t\u00fchja patarei indikaator, max v\u00e4\u00e4rtuse hoidmine, transistori test<br \/>\nKomplektis\tpatarei 1 \u00d7 9 V, kasutusjuhend, m\u00f5\u00f5tmisn\u00f5uanded<\/p>\n","protected":false},"featured_media":24742,"comment_status":"open","ping_status":"closed","template":"","meta":{"_acf_changed":false,"_monsterinsights_skip_tracking":false,"_monsterinsights_sitenote_active":false,"_monsterinsights_sitenote_note":"","_monsterinsights_sitenote_category":0},"pwb-brand":[2437],"product_brand":[],"product_cat":[302],"product_tag":[],"class_list":{"0":"post-11126","1":"product","2":"type-product","3":"status-publish","4":"has-post-thumbnail","6":"pwb-brand-emos","7":"product_cat-multimeetrid","9":"first","10":"outofstock","11":"taxable","12":"shipping-taxable","13":"purchasable","14":"product-type-simple"},"acf":[],"aioseo_notices":[],"jetpack_sharing_enabled":true,"brands":[{"id":2437,"name":"EMOS","slug":"emos"}],"_links":{"self":[{"href":"https:\/\/westbalt.ee\/index.php?rest_route=\/wp\/v2\/product\/11126","targetHints":{"allow":["GET"]}}],"collection":[{"href":"https:\/\/westbalt.ee\/index.php?rest_route=\/wp\/v2\/product"}],"about":[{"href":"https:\/\/westbalt.ee\/index.php?rest_route=\/wp\/v2\/types\/product"}],"replies":[{"embeddable":true,"href":"https:\/\/westbalt.ee\/index.php?rest_route=%2Fwp%2Fv2%2Fcomments&post=11126"}],"wp:featuredmedia":[{"embeddable":true,"href":"https:\/\/westbalt.ee\/index.php?rest_route=\/wp\/v2\/media\/24742"}],"wp:attachment":[{"href":"https:\/\/westbalt.ee\/index.php?rest_route=%2Fwp%2Fv2%2Fmedia&parent=11126"}],"wp:term":[{"taxonomy":"pwb-brand","embeddable":true,"href":"https:\/\/westbalt.ee\/index.php?rest_route=%2Fwp%2Fv2%2Fpwb-brand&post=11126"},{"taxonomy":"product_brand","embeddable":true,"href":"https:\/\/westbalt.ee\/index.php?rest_route=%2Fwp%2Fv2%2Fproduct_brand&post=11126"},{"taxonomy":"product_cat","embeddable":true,"href":"https:\/\/westbalt.ee\/index.php?rest_route=%2Fwp%2Fv2%2Fproduct_cat&post=11126"},{"taxonomy":"product_tag","embeddable":true,"href":"https:\/\/westbalt.ee\/index.php?rest_route=%2Fwp%2Fv2%2Fproduct_tag&post=11126"}],"curies":[{"name":"wp","href":"https:\/\/api.w.org\/{rel}","templated":true}]}}