{"id":11236,"date":"2012-10-06T07:13:52","date_gmt":"2012-10-06T04:13:52","guid":{"rendered":"https:\/\/westbalt.ee\/?post_type=product&#038;p=11236"},"modified":"2026-03-21T19:48:35","modified_gmt":"2026-03-21T16:48:35","slug":"multimeter-meterman-dm73b","status":"publish","type":"product","link":"https:\/\/westbalt.ee\/?product=multimeter-meterman-dm73b","title":{"rendered":"Multifunktsionaalne tester komponentide automaatseks tuvastamiseks"},"content":{"rendered":"<p>\u2022 M\u00f5\u00f5detavad komponendid: Takisti, kondensaator, induktiivpool, t\u00fcristor, s\u00fcmistor, diood, Z-diood, MOSFET-transistor, bipolaartransistor-<br \/>\n\u2022 Infrapuna dekooder, toetatud IR-protokoll NEC (kasutavad paljud tootjad)<br \/>\n\u2022 Ekraani t\u00fc\u00fcp 1,8&#8243; TFT LCD (160 x 128 p)<br \/>\n\u2022 Automaatne kalibreerimine, \u00fche klahvi kasutamine<br \/>\n\u2022 Sisseehitatud aku: taaslaetav liitiumioon, 3,7 V, 350 mAh<br \/>\n\u2022 Tarnekomplekt: Tester, USB-kaabel, haarats, LED, kondensaator<\/p>\n","protected":false},"excerpt":{"rendered":"<p>M\u00d5\u00d5TMISPIIRKONNAD<br \/>\nMahtuvus 25 pF &#8211; 100 mF<br \/>\nTakistus 0,01 \u03a9 &#8211; 50 M\u03a9<br \/>\nInduktiivsus 0,01 mH &#8211; 20 H<br \/>\nAku 0,1 V &#8211; 4,5 V, 300 mAh<br \/>\nZ-dioodi l\u00e4bil\u00f6\u00f6gipinge 0,01 V &#8211; 30 V<br \/>\nZ-diood 0,01 V &#8211; 4,5 V<br \/>\nDiood UF < 4,5 V\nT\u00fcristor \/ Triac IGT < 6 mA\n<\/p>\n","protected":false},"featured_media":26965,"comment_status":"open","ping_status":"closed","template":"","meta":{"_acf_changed":false,"_monsterinsights_skip_tracking":false,"_monsterinsights_sitenote_active":false,"_monsterinsights_sitenote_note":"","_monsterinsights_sitenote_category":0},"pwb-brand":[],"product_brand":[],"product_cat":[302],"product_tag":[],"class_list":{"0":"post-11236","1":"product","2":"type-product","3":"status-publish","4":"has-post-thumbnail","6":"product_cat-multimeetrid","8":"first","9":"instock","10":"taxable","11":"shipping-taxable","12":"purchasable","13":"product-type-simple"},"acf":[],"aioseo_notices":[],"jetpack_sharing_enabled":true,"brands":[],"_links":{"self":[{"href":"https:\/\/westbalt.ee\/index.php?rest_route=\/wp\/v2\/product\/11236","targetHints":{"allow":["GET"]}}],"collection":[{"href":"https:\/\/westbalt.ee\/index.php?rest_route=\/wp\/v2\/product"}],"about":[{"href":"https:\/\/westbalt.ee\/index.php?rest_route=\/wp\/v2\/types\/product"}],"replies":[{"embeddable":true,"href":"https:\/\/westbalt.ee\/index.php?rest_route=%2Fwp%2Fv2%2Fcomments&post=11236"}],"wp:featuredmedia":[{"embeddable":true,"href":"https:\/\/westbalt.ee\/index.php?rest_route=\/wp\/v2\/media\/26965"}],"wp:attachment":[{"href":"https:\/\/westbalt.ee\/index.php?rest_route=%2Fwp%2Fv2%2Fmedia&parent=11236"}],"wp:term":[{"taxonomy":"pwb-brand","embeddable":true,"href":"https:\/\/westbalt.ee\/index.php?rest_route=%2Fwp%2Fv2%2Fpwb-brand&post=11236"},{"taxonomy":"product_brand","embeddable":true,"href":"https:\/\/westbalt.ee\/index.php?rest_route=%2Fwp%2Fv2%2Fproduct_brand&post=11236"},{"taxonomy":"product_cat","embeddable":true,"href":"https:\/\/westbalt.ee\/index.php?rest_route=%2Fwp%2Fv2%2Fproduct_cat&post=11236"},{"taxonomy":"product_tag","embeddable":true,"href":"https:\/\/westbalt.ee\/index.php?rest_route=%2Fwp%2Fv2%2Fproduct_tag&post=11236"}],"curies":[{"name":"wp","href":"https:\/\/api.w.org\/{rel}","templated":true}]}}