{"id":11275,"date":"2012-10-06T07:28:27","date_gmt":"2012-10-06T04:28:27","guid":{"rendered":"https:\/\/westbalt.ee\/?post_type=product&#038;p=11275"},"modified":"2026-03-21T19:51:35","modified_gmt":"2026-03-21T16:51:35","slug":"suitsuandur","status":"publish","type":"product","link":"https:\/\/westbalt.ee\/?product=suitsuandur","title":{"rendered":"Suitsuandur EMOS GS536"},"content":{"rendered":"","protected":false},"excerpt":{"rendered":"<p>Fotoelektriline suitsuandur, 10-aastane kasutusiga.<br \/>\nLED m\u00e4rktuli<br \/>\nPatarei vahetamise vajadusest annab seade m\u00e4rku vaiksete piiksudega.<br \/>\nSuitsuanduri t\u00f6\u00f6v\u00f5imet v\u00f5imalik kontrollida, vajutades nupule.<br \/>\nHeli alarm 85 dBA \u00a03 m kauguselt<br \/>\nToide: 9V patarei (kaasas)<\/p>\n","protected":false},"featured_media":25002,"comment_status":"open","ping_status":"closed","template":"","meta":{"_acf_changed":false,"_monsterinsights_skip_tracking":false,"_monsterinsights_sitenote_active":false,"_monsterinsights_sitenote_note":"","_monsterinsights_sitenote_category":0},"pwb-brand":[2437],"product_brand":[],"product_cat":[325],"product_tag":[],"class_list":{"0":"post-11275","1":"product","2":"type-product","3":"status-publish","4":"has-post-thumbnail","6":"pwb-brand-emos","7":"product_cat-valveseadmed-2","9":"first","10":"instock","11":"taxable","12":"shipping-taxable","13":"purchasable","14":"product-type-simple"},"acf":[],"aioseo_notices":[],"jetpack_sharing_enabled":true,"brands":[{"id":2437,"name":"EMOS","slug":"emos"}],"_links":{"self":[{"href":"https:\/\/westbalt.ee\/index.php?rest_route=\/wp\/v2\/product\/11275","targetHints":{"allow":["GET"]}}],"collection":[{"href":"https:\/\/westbalt.ee\/index.php?rest_route=\/wp\/v2\/product"}],"about":[{"href":"https:\/\/westbalt.ee\/index.php?rest_route=\/wp\/v2\/types\/product"}],"replies":[{"embeddable":true,"href":"https:\/\/westbalt.ee\/index.php?rest_route=%2Fwp%2Fv2%2Fcomments&post=11275"}],"wp:featuredmedia":[{"embeddable":true,"href":"https:\/\/westbalt.ee\/index.php?rest_route=\/wp\/v2\/media\/25002"}],"wp:attachment":[{"href":"https:\/\/westbalt.ee\/index.php?rest_route=%2Fwp%2Fv2%2Fmedia&parent=11275"}],"wp:term":[{"taxonomy":"pwb-brand","embeddable":true,"href":"https:\/\/westbalt.ee\/index.php?rest_route=%2Fwp%2Fv2%2Fpwb-brand&post=11275"},{"taxonomy":"product_brand","embeddable":true,"href":"https:\/\/westbalt.ee\/index.php?rest_route=%2Fwp%2Fv2%2Fproduct_brand&post=11275"},{"taxonomy":"product_cat","embeddable":true,"href":"https:\/\/westbalt.ee\/index.php?rest_route=%2Fwp%2Fv2%2Fproduct_cat&post=11275"},{"taxonomy":"product_tag","embeddable":true,"href":"https:\/\/westbalt.ee\/index.php?rest_route=%2Fwp%2Fv2%2Fproduct_tag&post=11275"}],"curies":[{"name":"wp","href":"https:\/\/api.w.org\/{rel}","templated":true}]}}