{"id":11610,"date":"2012-10-06T09:27:01","date_gmt":"2012-10-06T06:27:01","guid":{"rendered":"https:\/\/westbalt.ee\/?post_type=product&#038;p=11610"},"modified":"2026-03-21T19:45:46","modified_gmt":"2026-03-21T16:45:46","slug":"kaugjuhitavad-lulitid-3-vastuv-tjat-wrs4","status":"publish","type":"product","link":"https:\/\/westbalt.ee\/?product=kaugjuhitavad-lulitid-3-vastuv-tjat-wrs4","title":{"rendered":"Kaugjuhitavad l\u00fclitid &#8211; 3 vastuv\u00f5tjat"},"content":{"rendered":"<p>&#8211;<\/p>\n","protected":false},"excerpt":{"rendered":"<p>erinevat t\u00fc\u00fcpi tarbijate l\u00fclitamiseks<br \/>\nsaatja t\u00f6\u00f6tab koos 3 vastuv\u00f5tjaga (komplektis.)<br \/>\nstabiilne ja h\u00e4irekindel t\u00f6\u00f6<br \/>\npeale toite kadumist j\u00e4\u00e4b seade v\u00e4ljal\u00fclitatud olekusse<br \/>\nei vaja eraldi paigaldamist, \u00fchendatakse vooluv\u00f5rgu stepslisse<br \/>\nmaks.. 1000W \/ 4.35A, 230VAC\/50Hz<br \/>\nsaatja toide: 1\u00d7 3 V CR2032 patarei (komplektis.)<br \/>\nulatus: max. \u00b1 25m<br \/>\n\u00fclekandesagedus: 433.92MHz<\/p>\n","protected":false},"featured_media":27698,"comment_status":"open","ping_status":"closed","template":"","meta":{"_acf_changed":false,"_monsterinsights_skip_tracking":false,"_monsterinsights_sitenote_active":false,"_monsterinsights_sitenote_note":"","_monsterinsights_sitenote_category":0},"pwb-brand":[2437],"product_brand":[],"product_cat":[334],"product_tag":[],"class_list":{"0":"post-11610","1":"product","2":"type-product","3":"status-publish","4":"has-post-thumbnail","6":"pwb-brand-emos","7":"product_cat-muud-seadmed","9":"first","10":"instock","11":"taxable","12":"shipping-taxable","13":"purchasable","14":"product-type-simple"},"acf":[],"aioseo_notices":[],"jetpack_sharing_enabled":true,"brands":[{"id":2437,"name":"EMOS","slug":"emos"}],"_links":{"self":[{"href":"https:\/\/westbalt.ee\/index.php?rest_route=\/wp\/v2\/product\/11610","targetHints":{"allow":["GET"]}}],"collection":[{"href":"https:\/\/westbalt.ee\/index.php?rest_route=\/wp\/v2\/product"}],"about":[{"href":"https:\/\/westbalt.ee\/index.php?rest_route=\/wp\/v2\/types\/product"}],"replies":[{"embeddable":true,"href":"https:\/\/westbalt.ee\/index.php?rest_route=%2Fwp%2Fv2%2Fcomments&post=11610"}],"wp:featuredmedia":[{"embeddable":true,"href":"https:\/\/westbalt.ee\/index.php?rest_route=\/wp\/v2\/media\/27698"}],"wp:attachment":[{"href":"https:\/\/westbalt.ee\/index.php?rest_route=%2Fwp%2Fv2%2Fmedia&parent=11610"}],"wp:term":[{"taxonomy":"pwb-brand","embeddable":true,"href":"https:\/\/westbalt.ee\/index.php?rest_route=%2Fwp%2Fv2%2Fpwb-brand&post=11610"},{"taxonomy":"product_brand","embeddable":true,"href":"https:\/\/westbalt.ee\/index.php?rest_route=%2Fwp%2Fv2%2Fproduct_brand&post=11610"},{"taxonomy":"product_cat","embeddable":true,"href":"https:\/\/westbalt.ee\/index.php?rest_route=%2Fwp%2Fv2%2Fproduct_cat&post=11610"},{"taxonomy":"product_tag","embeddable":true,"href":"https:\/\/westbalt.ee\/index.php?rest_route=%2Fwp%2Fv2%2Fproduct_tag&post=11610"}],"curies":[{"name":"wp","href":"https:\/\/api.w.org\/{rel}","templated":true}]}}