{"id":11705,"date":"2012-10-06T10:00:52","date_gmt":"2012-10-06T07:00:52","guid":{"rendered":"https:\/\/westbalt.ee\/?post_type=product&#038;p=11705"},"modified":"2026-03-21T19:48:32","modified_gmt":"2026-03-21T16:48:32","slug":"soldering-iron-weller-20w","status":"publish","type":"product","link":"https:\/\/westbalt.ee\/?product=soldering-iron-weller-20w","title":{"rendered":"Jootekolb WELLER  30W 230V LED valgustusega"},"content":{"rendered":"<p>\u2022 Otsa kuju: kooniline 0,8 mm WLTC08IR30<br \/>\n\u2022 Temperatuurivahemik \t400\u00b0C<br \/>\n\u2022 Pinge\t230V<\/p>\n","protected":false},"excerpt":{"rendered":"<p>360-kraadise valgustuse, ergonoomilise vormitud pliiatsik\u00e4epideme, h\u00f5lpsasti vahetatavate otste ja integreeritud turvatoega on see t\u00e4iuslik kvaliteetne ja mitmek\u00fclgne jootekolb k\u00f5igi jootevajaduste jaoks.<\/p>\n","protected":false},"featured_media":29206,"comment_status":"open","ping_status":"closed","template":"","meta":{"_acf_changed":false,"_monsterinsights_skip_tracking":false,"_monsterinsights_sitenote_active":false,"_monsterinsights_sitenote_note":"","_monsterinsights_sitenote_category":0},"pwb-brand":[],"product_brand":[],"product_cat":[308],"product_tag":[],"class_list":{"0":"post-11705","1":"product","2":"type-product","3":"status-publish","4":"has-post-thumbnail","6":"product_cat-jootetarvikud","8":"first","9":"instock","10":"taxable","11":"shipping-taxable","12":"purchasable","13":"product-type-simple"},"acf":[],"aioseo_notices":[],"jetpack_sharing_enabled":true,"brands":[],"_links":{"self":[{"href":"https:\/\/westbalt.ee\/index.php?rest_route=\/wp\/v2\/product\/11705","targetHints":{"allow":["GET"]}}],"collection":[{"href":"https:\/\/westbalt.ee\/index.php?rest_route=\/wp\/v2\/product"}],"about":[{"href":"https:\/\/westbalt.ee\/index.php?rest_route=\/wp\/v2\/types\/product"}],"replies":[{"embeddable":true,"href":"https:\/\/westbalt.ee\/index.php?rest_route=%2Fwp%2Fv2%2Fcomments&post=11705"}],"wp:featuredmedia":[{"embeddable":true,"href":"https:\/\/westbalt.ee\/index.php?rest_route=\/wp\/v2\/media\/29206"}],"wp:attachment":[{"href":"https:\/\/westbalt.ee\/index.php?rest_route=%2Fwp%2Fv2%2Fmedia&parent=11705"}],"wp:term":[{"taxonomy":"pwb-brand","embeddable":true,"href":"https:\/\/westbalt.ee\/index.php?rest_route=%2Fwp%2Fv2%2Fpwb-brand&post=11705"},{"taxonomy":"product_brand","embeddable":true,"href":"https:\/\/westbalt.ee\/index.php?rest_route=%2Fwp%2Fv2%2Fproduct_brand&post=11705"},{"taxonomy":"product_cat","embeddable":true,"href":"https:\/\/westbalt.ee\/index.php?rest_route=%2Fwp%2Fv2%2Fproduct_cat&post=11705"},{"taxonomy":"product_tag","embeddable":true,"href":"https:\/\/westbalt.ee\/index.php?rest_route=%2Fwp%2Fv2%2Fproduct_tag&post=11705"}],"curies":[{"name":"wp","href":"https:\/\/api.w.org\/{rel}","templated":true}]}}