{"id":11953,"date":"2012-10-06T11:26:38","date_gmt":"2012-10-06T08:26:38","guid":{"rendered":"https:\/\/westbalt.ee\/?post_type=product&#038;p=11953"},"modified":"2026-03-21T19:50:05","modified_gmt":"2026-03-21T16:50:05","slug":"muundur-12v-220v-600w-psi600s-auto-restart","status":"publish","type":"product","link":"https:\/\/westbalt.ee\/?product=muundur-12v-220v-600w-psi600s-auto-restart","title":{"rendered":"Muundur 12V\/220V 600W 50Hz Intelligent"},"content":{"rendered":"<li>resistiivne koormus v\u00f5ib nominaali \u00fcletada kuni  200%  (0.5s)<\/li>\n<li>l\u00fchisekaitse; t\u00fchja patarei alarm+v\u00e4ljal\u00fclitus<\/li>\n<li>sisendpinge: 12VDC (10-15VDC)<\/li>\n<li>t\u00fchijooksu voolutarve: < 300mA<\/li>\n<li>v\u00f5imsus: 600W<\/li>\n<li>v\u00e4ljundpinge: 230VAC \/ 50Hz<\/li>\n","protected":false},"excerpt":{"rendered":"<p>Modifitseeritud siinusinverter \/  toitepinge muundur autosse!<br \/>\nV\u00e4ljundis \u00fclekoormuskaitse, muundur taask\u00e4ivitub automaatselt.<\/p>\n","protected":false},"featured_media":27834,"comment_status":"open","ping_status":"closed","template":"","meta":{"_acf_changed":false,"_monsterinsights_skip_tracking":false,"_monsterinsights_sitenote_active":false,"_monsterinsights_sitenote_note":"","_monsterinsights_sitenote_category":0},"pwb-brand":[],"product_brand":[],"product_cat":[319,343],"product_tag":[],"class_list":{"0":"post-11953","1":"product","2":"type-product","3":"status-publish","4":"has-post-thumbnail","6":"product_cat-toiteadapterid","7":"product_cat-eripakkumised","9":"first","10":"outofstock","11":"taxable","12":"shipping-taxable","13":"purchasable","14":"product-type-simple"},"acf":[],"aioseo_notices":[],"jetpack_sharing_enabled":true,"brands":[],"_links":{"self":[{"href":"https:\/\/westbalt.ee\/index.php?rest_route=\/wp\/v2\/product\/11953","targetHints":{"allow":["GET"]}}],"collection":[{"href":"https:\/\/westbalt.ee\/index.php?rest_route=\/wp\/v2\/product"}],"about":[{"href":"https:\/\/westbalt.ee\/index.php?rest_route=\/wp\/v2\/types\/product"}],"replies":[{"embeddable":true,"href":"https:\/\/westbalt.ee\/index.php?rest_route=%2Fwp%2Fv2%2Fcomments&post=11953"}],"wp:featuredmedia":[{"embeddable":true,"href":"https:\/\/westbalt.ee\/index.php?rest_route=\/wp\/v2\/media\/27834"}],"wp:attachment":[{"href":"https:\/\/westbalt.ee\/index.php?rest_route=%2Fwp%2Fv2%2Fmedia&parent=11953"}],"wp:term":[{"taxonomy":"pwb-brand","embeddable":true,"href":"https:\/\/westbalt.ee\/index.php?rest_route=%2Fwp%2Fv2%2Fpwb-brand&post=11953"},{"taxonomy":"product_brand","embeddable":true,"href":"https:\/\/westbalt.ee\/index.php?rest_route=%2Fwp%2Fv2%2Fproduct_brand&post=11953"},{"taxonomy":"product_cat","embeddable":true,"href":"https:\/\/westbalt.ee\/index.php?rest_route=%2Fwp%2Fv2%2Fproduct_cat&post=11953"},{"taxonomy":"product_tag","embeddable":true,"href":"https:\/\/westbalt.ee\/index.php?rest_route=%2Fwp%2Fv2%2Fproduct_tag&post=11953"}],"curies":[{"name":"wp","href":"https:\/\/api.w.org\/{rel}","templated":true}]}}