{"id":11975,"date":"2012-10-06T11:33:38","date_gmt":"2012-10-06T08:33:38","guid":{"rendered":"https:\/\/westbalt.ee\/?post_type=product&#038;p=11975"},"modified":"2026-03-21T19:52:38","modified_gmt":"2026-03-21T16:52:38","slug":"adapter-12v-1-4a-out-5-5-2-5mm","status":"publish","type":"product","link":"https:\/\/westbalt.ee\/?product=adapter-12v-1-4a-out-5-5-2-5mm","title":{"rendered":"Adapter 12V\/1,5A pistik 5.5\/2.1mm"},"content":{"rendered":"","protected":false},"excerpt":{"rendered":"<p>Maksimaalne v\u00e4ljundvool\t1.5A<br \/>\nV\u00f5imsus\t18W<br \/>\nV\u00e4ljundi pistiku t\u00fc\u00fcp\t5,5\/2,1 (positiivne sisemine tihvt)<br \/>\nKaitse:\t\u00fclekoormus, \u00fclepinge, kaitse l\u00fchise eest<br \/>\nV\u00e4ljundkaabli pikkus\t1,5 m<br \/>\nToitepinge\t90 &#8230; 264V vahelduvvool<br \/>\nV\u00e4ljundpinge\t12V alalisvool<br \/>\nT\u00f6\u00f6temperatuur\t0 &#8230; 40 \u00b0 C<\/p>\n","protected":false},"featured_media":24888,"comment_status":"open","ping_status":"closed","template":"","meta":{"_acf_changed":false,"_monsterinsights_skip_tracking":false,"_monsterinsights_sitenote_active":false,"_monsterinsights_sitenote_note":"","_monsterinsights_sitenote_category":0},"pwb-brand":[],"product_brand":[],"product_cat":[319],"product_tag":[],"class_list":{"0":"post-11975","1":"product","2":"type-product","3":"status-publish","4":"has-post-thumbnail","6":"product_cat-toiteadapterid","8":"first","9":"instock","10":"taxable","11":"shipping-taxable","12":"purchasable","13":"product-type-simple"},"acf":[],"aioseo_notices":[],"jetpack_sharing_enabled":true,"brands":[],"_links":{"self":[{"href":"https:\/\/westbalt.ee\/index.php?rest_route=\/wp\/v2\/product\/11975","targetHints":{"allow":["GET"]}}],"collection":[{"href":"https:\/\/westbalt.ee\/index.php?rest_route=\/wp\/v2\/product"}],"about":[{"href":"https:\/\/westbalt.ee\/index.php?rest_route=\/wp\/v2\/types\/product"}],"replies":[{"embeddable":true,"href":"https:\/\/westbalt.ee\/index.php?rest_route=%2Fwp%2Fv2%2Fcomments&post=11975"}],"wp:featuredmedia":[{"embeddable":true,"href":"https:\/\/westbalt.ee\/index.php?rest_route=\/wp\/v2\/media\/24888"}],"wp:attachment":[{"href":"https:\/\/westbalt.ee\/index.php?rest_route=%2Fwp%2Fv2%2Fmedia&parent=11975"}],"wp:term":[{"taxonomy":"pwb-brand","embeddable":true,"href":"https:\/\/westbalt.ee\/index.php?rest_route=%2Fwp%2Fv2%2Fpwb-brand&post=11975"},{"taxonomy":"product_brand","embeddable":true,"href":"https:\/\/westbalt.ee\/index.php?rest_route=%2Fwp%2Fv2%2Fproduct_brand&post=11975"},{"taxonomy":"product_cat","embeddable":true,"href":"https:\/\/westbalt.ee\/index.php?rest_route=%2Fwp%2Fv2%2Fproduct_cat&post=11975"},{"taxonomy":"product_tag","embeddable":true,"href":"https:\/\/westbalt.ee\/index.php?rest_route=%2Fwp%2Fv2%2Fproduct_tag&post=11975"}],"curies":[{"name":"wp","href":"https:\/\/api.w.org\/{rel}","templated":true}]}}