{"id":11987,"date":"2012-10-06T11:37:08","date_gmt":"2012-10-06T08:37:08","guid":{"rendered":"https:\/\/westbalt.ee\/?post_type=product&#038;p=11987"},"modified":"2026-03-21T19:51:22","modified_gmt":"2026-03-21T16:51:22","slug":"electric-drill-set-vthd05-162pcs","status":"publish","type":"product","link":"https:\/\/westbalt.ee\/?product=electric-drill-set-vthd05-162pcs","title":{"rendered":"Minitrelli komplekt graveerijale (160 tarvikut) VTHD05"},"content":{"rendered":"<p>tarvikud:<\/p>\n<ul>\n<li style=\"list-style-type: none;\">\n<ul>\n<li>painduv v\u00f5ll: t\u00e4pseks t\u00f6\u00f6ks v\u00f5i raskesti ligip\u00e4\u00e4setavatele objektidele<\/li>\n<li>collet nut: 1 tk<\/li>\n<li>collets: 4 tk<\/li>\n<li>teemantotsikud: 10 tk<\/li>\n<li>fiiberklaas-l\u00f5ikurid: 5 tk<\/li>\n<li>ketasl\u00f5ikurid: 62 tk<\/li>\n<li>kummist poleerimiskettad: 1 tk<\/li>\n<li>liivapaber-trumlid: 2 tk<\/li>\n<li>liivapaberid: 22 tk<\/li>\n<li>liivapaber-rullid: 1 pc<\/li>\n<li>k\u00e4iad: 12 tk<\/li>\n<li>terasharjad: 9 tk<\/li>\n<li>poleerimisrullid: 7 tk<\/li>\n<li>silikoon-k\u00e4iad: 1 tk<\/li>\n<li>lihvimiskettad: 10 tk<\/li>\n<li>freesid: 4 tk<\/li>\n<li>poleerimistarvikud: 2 tk<\/li>\n<li>puurid: 6 tk(2 x 1.5mm, 2 x 2.3mm, 2 x 3.1mm)<\/li>\n<li>t\u00f6\u00f6riist: 1 tk<\/li>\n<\/ul>\n<\/li>\n<\/ul>\n","protected":false},"excerpt":{"rendered":"<p>\u2022 toide: 110-230VAC \/ 50-60Hz<br \/>\n\u2022 v\u00f5imsus: 135W<br \/>\n\u2022 kiirus: 10000-32000 RPM<\/p>\n","protected":false},"featured_media":26437,"comment_status":"open","ping_status":"closed","template":"","meta":{"_acf_changed":false,"_monsterinsights_skip_tracking":false,"_monsterinsights_sitenote_active":false,"_monsterinsights_sitenote_note":"","_monsterinsights_sitenote_category":0},"pwb-brand":[2410],"product_brand":[],"product_cat":[307],"product_tag":[],"class_list":{"0":"post-11987","1":"product","2":"type-product","3":"status-publish","4":"has-post-thumbnail","6":"pwb-brand-velleman","7":"product_cat-electrooniku-tooriistad","9":"first","10":"onbackorder","11":"taxable","12":"shipping-taxable","13":"purchasable","14":"product-type-simple"},"acf":[],"aioseo_notices":[],"jetpack_sharing_enabled":true,"brands":[{"id":2410,"name":"VELLEMAN","slug":"velleman"}],"_links":{"self":[{"href":"https:\/\/westbalt.ee\/index.php?rest_route=\/wp\/v2\/product\/11987","targetHints":{"allow":["GET"]}}],"collection":[{"href":"https:\/\/westbalt.ee\/index.php?rest_route=\/wp\/v2\/product"}],"about":[{"href":"https:\/\/westbalt.ee\/index.php?rest_route=\/wp\/v2\/types\/product"}],"replies":[{"embeddable":true,"href":"https:\/\/westbalt.ee\/index.php?rest_route=%2Fwp%2Fv2%2Fcomments&post=11987"}],"wp:featuredmedia":[{"embeddable":true,"href":"https:\/\/westbalt.ee\/index.php?rest_route=\/wp\/v2\/media\/26437"}],"wp:attachment":[{"href":"https:\/\/westbalt.ee\/index.php?rest_route=%2Fwp%2Fv2%2Fmedia&parent=11987"}],"wp:term":[{"taxonomy":"pwb-brand","embeddable":true,"href":"https:\/\/westbalt.ee\/index.php?rest_route=%2Fwp%2Fv2%2Fpwb-brand&post=11987"},{"taxonomy":"product_brand","embeddable":true,"href":"https:\/\/westbalt.ee\/index.php?rest_route=%2Fwp%2Fv2%2Fproduct_brand&post=11987"},{"taxonomy":"product_cat","embeddable":true,"href":"https:\/\/westbalt.ee\/index.php?rest_route=%2Fwp%2Fv2%2Fproduct_cat&post=11987"},{"taxonomy":"product_tag","embeddable":true,"href":"https:\/\/westbalt.ee\/index.php?rest_route=%2Fwp%2Fv2%2Fproduct_tag&post=11987"}],"curies":[{"name":"wp","href":"https:\/\/api.w.org\/{rel}","templated":true}]}}