{"id":12680,"date":"2012-10-06T14:57:23","date_gmt":"2012-10-06T11:57:23","guid":{"rendered":"https:\/\/westbalt.ee\/?post_type=product&#038;p=12680"},"modified":"2026-03-21T19:49:54","modified_gmt":"2026-03-21T16:49:54","slug":"mini-pic-plc-rakendusmoodul-vm142","status":"publish","type":"product","link":"https:\/\/westbalt.ee\/?product=mini-pic-plc-rakendusmoodul-vm142","title":{"rendered":"MINI PIC-PLC rakendusmoodul VM142"},"content":{"rendered":"<li>9 vabalt programmeeritavat I\/O (4 sisendit -, 5 v\u00e4ljundit)<\/li>\n<li>PIC16F630 kontroller  Microchip\u00ae  tr\u00fckkplaadil<\/li>\n<li>releev\u00e4ljundi ja toite LED-indikaator<\/li>\n<li>1 vabalt programmeeritav LED-indikaator<\/li>\n<li>tr\u00fckkplaadil : summer ; ICSP\u2122 konnektor programmeerimiseks<\/li>\n<li>PIC\u2122 programmaator toetab PIC16F630<\/li>\n<li>toide: 12V DC (stabiliseerimata) \/ 100mA<\/li>\n<li>4 sisendit (pingetundlikud sisendid)<\/li>\n<li>sisendpinge: 5 &#8211; 24VDC, @ 4K7<\/li>\n<li>4 NPN transistorv\u00e4ljundit (avatud kollektoriga ): transistori v\u00e4ljundvool maks. a&#8217; 100mA; 12V relee juhtimine  (ei vaja kaitsedioodi)<\/li>\n<li>1 releev\u00e4ljund  NO\/NC kontaktiga (2A)<\/li>\n<li>MCU kiirus : fiks. 4MHz sisemine generaator<\/li>\n","protected":false},"excerpt":{"rendered":"<p>Kasutajapoolsete rakenduste loomiseks. Kasutaja poolt m\u00e4\u00e4ratavad sisendid ja v\u00e4ljundid. LED-indikaatorid, releev\u00e4ljund ja summer. Lisaks vajalik programmaator: VM134 v\u00f5i K8076.<\/p>\n","protected":false},"featured_media":12681,"comment_status":"open","ping_status":"open","template":"","meta":{"_acf_changed":false,"_monsterinsights_skip_tracking":false,"_monsterinsights_sitenote_active":false,"_monsterinsights_sitenote_note":"","_monsterinsights_sitenote_category":0},"pwb-brand":[2410],"product_brand":[],"product_cat":[2408],"product_tag":[],"class_list":{"0":"post-12680","1":"product","2":"type-product","3":"status-publish","4":"has-post-thumbnail","6":"pwb-brand-velleman","7":"product_cat-maaramata","8":"pa_m-dud-80-x70-x-25mm","10":"first","11":"outofstock","12":"taxable","13":"shipping-taxable","14":"purchasable","15":"product-type-simple"},"acf":[],"aioseo_notices":[],"jetpack_sharing_enabled":true,"brands":[{"id":2410,"name":"VELLEMAN","slug":"velleman"}],"_links":{"self":[{"href":"https:\/\/westbalt.ee\/index.php?rest_route=\/wp\/v2\/product\/12680","targetHints":{"allow":["GET"]}}],"collection":[{"href":"https:\/\/westbalt.ee\/index.php?rest_route=\/wp\/v2\/product"}],"about":[{"href":"https:\/\/westbalt.ee\/index.php?rest_route=\/wp\/v2\/types\/product"}],"replies":[{"embeddable":true,"href":"https:\/\/westbalt.ee\/index.php?rest_route=%2Fwp%2Fv2%2Fcomments&post=12680"}],"wp:featuredmedia":[{"embeddable":true,"href":"https:\/\/westbalt.ee\/index.php?rest_route=\/wp\/v2\/media\/12681"}],"wp:attachment":[{"href":"https:\/\/westbalt.ee\/index.php?rest_route=%2Fwp%2Fv2%2Fmedia&parent=12680"}],"wp:term":[{"taxonomy":"pwb-brand","embeddable":true,"href":"https:\/\/westbalt.ee\/index.php?rest_route=%2Fwp%2Fv2%2Fpwb-brand&post=12680"},{"taxonomy":"product_brand","embeddable":true,"href":"https:\/\/westbalt.ee\/index.php?rest_route=%2Fwp%2Fv2%2Fproduct_brand&post=12680"},{"taxonomy":"product_cat","embeddable":true,"href":"https:\/\/westbalt.ee\/index.php?rest_route=%2Fwp%2Fv2%2Fproduct_cat&post=12680"},{"taxonomy":"product_tag","embeddable":true,"href":"https:\/\/westbalt.ee\/index.php?rest_route=%2Fwp%2Fv2%2Fproduct_tag&post=12680"}],"curies":[{"name":"wp","href":"https:\/\/api.w.org\/{rel}","templated":true}]}}