{"id":12792,"date":"2012-10-06T15:32:24","date_gmt":"2012-10-06T12:32:24","guid":{"rendered":"https:\/\/westbalt.ee\/?post_type=product&#038;p=12792"},"modified":"2026-03-21T19:44:19","modified_gmt":"2026-03-21T16:44:19","slug":"akulaadija-gp-recyko-4x2100aa","status":"publish","type":"product","link":"https:\/\/westbalt.ee\/?product=akulaadija-gp-recyko-4x2100aa","title":{"rendered":"Akulaadija GP ReCyko+ 4x2100AA"},"content":{"rendered":"<p>&#8211;<\/p>\n","protected":false},"excerpt":{"rendered":"<p>Laeb 2 v\u00f5i 4 AA v\u00f5i 2 x AAA m\u00f5\u00f5tu NiMH akusid<br \/>\nToide 100-240V~ 50-60Hz; 12VDC<br \/>\nKomplektis 4tk 2050mAh Recyko akut<br \/>\nLaadimisaeg 2xAA ~ 2h<br \/>\nLaadimisaeg 4xAA ~ 4.5h<br \/>\nGP Recyko akud on eellaetud ja valmis koheseks kasutamiseks, ei ole vaja eelnevalt laadida. Recyko akusid on v\u00f5imalik laadida kuni 1000 korda.<\/p>\n","protected":false},"featured_media":12793,"comment_status":"open","ping_status":"open","template":"","meta":{"_acf_changed":false,"_monsterinsights_skip_tracking":false,"_monsterinsights_sitenote_active":false,"_monsterinsights_sitenote_note":"","_monsterinsights_sitenote_category":0},"pwb-brand":[2419],"product_brand":[],"product_cat":[320],"product_tag":[],"class_list":{"0":"post-12792","1":"product","2":"type-product","3":"status-publish","4":"has-post-thumbnail","6":"pwb-brand-gp-batteries","7":"product_cat-akulaadijad","8":"pa_m-dud-108-x-75-x-36-3-mm","10":"first","11":"outofstock","12":"taxable","13":"shipping-taxable","14":"purchasable","15":"product-type-simple"},"acf":[],"aioseo_notices":[],"jetpack_sharing_enabled":true,"brands":[{"id":2419,"name":"GP Batteries","slug":"gp-batteries"}],"_links":{"self":[{"href":"https:\/\/westbalt.ee\/index.php?rest_route=\/wp\/v2\/product\/12792","targetHints":{"allow":["GET"]}}],"collection":[{"href":"https:\/\/westbalt.ee\/index.php?rest_route=\/wp\/v2\/product"}],"about":[{"href":"https:\/\/westbalt.ee\/index.php?rest_route=\/wp\/v2\/types\/product"}],"replies":[{"embeddable":true,"href":"https:\/\/westbalt.ee\/index.php?rest_route=%2Fwp%2Fv2%2Fcomments&post=12792"}],"wp:featuredmedia":[{"embeddable":true,"href":"https:\/\/westbalt.ee\/index.php?rest_route=\/wp\/v2\/media\/12793"}],"wp:attachment":[{"href":"https:\/\/westbalt.ee\/index.php?rest_route=%2Fwp%2Fv2%2Fmedia&parent=12792"}],"wp:term":[{"taxonomy":"pwb-brand","embeddable":true,"href":"https:\/\/westbalt.ee\/index.php?rest_route=%2Fwp%2Fv2%2Fpwb-brand&post=12792"},{"taxonomy":"product_brand","embeddable":true,"href":"https:\/\/westbalt.ee\/index.php?rest_route=%2Fwp%2Fv2%2Fproduct_brand&post=12792"},{"taxonomy":"product_cat","embeddable":true,"href":"https:\/\/westbalt.ee\/index.php?rest_route=%2Fwp%2Fv2%2Fproduct_cat&post=12792"},{"taxonomy":"product_tag","embeddable":true,"href":"https:\/\/westbalt.ee\/index.php?rest_route=%2Fwp%2Fv2%2Fproduct_tag&post=12792"}],"curies":[{"name":"wp","href":"https:\/\/api.w.org\/{rel}","templated":true}]}}