{"id":12813,"date":"2012-10-06T15:38:14","date_gmt":"2012-10-06T12:38:14","guid":{"rendered":"https:\/\/westbalt.ee\/?post_type=product&#038;p=12813"},"modified":"2026-03-21T19:53:40","modified_gmt":"2026-03-21T16:53:40","slug":"ovalgusti-230v-8xled-hamaraanduriga-pir","status":"publish","type":"product","link":"https:\/\/westbalt.ee\/?product=ovalgusti-230v-8xled-hamaraanduriga-pir","title":{"rendered":"\u00d6\u00f6valgusti  230V 8xLED, h\u00e4maraanduriga, PIR"},"content":{"rendered":"<p>\u2022 sensitivity of the sensor for switching on\t< 10 lux\n\u2022 motion sensor\n\u2022 detection angle\t120\u00b0\n\u2022 sensitivity of the sensor for switching off\tnot stated\n\u2022 time delay\t30 seconds +\/- 3 seconds\n\u2022 detection distance\t5 m\n<\/p>\n","protected":false},"excerpt":{"rendered":"<p>Practical LED night light that automatically differentiates between night and day. Excellent anywhere you need orientation lighting.<\/p>\n","protected":false},"featured_media":12814,"comment_status":"open","ping_status":"open","template":"","meta":{"_acf_changed":false,"_monsterinsights_skip_tracking":false,"_monsterinsights_sitenote_active":false,"_monsterinsights_sitenote_note":"","_monsterinsights_sitenote_category":0},"pwb-brand":[2437],"product_brand":[],"product_cat":[170],"product_tag":[],"class_list":{"0":"post-12813","1":"product","2":"type-product","3":"status-publish","4":"has-post-thumbnail","6":"pwb-brand-emos","7":"product_cat-plafoonvalgustid","8":"pa_m-dud-70-75-mm","10":"first","11":"onbackorder","12":"taxable","13":"shipping-taxable","14":"purchasable","15":"product-type-simple"},"acf":[],"aioseo_notices":[],"jetpack_sharing_enabled":true,"brands":[{"id":2437,"name":"EMOS","slug":"emos"}],"_links":{"self":[{"href":"https:\/\/westbalt.ee\/index.php?rest_route=\/wp\/v2\/product\/12813","targetHints":{"allow":["GET"]}}],"collection":[{"href":"https:\/\/westbalt.ee\/index.php?rest_route=\/wp\/v2\/product"}],"about":[{"href":"https:\/\/westbalt.ee\/index.php?rest_route=\/wp\/v2\/types\/product"}],"replies":[{"embeddable":true,"href":"https:\/\/westbalt.ee\/index.php?rest_route=%2Fwp%2Fv2%2Fcomments&post=12813"}],"wp:featuredmedia":[{"embeddable":true,"href":"https:\/\/westbalt.ee\/index.php?rest_route=\/wp\/v2\/media\/12814"}],"wp:attachment":[{"href":"https:\/\/westbalt.ee\/index.php?rest_route=%2Fwp%2Fv2%2Fmedia&parent=12813"}],"wp:term":[{"taxonomy":"pwb-brand","embeddable":true,"href":"https:\/\/westbalt.ee\/index.php?rest_route=%2Fwp%2Fv2%2Fpwb-brand&post=12813"},{"taxonomy":"product_brand","embeddable":true,"href":"https:\/\/westbalt.ee\/index.php?rest_route=%2Fwp%2Fv2%2Fproduct_brand&post=12813"},{"taxonomy":"product_cat","embeddable":true,"href":"https:\/\/westbalt.ee\/index.php?rest_route=%2Fwp%2Fv2%2Fproduct_cat&post=12813"},{"taxonomy":"product_tag","embeddable":true,"href":"https:\/\/westbalt.ee\/index.php?rest_route=%2Fwp%2Fv2%2Fproduct_tag&post=12813"}],"curies":[{"name":"wp","href":"https:\/\/api.w.org\/{rel}","templated":true}]}}