{"id":13120,"date":"2012-10-06T17:10:10","date_gmt":"2012-10-06T14:10:10","guid":{"rendered":"https:\/\/westbalt.ee\/?post_type=product&#038;p=13120"},"modified":"2026-03-21T19:42:47","modified_gmt":"2026-03-21T16:42:47","slug":"luminofoortoru-t4-12w","status":"publish","type":"product","link":"https:\/\/westbalt.ee\/?product=luminofoortoru-t4-12w","title":{"rendered":"Luminofoortoru T4\/12W"},"content":{"rendered":"<p>&#8211;<\/p>\n","protected":false},"excerpt":{"rendered":"<p>nimiv\u00f5imsus: 12W \/ 120~230V<br \/>\nv\u00e4rvitemperatuur: 6500 K (k\u00fclm valge)<br \/>\nintensiivsus: 720 lm<br \/>\nsisel\u00e4bim\u00f5\u00f5t: 9,8 cm<br \/>\nv\u00e4lisl\u00e4bim\u00f5\u00f5t: 12 cm<\/p>\n","protected":false},"featured_media":13121,"comment_status":"open","ping_status":"closed","template":"","meta":{"_acf_changed":false,"_monsterinsights_skip_tracking":false,"_monsterinsights_sitenote_active":false,"_monsterinsights_sitenote_note":"","_monsterinsights_sitenote_category":0},"pwb-brand":[2410],"product_brand":[],"product_cat":[168],"product_tag":[],"class_list":{"0":"post-13120","1":"product","2":"type-product","3":"status-publish","4":"has-post-thumbnail","6":"pwb-brand-velleman","7":"product_cat-luminofoorlambid","9":"first","10":"outofstock","11":"taxable","12":"shipping-taxable","13":"purchasable","14":"product-type-simple"},"acf":[],"aioseo_notices":[],"jetpack_sharing_enabled":true,"brands":[{"id":2410,"name":"VELLEMAN","slug":"velleman"}],"_links":{"self":[{"href":"https:\/\/westbalt.ee\/index.php?rest_route=\/wp\/v2\/product\/13120","targetHints":{"allow":["GET"]}}],"collection":[{"href":"https:\/\/westbalt.ee\/index.php?rest_route=\/wp\/v2\/product"}],"about":[{"href":"https:\/\/westbalt.ee\/index.php?rest_route=\/wp\/v2\/types\/product"}],"replies":[{"embeddable":true,"href":"https:\/\/westbalt.ee\/index.php?rest_route=%2Fwp%2Fv2%2Fcomments&post=13120"}],"wp:featuredmedia":[{"embeddable":true,"href":"https:\/\/westbalt.ee\/index.php?rest_route=\/wp\/v2\/media\/13121"}],"wp:attachment":[{"href":"https:\/\/westbalt.ee\/index.php?rest_route=%2Fwp%2Fv2%2Fmedia&parent=13120"}],"wp:term":[{"taxonomy":"pwb-brand","embeddable":true,"href":"https:\/\/westbalt.ee\/index.php?rest_route=%2Fwp%2Fv2%2Fpwb-brand&post=13120"},{"taxonomy":"product_brand","embeddable":true,"href":"https:\/\/westbalt.ee\/index.php?rest_route=%2Fwp%2Fv2%2Fproduct_brand&post=13120"},{"taxonomy":"product_cat","embeddable":true,"href":"https:\/\/westbalt.ee\/index.php?rest_route=%2Fwp%2Fv2%2Fproduct_cat&post=13120"},{"taxonomy":"product_tag","embeddable":true,"href":"https:\/\/westbalt.ee\/index.php?rest_route=%2Fwp%2Fv2%2Fproduct_tag&post=13120"}],"curies":[{"name":"wp","href":"https:\/\/api.w.org\/{rel}","templated":true}]}}