{"id":13445,"date":"2012-10-06T18:52:22","date_gmt":"2012-10-06T15:52:22","guid":{"rendered":"https:\/\/westbalt.ee\/?post_type=product&#038;p=13445"},"modified":"2026-03-21T19:49:53","modified_gmt":"2026-03-21T16:49:53","slug":"toiteplokk-12v-8-5a-100w-s-100f-12","status":"publish","type":"product","link":"https:\/\/westbalt.ee\/?product=toiteplokk-12v-8-5a-100w-s-100f-12","title":{"rendered":"Toiteplokk 12V\/8.5A 100W S-100F-12"},"content":{"rendered":"<p>&#8211;<\/p>\n","protected":false},"excerpt":{"rendered":"<p>Varustatud l\u00fchise-, \u00fclekoormuse- ja \u00fclepingekaitsega.<br \/>\nSisendpinge: 176-264V<br \/>\nT\u00f6\u00f6temperatuur: -10 \u00b0 C kuni +60 \u00b0 C<br \/>\nSuhteline \u00f5huniiskus: 20-90%<br \/>\n\u00dchendused: kruviklemmid<\/p>\n","protected":false},"featured_media":13446,"comment_status":"open","ping_status":"open","template":"","meta":{"_acf_changed":false,"_monsterinsights_skip_tracking":false,"_monsterinsights_sitenote_active":false,"_monsterinsights_sitenote_note":"","_monsterinsights_sitenote_category":0},"pwb-brand":[2430],"product_brand":[],"product_cat":[334,315],"product_tag":[],"class_list":{"0":"post-13445","1":"product","2":"type-product","3":"status-publish","4":"has-post-thumbnail","6":"pwb-brand-mean-well","7":"product_cat-muud-seadmed","8":"product_cat-toostuslikud-toiteplokid","9":"pa_m-dud-w-x-d-x-h-98x199x38mm","11":"first","12":"outofstock","13":"taxable","14":"shipping-taxable","15":"purchasable","16":"product-type-simple"},"acf":[],"aioseo_notices":[],"jetpack_sharing_enabled":true,"brands":[{"id":2430,"name":"MEAN WELL","slug":"mean-well"}],"_links":{"self":[{"href":"https:\/\/westbalt.ee\/index.php?rest_route=\/wp\/v2\/product\/13445","targetHints":{"allow":["GET"]}}],"collection":[{"href":"https:\/\/westbalt.ee\/index.php?rest_route=\/wp\/v2\/product"}],"about":[{"href":"https:\/\/westbalt.ee\/index.php?rest_route=\/wp\/v2\/types\/product"}],"replies":[{"embeddable":true,"href":"https:\/\/westbalt.ee\/index.php?rest_route=%2Fwp%2Fv2%2Fcomments&post=13445"}],"wp:featuredmedia":[{"embeddable":true,"href":"https:\/\/westbalt.ee\/index.php?rest_route=\/wp\/v2\/media\/13446"}],"wp:attachment":[{"href":"https:\/\/westbalt.ee\/index.php?rest_route=%2Fwp%2Fv2%2Fmedia&parent=13445"}],"wp:term":[{"taxonomy":"pwb-brand","embeddable":true,"href":"https:\/\/westbalt.ee\/index.php?rest_route=%2Fwp%2Fv2%2Fpwb-brand&post=13445"},{"taxonomy":"product_brand","embeddable":true,"href":"https:\/\/westbalt.ee\/index.php?rest_route=%2Fwp%2Fv2%2Fproduct_brand&post=13445"},{"taxonomy":"product_cat","embeddable":true,"href":"https:\/\/westbalt.ee\/index.php?rest_route=%2Fwp%2Fv2%2Fproduct_cat&post=13445"},{"taxonomy":"product_tag","embeddable":true,"href":"https:\/\/westbalt.ee\/index.php?rest_route=%2Fwp%2Fv2%2Fproduct_tag&post=13445"}],"curies":[{"name":"wp","href":"https:\/\/api.w.org\/{rel}","templated":true}]}}