{"id":13484,"date":"2012-10-06T19:08:08","date_gmt":"2012-10-06T16:08:08","guid":{"rendered":"https:\/\/westbalt.ee\/?post_type=product&#038;p=13484"},"modified":"2026-03-21T19:41:10","modified_gmt":"2026-03-21T16:41:10","slug":"pull-switch-3a-250v-on-off","status":"publish","type":"product","link":"https:\/\/westbalt.ee\/?product=pull-switch-3a-250v-on-off","title":{"rendered":"N\u00f6\u00f6rl\u00fcliti 3A\/250V ON\/OFF kuld"},"content":{"rendered":"","protected":false},"excerpt":{"rendered":"<p>Elastic pull chain operated switches. Designed mainly for switching ON\/OFF general purpose electrical equipment as: fans, lighr sources etc.<br \/>\nElectrical ratings\t: 6 A  125 V AC; 3 A  250 V AC<br \/>\nContacts\t: SPST &#8211; bistable<br \/>\nTest voltage\t: 1 000 V \/ 1 min.<br \/>\nMechanical life\t: 6 000 operations<br \/>\nMaterial: contacts\t: phosphor bronze<br \/>\nBody\t: polyamide 66 (UL94V-2)<br \/>\nActuating force\t: 400 g \u00b1200 g<br \/>\nMounting hole dia.\t: 10 mm<br \/>\nTerminals\t: wires 18 AWG, 157 mm long<br \/>\nTemperature range\t:  0\u00b0C to +65\u00b0C<\/p>\n","protected":false},"featured_media":21283,"comment_status":"open","ping_status":"closed","template":"","meta":{"_acf_changed":false,"_monsterinsights_skip_tracking":false,"_monsterinsights_sitenote_active":false,"_monsterinsights_sitenote_note":"","_monsterinsights_sitenote_category":0},"pwb-brand":[],"product_brand":[],"product_cat":[162],"product_tag":[],"class_list":{"0":"post-13484","1":"product","2":"type-product","3":"status-publish","4":"has-post-thumbnail","6":"product_cat-valgustite-komponendid","8":"first","9":"outofstock","10":"taxable","11":"shipping-taxable","12":"purchasable","13":"product-type-simple"},"acf":[],"aioseo_notices":[],"jetpack_sharing_enabled":true,"brands":[],"_links":{"self":[{"href":"https:\/\/westbalt.ee\/index.php?rest_route=\/wp\/v2\/product\/13484","targetHints":{"allow":["GET"]}}],"collection":[{"href":"https:\/\/westbalt.ee\/index.php?rest_route=\/wp\/v2\/product"}],"about":[{"href":"https:\/\/westbalt.ee\/index.php?rest_route=\/wp\/v2\/types\/product"}],"replies":[{"embeddable":true,"href":"https:\/\/westbalt.ee\/index.php?rest_route=%2Fwp%2Fv2%2Fcomments&post=13484"}],"wp:featuredmedia":[{"embeddable":true,"href":"https:\/\/westbalt.ee\/index.php?rest_route=\/wp\/v2\/media\/21283"}],"wp:attachment":[{"href":"https:\/\/westbalt.ee\/index.php?rest_route=%2Fwp%2Fv2%2Fmedia&parent=13484"}],"wp:term":[{"taxonomy":"pwb-brand","embeddable":true,"href":"https:\/\/westbalt.ee\/index.php?rest_route=%2Fwp%2Fv2%2Fpwb-brand&post=13484"},{"taxonomy":"product_brand","embeddable":true,"href":"https:\/\/westbalt.ee\/index.php?rest_route=%2Fwp%2Fv2%2Fproduct_brand&post=13484"},{"taxonomy":"product_cat","embeddable":true,"href":"https:\/\/westbalt.ee\/index.php?rest_route=%2Fwp%2Fv2%2Fproduct_cat&post=13484"},{"taxonomy":"product_tag","embeddable":true,"href":"https:\/\/westbalt.ee\/index.php?rest_route=%2Fwp%2Fv2%2Fproduct_tag&post=13484"}],"curies":[{"name":"wp","href":"https:\/\/api.w.org\/{rel}","templated":true}]}}