{"id":13498,"date":"2012-10-06T19:13:23","date_gmt":"2012-10-06T16:13:23","guid":{"rendered":"https:\/\/westbalt.ee\/?post_type=product&#038;p=13498"},"modified":"2026-03-21T19:49:44","modified_gmt":"2026-03-21T16:49:44","slug":"busbar-vbs-1p-10mm2-pin-12-mod","status":"publish","type":"product","link":"https:\/\/westbalt.ee\/?product=busbar-vbs-1p-10mm2-pin-12-mod","title":{"rendered":"ABB kammlatt 12m 1F otsakatetega"},"content":{"rendered":"<p>&#8211;<\/p>\n","protected":false},"excerpt":{"rendered":"<p>Sobib SH200 kaitsel\u00fclititele.<br \/>\nKatkematu voolu nimiv\u00e4\u00e4rtus (I u ): 63 A<br \/>\nFaaside arv: 1<br \/>\nPaigaldatavate seadmete arv: 12<br \/>\n\u00dchenduse t\u00fc\u00fcp: Pin<br \/>\nRistl\u00f5ige: 10 mm\u00b2<\/p>\n","protected":false},"featured_media":29600,"comment_status":"open","ping_status":"closed","template":"","meta":{"_acf_changed":false,"_monsterinsights_skip_tracking":false,"_monsterinsights_sitenote_active":false,"_monsterinsights_sitenote_note":"","_monsterinsights_sitenote_category":0},"pwb-brand":[2414],"product_brand":[],"product_cat":[268],"product_tag":[],"class_list":{"0":"post-13498","1":"product","2":"type-product","3":"status-publish","4":"has-post-thumbnail","6":"pwb-brand-abb","7":"product_cat-lisatarvikud","9":"first","10":"instock","11":"taxable","12":"shipping-taxable","13":"purchasable","14":"product-type-simple"},"acf":[],"aioseo_notices":[],"jetpack_sharing_enabled":true,"brands":[{"id":2414,"name":"ABB","slug":"abb"}],"_links":{"self":[{"href":"https:\/\/westbalt.ee\/index.php?rest_route=\/wp\/v2\/product\/13498","targetHints":{"allow":["GET"]}}],"collection":[{"href":"https:\/\/westbalt.ee\/index.php?rest_route=\/wp\/v2\/product"}],"about":[{"href":"https:\/\/westbalt.ee\/index.php?rest_route=\/wp\/v2\/types\/product"}],"replies":[{"embeddable":true,"href":"https:\/\/westbalt.ee\/index.php?rest_route=%2Fwp%2Fv2%2Fcomments&post=13498"}],"wp:featuredmedia":[{"embeddable":true,"href":"https:\/\/westbalt.ee\/index.php?rest_route=\/wp\/v2\/media\/29600"}],"wp:attachment":[{"href":"https:\/\/westbalt.ee\/index.php?rest_route=%2Fwp%2Fv2%2Fmedia&parent=13498"}],"wp:term":[{"taxonomy":"pwb-brand","embeddable":true,"href":"https:\/\/westbalt.ee\/index.php?rest_route=%2Fwp%2Fv2%2Fpwb-brand&post=13498"},{"taxonomy":"product_brand","embeddable":true,"href":"https:\/\/westbalt.ee\/index.php?rest_route=%2Fwp%2Fv2%2Fproduct_brand&post=13498"},{"taxonomy":"product_cat","embeddable":true,"href":"https:\/\/westbalt.ee\/index.php?rest_route=%2Fwp%2Fv2%2Fproduct_cat&post=13498"},{"taxonomy":"product_tag","embeddable":true,"href":"https:\/\/westbalt.ee\/index.php?rest_route=%2Fwp%2Fv2%2Fproduct_tag&post=13498"}],"curies":[{"name":"wp","href":"https:\/\/api.w.org\/{rel}","templated":true}]}}