{"id":13588,"date":"2012-10-06T19:47:52","date_gmt":"2012-10-06T16:47:52","guid":{"rendered":"https:\/\/westbalt.ee\/?post_type=product&#038;p=13588"},"modified":"2026-03-21T19:48:10","modified_gmt":"2026-03-21T16:48:10","slug":"ni-mh-akude-kiirlaadija-usb-valjundiga","status":"publish","type":"product","link":"https:\/\/westbalt.ee\/?product=ni-mh-akude-kiirlaadija-usb-valjundiga","title":{"rendered":"Ni-MH akude kiirlaadija USB-v\u00e4ljundiga"},"content":{"rendered":"<p>&#8211;<\/p>\n","protected":false},"excerpt":{"rendered":"<p>\u2022 laeb: 2 v\u00f5i 4 AA v\u00f5i AAA Ni-MH akusid \u00fcheaegselt<br \/>\n\u2022 laadimisindikaator ( LED)<br \/>\n\u2022 valepolaarsuse kaitse; mikroprotsessor-juhitav<br \/>\n\u2022 negatiivne delta V ; defektse elemendi avastamine<br \/>\n\u2022 sisendpinge: 100-240VAC \/ 50-60Hz<br \/>\n\u2022 v\u00e4ljund:<br \/>\n  AA: 600mA laadimisvool<br \/>\n  AAA: 350mA laadimisvool<br \/>\n  USB: 5VDC &#8211; 500mA<br \/>\n\u2022 kanalite arv: 2 (s\u00f5ltumatud)<br \/>\n\u2022 ohutustaimer \u00fclelaadimise kaitseks <\/p>\n","protected":false},"featured_media":13589,"comment_status":"open","ping_status":"closed","template":"","meta":{"_acf_changed":false,"_monsterinsights_skip_tracking":false,"_monsterinsights_sitenote_active":false,"_monsterinsights_sitenote_note":"","_monsterinsights_sitenote_category":0},"pwb-brand":[2410],"product_brand":[],"product_cat":[320],"product_tag":[],"class_list":{"0":"post-13588","1":"product","2":"type-product","3":"status-publish","4":"has-post-thumbnail","6":"pwb-brand-velleman","7":"product_cat-akulaadijad","8":"pa_m-dud-109-x-69-x-47-5mm","10":"first","11":"onbackorder","12":"taxable","13":"shipping-taxable","14":"purchasable","15":"product-type-simple"},"acf":[],"aioseo_notices":[],"jetpack_sharing_enabled":true,"brands":[{"id":2410,"name":"VELLEMAN","slug":"velleman"}],"_links":{"self":[{"href":"https:\/\/westbalt.ee\/index.php?rest_route=\/wp\/v2\/product\/13588","targetHints":{"allow":["GET"]}}],"collection":[{"href":"https:\/\/westbalt.ee\/index.php?rest_route=\/wp\/v2\/product"}],"about":[{"href":"https:\/\/westbalt.ee\/index.php?rest_route=\/wp\/v2\/types\/product"}],"replies":[{"embeddable":true,"href":"https:\/\/westbalt.ee\/index.php?rest_route=%2Fwp%2Fv2%2Fcomments&post=13588"}],"wp:featuredmedia":[{"embeddable":true,"href":"https:\/\/westbalt.ee\/index.php?rest_route=\/wp\/v2\/media\/13589"}],"wp:attachment":[{"href":"https:\/\/westbalt.ee\/index.php?rest_route=%2Fwp%2Fv2%2Fmedia&parent=13588"}],"wp:term":[{"taxonomy":"pwb-brand","embeddable":true,"href":"https:\/\/westbalt.ee\/index.php?rest_route=%2Fwp%2Fv2%2Fpwb-brand&post=13588"},{"taxonomy":"product_brand","embeddable":true,"href":"https:\/\/westbalt.ee\/index.php?rest_route=%2Fwp%2Fv2%2Fproduct_brand&post=13588"},{"taxonomy":"product_cat","embeddable":true,"href":"https:\/\/westbalt.ee\/index.php?rest_route=%2Fwp%2Fv2%2Fproduct_cat&post=13588"},{"taxonomy":"product_tag","embeddable":true,"href":"https:\/\/westbalt.ee\/index.php?rest_route=%2Fwp%2Fv2%2Fproduct_tag&post=13588"}],"curies":[{"name":"wp","href":"https:\/\/api.w.org\/{rel}","templated":true}]}}