{"id":14426,"date":"2012-10-08T14:41:02","date_gmt":"2012-10-08T11:41:02","guid":{"rendered":"https:\/\/westbalt.ee\/?post_type=product&#038;p=14426"},"modified":"2026-03-21T19:48:25","modified_gmt":"2026-03-21T16:48:25","slug":"radarvalgusti-mikrolaine-anduriga-60w-e27-ip44","status":"publish","type":"product","link":"https:\/\/westbalt.ee\/?product=radarvalgusti-mikrolaine-anduriga-60w-e27-ip44","title":{"rendered":"Radarvalgusti mikrolaine anduriga 60W E27 IP44"},"content":{"rendered":"<p><img decoding=\"async\" src=\"https:\/\/westbalt.ee\/wp-content\/uploads\/2014\/09\/pdf.png\" alt=\"\" width=\"26\" height=\"26\" class=\"alignnone size-full wp-image-21314\" \/>&nbsp;<a href=\"https:\/\/www.westbalt.ee\/catalog\/pdf\/Kasutusjuhend_8903.pdf\" target=\"_blank\" rel=\"noopener\">Kasutusjuhend_8903.pdf<\/a><\/p>\n","protected":false},"excerpt":{"rendered":"<p>Sensorvalgusti sisaldab endas k\u00f5rgsageduslikku mikrolaine andurit, mis tunneb p\u00e4eva ja \u00f6\u00f6 vaheldumist ning liikumist.<br \/>\n\u2022 materjalid: piimjast klaasist kuppel ning pol\u00fckarbonaadist valgusti<br \/>\n\u2022 valgusallika maks. v\u00f5imsus: 60W\/E27<br \/>\n\u2022 toitepinge: 220\u2014 240V\/AC 50Hz<br \/>\n\u2022 anduri lisakontakti v\u00f5imsus: 300W<br \/>\n\u2022 kaitseklass IP44, ohutusklass II<br \/>\n\u2022 anduri saatev\u00f5imsus 0,2mW<br \/>\n\u2022 paigaldusk\u00f5rgus 2-4m<br \/>\n\u2022 tegevusraadius \/ avastamisala nurk: 360\u00b0 \/ 180\u00b0<br \/>\n\u2022 t\u00f6\u00f6tsooni l\u00e4bim\u00f5\u00f5t: 2-16m, seadistatav (SENS)<br \/>\n\u2022 t\u00f6\u00f6aeg: 10sek. kuni 12min, seadistatav<br \/>\n\u2022 valgustundlikkus: 2Lux\u2014 2000Lux, seadistatav (LUX)<br \/>\n\u2022 isetarbimine: 0.9W<\/p>\n","protected":false},"featured_media":14427,"comment_status":"open","ping_status":"closed","template":"","meta":{"_acf_changed":false,"_monsterinsights_skip_tracking":false,"_monsterinsights_sitenote_active":false,"_monsterinsights_sitenote_note":"","_monsterinsights_sitenote_category":0},"pwb-brand":[],"product_brand":[],"product_cat":[170],"product_tag":[],"class_list":{"0":"post-14426","1":"product","2":"type-product","3":"status-publish","4":"has-post-thumbnail","6":"product_cat-plafoonvalgustid","8":"first","9":"instock","10":"featured","11":"taxable","12":"shipping-taxable","13":"purchasable","14":"product-type-simple"},"acf":[],"aioseo_notices":[],"jetpack_sharing_enabled":true,"brands":[],"_links":{"self":[{"href":"https:\/\/westbalt.ee\/index.php?rest_route=\/wp\/v2\/product\/14426","targetHints":{"allow":["GET"]}}],"collection":[{"href":"https:\/\/westbalt.ee\/index.php?rest_route=\/wp\/v2\/product"}],"about":[{"href":"https:\/\/westbalt.ee\/index.php?rest_route=\/wp\/v2\/types\/product"}],"replies":[{"embeddable":true,"href":"https:\/\/westbalt.ee\/index.php?rest_route=%2Fwp%2Fv2%2Fcomments&post=14426"}],"wp:featuredmedia":[{"embeddable":true,"href":"https:\/\/westbalt.ee\/index.php?rest_route=\/wp\/v2\/media\/14427"}],"wp:attachment":[{"href":"https:\/\/westbalt.ee\/index.php?rest_route=%2Fwp%2Fv2%2Fmedia&parent=14426"}],"wp:term":[{"taxonomy":"pwb-brand","embeddable":true,"href":"https:\/\/westbalt.ee\/index.php?rest_route=%2Fwp%2Fv2%2Fpwb-brand&post=14426"},{"taxonomy":"product_brand","embeddable":true,"href":"https:\/\/westbalt.ee\/index.php?rest_route=%2Fwp%2Fv2%2Fproduct_brand&post=14426"},{"taxonomy":"product_cat","embeddable":true,"href":"https:\/\/westbalt.ee\/index.php?rest_route=%2Fwp%2Fv2%2Fproduct_cat&post=14426"},{"taxonomy":"product_tag","embeddable":true,"href":"https:\/\/westbalt.ee\/index.php?rest_route=%2Fwp%2Fv2%2Fproduct_tag&post=14426"}],"curies":[{"name":"wp","href":"https:\/\/api.w.org\/{rel}","templated":true}]}}