{"id":14500,"date":"2012-10-08T15:02:36","date_gmt":"2012-10-08T12:02:36","guid":{"rendered":"https:\/\/westbalt.ee\/?post_type=product&#038;p=14500"},"modified":"2026-03-21T19:42:51","modified_gmt":"2026-03-21T16:42:51","slug":"precision-knife-set-13-piece","status":"publish","type":"product","link":"https:\/\/westbalt.ee\/?product=precision-knife-set-13-piece","title":{"rendered":"Terade komplekt t\u00e4ppist\u00f6\u00f6ks FIELDMANN"},"content":{"rendered":"<p>&#8211;<\/p>\n","protected":false},"excerpt":{"rendered":"<p>\u2022 13 erineva kujuga tera<br \/>\n\u2022 Ergonoomilise kujuga kummist k\u00e4epide<br \/>\n\u2022 Komplektis on ka kaks n\u00f5ela, millega saab metallmaterjalidele m\u00e4rke teha.<br \/>\n\u2022 Terad hoitakse magnetribal, mille saab vajadusel t\u00f6\u00f6pingile kleepida.<\/p>\n","protected":false},"featured_media":26887,"comment_status":"open","ping_status":"closed","template":"","meta":{"_acf_changed":false,"_monsterinsights_skip_tracking":false,"_monsterinsights_sitenote_active":false,"_monsterinsights_sitenote_note":"","_monsterinsights_sitenote_category":0},"pwb-brand":[],"product_brand":[],"product_cat":[307,309],"product_tag":[],"class_list":{"0":"post-14500","1":"product","2":"type-product","3":"status-publish","4":"has-post-thumbnail","6":"product_cat-electrooniku-tooriistad","7":"product_cat-kasitooriistad","9":"first","10":"onbackorder","11":"taxable","12":"shipping-taxable","13":"purchasable","14":"product-type-simple"},"acf":[],"aioseo_notices":[],"jetpack_sharing_enabled":true,"brands":[],"_links":{"self":[{"href":"https:\/\/westbalt.ee\/index.php?rest_route=\/wp\/v2\/product\/14500","targetHints":{"allow":["GET"]}}],"collection":[{"href":"https:\/\/westbalt.ee\/index.php?rest_route=\/wp\/v2\/product"}],"about":[{"href":"https:\/\/westbalt.ee\/index.php?rest_route=\/wp\/v2\/types\/product"}],"replies":[{"embeddable":true,"href":"https:\/\/westbalt.ee\/index.php?rest_route=%2Fwp%2Fv2%2Fcomments&post=14500"}],"wp:featuredmedia":[{"embeddable":true,"href":"https:\/\/westbalt.ee\/index.php?rest_route=\/wp\/v2\/media\/26887"}],"wp:attachment":[{"href":"https:\/\/westbalt.ee\/index.php?rest_route=%2Fwp%2Fv2%2Fmedia&parent=14500"}],"wp:term":[{"taxonomy":"pwb-brand","embeddable":true,"href":"https:\/\/westbalt.ee\/index.php?rest_route=%2Fwp%2Fv2%2Fpwb-brand&post=14500"},{"taxonomy":"product_brand","embeddable":true,"href":"https:\/\/westbalt.ee\/index.php?rest_route=%2Fwp%2Fv2%2Fproduct_brand&post=14500"},{"taxonomy":"product_cat","embeddable":true,"href":"https:\/\/westbalt.ee\/index.php?rest_route=%2Fwp%2Fv2%2Fproduct_cat&post=14500"},{"taxonomy":"product_tag","embeddable":true,"href":"https:\/\/westbalt.ee\/index.php?rest_route=%2Fwp%2Fv2%2Fproduct_tag&post=14500"}],"curies":[{"name":"wp","href":"https:\/\/api.w.org\/{rel}","templated":true}]}}