{"id":14607,"date":"2012-10-08T15:32:11","date_gmt":"2012-10-08T12:32:11","guid":{"rendered":"https:\/\/westbalt.ee\/?post_type=product&#038;p=14607"},"modified":"2026-03-21T19:55:39","modified_gmt":"2026-03-21T16:55:39","slug":"tappispotentsiomeeter-100k-2w-10-pooret-plast-5","status":"publish","type":"product","link":"https:\/\/westbalt.ee\/?product=tappispotentsiomeeter-100k-2w-10-pooret-plast-5","title":{"rendered":"T\u00e4ppispotentsiomeeter 100K 2W, 10 p\u00f6\u00f6ret, plast.; \u00b15%"},"content":{"rendered":"<p>&#8211;<\/p>\n","protected":false},"excerpt":{"rendered":"<p>T\u00e4psus: \u00b1 5%;<br \/>\nV\u00f5imsus: 2 W;<br \/>\nTemp. koefitsient: 20 ppm \/ \u00b0 C;<br \/>\nMin. isolatsioonitakistus: 1000 MW;<br \/>\nP\u00f6\u00f6rded: 10;<br \/>\nT\u00f6\u00f6temperatuur: -55 &#8230; 125 \u00b0 C;<br \/>\nV\u00f5lli l\u00e4bim\u00f5\u00f5t: 6 mm;<br \/>\nV\u00f5lli pikkus: 13 mm;<br \/>\nKinnitus: M9x0, 75;<\/p>\n","protected":false},"featured_media":14608,"comment_status":"open","ping_status":"open","template":"","meta":{"_acf_changed":false,"_monsterinsights_skip_tracking":false,"_monsterinsights_sitenote_active":false,"_monsterinsights_sitenote_note":"","_monsterinsights_sitenote_category":0},"pwb-brand":[],"product_brand":[],"product_cat":[197],"product_tag":[],"class_list":{"0":"post-14607","1":"product","2":"type-product","3":"status-publish","4":"has-post-thumbnail","6":"product_cat-potentsiomeetrid","7":"pa_m-dud-body-216-22-x-18-mm","9":"first","10":"onbackorder","11":"taxable","12":"shipping-taxable","13":"purchasable","14":"product-type-simple"},"acf":[],"aioseo_notices":[],"jetpack_sharing_enabled":true,"brands":[],"_links":{"self":[{"href":"https:\/\/westbalt.ee\/index.php?rest_route=\/wp\/v2\/product\/14607","targetHints":{"allow":["GET"]}}],"collection":[{"href":"https:\/\/westbalt.ee\/index.php?rest_route=\/wp\/v2\/product"}],"about":[{"href":"https:\/\/westbalt.ee\/index.php?rest_route=\/wp\/v2\/types\/product"}],"replies":[{"embeddable":true,"href":"https:\/\/westbalt.ee\/index.php?rest_route=%2Fwp%2Fv2%2Fcomments&post=14607"}],"wp:featuredmedia":[{"embeddable":true,"href":"https:\/\/westbalt.ee\/index.php?rest_route=\/wp\/v2\/media\/14608"}],"wp:attachment":[{"href":"https:\/\/westbalt.ee\/index.php?rest_route=%2Fwp%2Fv2%2Fmedia&parent=14607"}],"wp:term":[{"taxonomy":"pwb-brand","embeddable":true,"href":"https:\/\/westbalt.ee\/index.php?rest_route=%2Fwp%2Fv2%2Fpwb-brand&post=14607"},{"taxonomy":"product_brand","embeddable":true,"href":"https:\/\/westbalt.ee\/index.php?rest_route=%2Fwp%2Fv2%2Fproduct_brand&post=14607"},{"taxonomy":"product_cat","embeddable":true,"href":"https:\/\/westbalt.ee\/index.php?rest_route=%2Fwp%2Fv2%2Fproduct_cat&post=14607"},{"taxonomy":"product_tag","embeddable":true,"href":"https:\/\/westbalt.ee\/index.php?rest_route=%2Fwp%2Fv2%2Fproduct_tag&post=14607"}],"curies":[{"name":"wp","href":"https:\/\/api.w.org\/{rel}","templated":true}]}}