{"id":15190,"date":"2012-10-08T18:56:27","date_gmt":"2012-10-08T15:56:27","guid":{"rendered":"https:\/\/westbalt.ee\/?post_type=product&#038;p=15190"},"modified":"2026-03-21T19:43:09","modified_gmt":"2026-03-21T16:43:09","slug":"suurendusprillid-vtmg13-led-valgustiga","status":"publish","type":"product","link":"https:\/\/westbalt.ee\/?product=suurendusprillid-vtmg13-led-valgustiga","title":{"rendered":"Suurendusprillid VTMG13 LED-valgustiga"},"content":{"rendered":"<p>&#8211;<\/p>\n","protected":false},"excerpt":{"rendered":"<p>LED-valgusti muudetav suunanurk<br \/>\nteisaldatav valgusallikas ja  2 x &#8220;AAA&#8221; patareid<br \/>\ndioptreid: 1.5 &#8211; 3 &#8211; 8.5 &#8211; 10<br \/>\nl\u00e4\u00e4tsed: 0.375x &#8211; 0.75x &#8211; 2.125x &#8211; 2.5x<br \/>\nl\u00e4\u00e4tse materjal: akr\u00fc\u00fclvaik (l\u00f6\u00f6gikindla kaitsekattega )<br \/>\nobjektiivi suurus: 89mm x 29mm (3.5&#8243;x 1.14&#8243;)<br \/>\n\u00fcksiku l\u00e4\u00e4tse diameeter: 29mm (1.14&#8243;)<br \/>\ntoide: 2 x &#8220;AAA&#8221; patareid (LR03, ei kuulu komplekti.)<\/p>\n","protected":false},"featured_media":15191,"comment_status":"open","ping_status":"open","template":"","meta":{"_acf_changed":false,"_monsterinsights_skip_tracking":false,"_monsterinsights_sitenote_active":false,"_monsterinsights_sitenote_note":"","_monsterinsights_sitenote_category":0},"pwb-brand":[2410],"product_brand":[],"product_cat":[307],"product_tag":[],"class_list":{"0":"post-15190","1":"product","2":"type-product","3":"status-publish","4":"has-post-thumbnail","6":"pwb-brand-velleman","7":"product_cat-electrooniku-tooriistad","9":"first","10":"instock","11":"taxable","12":"shipping-taxable","13":"purchasable","14":"product-type-simple"},"acf":[],"aioseo_notices":[],"jetpack_sharing_enabled":true,"brands":[{"id":2410,"name":"VELLEMAN","slug":"velleman"}],"_links":{"self":[{"href":"https:\/\/westbalt.ee\/index.php?rest_route=\/wp\/v2\/product\/15190","targetHints":{"allow":["GET"]}}],"collection":[{"href":"https:\/\/westbalt.ee\/index.php?rest_route=\/wp\/v2\/product"}],"about":[{"href":"https:\/\/westbalt.ee\/index.php?rest_route=\/wp\/v2\/types\/product"}],"replies":[{"embeddable":true,"href":"https:\/\/westbalt.ee\/index.php?rest_route=%2Fwp%2Fv2%2Fcomments&post=15190"}],"wp:featuredmedia":[{"embeddable":true,"href":"https:\/\/westbalt.ee\/index.php?rest_route=\/wp\/v2\/media\/15191"}],"wp:attachment":[{"href":"https:\/\/westbalt.ee\/index.php?rest_route=%2Fwp%2Fv2%2Fmedia&parent=15190"}],"wp:term":[{"taxonomy":"pwb-brand","embeddable":true,"href":"https:\/\/westbalt.ee\/index.php?rest_route=%2Fwp%2Fv2%2Fpwb-brand&post=15190"},{"taxonomy":"product_brand","embeddable":true,"href":"https:\/\/westbalt.ee\/index.php?rest_route=%2Fwp%2Fv2%2Fproduct_brand&post=15190"},{"taxonomy":"product_cat","embeddable":true,"href":"https:\/\/westbalt.ee\/index.php?rest_route=%2Fwp%2Fv2%2Fproduct_cat&post=15190"},{"taxonomy":"product_tag","embeddable":true,"href":"https:\/\/westbalt.ee\/index.php?rest_route=%2Fwp%2Fv2%2Fproduct_tag&post=15190"}],"curies":[{"name":"wp","href":"https:\/\/api.w.org\/{rel}","templated":true}]}}