{"id":1528,"date":"2012-10-03T17:24:49","date_gmt":"2012-10-03T14:24:49","guid":{"rendered":"https:\/\/westbalt.ee\/?post_type=product&#038;p=1528"},"modified":"2026-03-21T19:51:28","modified_gmt":"2026-03-21T16:51:28","slug":"multimeeter-kewtech-kt115-kyoritsu-kew1009","status":"publish","type":"product","link":"https:\/\/westbalt.ee\/?product=multimeeter-kewtech-kt115-kyoritsu-kew1009","title":{"rendered":"Multimeeter KEWTECH KT115 (Kyoritsu KEW1009)"},"content":{"rendered":"<p><Li> DC pinge m\u00f5\u00f5tepiirkond 400m \/ 4\/40\/400 \/ 600V <\/li>\n<p><Li> AC pinge m\u00f5\u00f5tepiirkond 400m \/ 4\/40\/400 \/ 600V <\/li>\n<p><Li> Alalisvoolu m\u00f5\u00f5tepiirkond 400\u03bc \/ 4000\u03bc \/ 40m \/ 400m \/ 4 \/ 10A <\/li>\n<p><Li> Vahelduvvoolu m\u00f5\u00f5tepiirkond 400\u03bc \/ 4000\u03bc \/ 40m \/ 400m \/ 4 \/ 10A <\/li>\n<p><Li> Takistuse m\u00f5\u00f5tepiirkond 400 \/ 4k \/ 40k \/ 400k \/ 4M \/ 40M\u03a9 <\/li>\n<p><Li> Sageduse m\u00f5\u00f5tepiirkond 5,12 \/ 51,2 \/ 512 \/ 5,12k \/ 51,2k \/ 512k \/ 5,12M \/ 10MHz <\/li>\n<p><Li> Elektrimahtuvuse m\u00f5\u00f5tepiirkond 40N \/ 400N \/ 4\u03bc \/ 40\u03bc \/ 100\u03bcF <\/li>\n<p><Li> T\u00f6\u00f6ts\u00fckkel koefitsiendiga 0,1 &#8230; 99,9% <\/li>\n<p><Li> Dioodi test 0,4mA <\/li>\n<p><Li> Pidevuse test (helisignaal) R <100\u03a9 <\/li>\n<p><Li> Toide: 2 patareid 1,5V LR6 (AA) <\/li>\n","protected":false},"excerpt":{"rendered":"<p>\u2022 Automaatsed\/ manuaalsed  piirkonnad<br \/>\n\u2022 Automaatne v\u00e4ljal\u00fclitus<br \/>\n\u2022 Hold funktsioon<br \/>\n\u2022 REL funktsioon<br \/>\n\u2022 Overflow indikaator<br \/>\n\u2022 Ekraan (3999)<br \/>\n\u2022 Proovide v\u00f5tmise kiirus 2,5x \/ s<br \/>\n\u2022 Varustus: vutlar, testrijuhtmed<\/p>\n","protected":false},"featured_media":1529,"comment_status":"open","ping_status":"open","template":"","meta":{"_acf_changed":false,"_monsterinsights_skip_tracking":false,"_monsterinsights_sitenote_active":false,"_monsterinsights_sitenote_note":"","_monsterinsights_sitenote_category":0},"pwb-brand":[2420],"product_brand":[],"product_cat":[302],"product_tag":[],"class_list":{"0":"post-1528","1":"product","2":"type-product","3":"status-publish","4":"has-post-thumbnail","6":"pwb-brand-kyoritsu","7":"product_cat-multimeetrid","8":"pa_m-dud-155-x-75-x-33-mm","9":"pa_varv-roheline","11":"first","12":"instock","13":"taxable","14":"shipping-taxable","15":"purchasable","16":"product-type-simple"},"acf":[],"aioseo_notices":[],"jetpack_sharing_enabled":true,"brands":[{"id":2420,"name":"KYORITSU","slug":"kyoritsu"}],"_links":{"self":[{"href":"https:\/\/westbalt.ee\/index.php?rest_route=\/wp\/v2\/product\/1528","targetHints":{"allow":["GET"]}}],"collection":[{"href":"https:\/\/westbalt.ee\/index.php?rest_route=\/wp\/v2\/product"}],"about":[{"href":"https:\/\/westbalt.ee\/index.php?rest_route=\/wp\/v2\/types\/product"}],"replies":[{"embeddable":true,"href":"https:\/\/westbalt.ee\/index.php?rest_route=%2Fwp%2Fv2%2Fcomments&post=1528"}],"wp:featuredmedia":[{"embeddable":true,"href":"https:\/\/westbalt.ee\/index.php?rest_route=\/wp\/v2\/media\/1529"}],"wp:attachment":[{"href":"https:\/\/westbalt.ee\/index.php?rest_route=%2Fwp%2Fv2%2Fmedia&parent=1528"}],"wp:term":[{"taxonomy":"pwb-brand","embeddable":true,"href":"https:\/\/westbalt.ee\/index.php?rest_route=%2Fwp%2Fv2%2Fpwb-brand&post=1528"},{"taxonomy":"product_brand","embeddable":true,"href":"https:\/\/westbalt.ee\/index.php?rest_route=%2Fwp%2Fv2%2Fproduct_brand&post=1528"},{"taxonomy":"product_cat","embeddable":true,"href":"https:\/\/westbalt.ee\/index.php?rest_route=%2Fwp%2Fv2%2Fproduct_cat&post=1528"},{"taxonomy":"product_tag","embeddable":true,"href":"https:\/\/westbalt.ee\/index.php?rest_route=%2Fwp%2Fv2%2Fproduct_tag&post=1528"}],"curies":[{"name":"wp","href":"https:\/\/api.w.org\/{rel}","templated":true}]}}