{"id":15341,"date":"2012-10-08T19:51:37","date_gmt":"2012-10-08T16:51:37","guid":{"rendered":"https:\/\/westbalt.ee\/?post_type=product&#038;p=15341"},"modified":"2026-03-21T19:53:56","modified_gmt":"2026-03-21T16:53:56","slug":"money-jar-with-digital-counter","status":"publish","type":"product","link":"https:\/\/westbalt.ee\/?product=money-jar-with-digital-counter","title":{"rendered":"Digitaalse loenduriga rahalaegas"},"content":{"rendered":"<li>recognizes all Euro coins\n<li>large LCD\n<li>reset button\n<li>permanent memory function\n<li>power supply: 2 x AA battery of 1.5V (LR6C, not incl.)<br \/>\n","protected":false},"excerpt":{"rendered":"<p>\u2022 Kuvab laekasse pistetud m\u00fcntide koguv\u00e4\u00e4rtust.<br \/>\n\u2022 tunnistab Euro m\u00fcnte<br \/>\n\u2022 suur LCD<br \/>\n\u2022 nullimise nupp n\u00e4itab pidevalt laekas oleva raha summat<br \/>\n\u2022 toide: 2 x AA patarei, 1.5V LR6C ei kuulu komplekti )<\/p>\n","protected":false},"featured_media":15342,"comment_status":"open","ping_status":"closed","template":"","meta":{"_acf_changed":false,"_monsterinsights_skip_tracking":false,"_monsterinsights_sitenote_active":false,"_monsterinsights_sitenote_note":"","_monsterinsights_sitenote_category":0},"pwb-brand":[2410],"product_brand":[],"product_cat":[334],"product_tag":[],"class_list":{"0":"post-15341","1":"product","2":"type-product","3":"status-publish","4":"has-post-thumbnail","6":"pwb-brand-velleman","7":"product_cat-muud-seadmed","9":"first","10":"onbackorder","11":"taxable","12":"shipping-taxable","13":"purchasable","14":"product-type-simple"},"acf":[],"aioseo_notices":[],"jetpack_sharing_enabled":true,"brands":[{"id":2410,"name":"VELLEMAN","slug":"velleman"}],"_links":{"self":[{"href":"https:\/\/westbalt.ee\/index.php?rest_route=\/wp\/v2\/product\/15341","targetHints":{"allow":["GET"]}}],"collection":[{"href":"https:\/\/westbalt.ee\/index.php?rest_route=\/wp\/v2\/product"}],"about":[{"href":"https:\/\/westbalt.ee\/index.php?rest_route=\/wp\/v2\/types\/product"}],"replies":[{"embeddable":true,"href":"https:\/\/westbalt.ee\/index.php?rest_route=%2Fwp%2Fv2%2Fcomments&post=15341"}],"wp:featuredmedia":[{"embeddable":true,"href":"https:\/\/westbalt.ee\/index.php?rest_route=\/wp\/v2\/media\/15342"}],"wp:attachment":[{"href":"https:\/\/westbalt.ee\/index.php?rest_route=%2Fwp%2Fv2%2Fmedia&parent=15341"}],"wp:term":[{"taxonomy":"pwb-brand","embeddable":true,"href":"https:\/\/westbalt.ee\/index.php?rest_route=%2Fwp%2Fv2%2Fpwb-brand&post=15341"},{"taxonomy":"product_brand","embeddable":true,"href":"https:\/\/westbalt.ee\/index.php?rest_route=%2Fwp%2Fv2%2Fproduct_brand&post=15341"},{"taxonomy":"product_cat","embeddable":true,"href":"https:\/\/westbalt.ee\/index.php?rest_route=%2Fwp%2Fv2%2Fproduct_cat&post=15341"},{"taxonomy":"product_tag","embeddable":true,"href":"https:\/\/westbalt.ee\/index.php?rest_route=%2Fwp%2Fv2%2Fproduct_tag&post=15341"}],"curies":[{"name":"wp","href":"https:\/\/api.w.org\/{rel}","templated":true}]}}