{"id":15536,"date":"2012-10-08T21:00:34","date_gmt":"2012-10-08T18:00:34","guid":{"rendered":"https:\/\/westbalt.ee\/?post_type=product&#038;p=15536"},"modified":"2026-03-21T19:48:06","modified_gmt":"2026-03-21T16:48:06","slug":"led-riba-300led-3528-12v-5m-rgb","status":"publish","type":"product","link":"https:\/\/westbalt.ee\/?product=led-riba-300led-3528-12v-5m-rgb","title":{"rendered":"LED riba 300LED\/5050\/12V\/5m\/RGB IP20 12W\/M"},"content":{"rendered":"<p>RGB LED-ribad koosnevad kolmest kiibist (punane, roheline ja sinine), mis on paigutatud \u00fchte korpusesse. Saadud riba v\u00e4rv saavutatakse seej\u00e4rel iga RGB-kiibi erineva valgustugevuse kombineerimisega.<\/p>\n<p>Soovitud intensiivsuse ja v\u00e4rvi m\u00e4\u00e4ramiseks on soovitatav valida \u00fcks pakutavatest RGB <a href=\"https:\/\/westbalt.ee\/?s=rgb+kontroller&amp;product_cat=0&amp;post_type=product\">kontrolleritest<\/a>.<br \/>\nLed-ribasid saab l\u00f5igata \u00fcksikuteks mooduliteks (iga moodul koosneb 3 LED-kiibist). Neid saab \u00fchendada vastavate pistikutega v\u00f5i joota.<\/p>\n<p>LED-ribade pika eluea ja korraliku toimimise tagamiseks on soovitatav paigaldada need <a href=\"https:\/\/westbalt.ee\/?s=alumiiniumprofiil&amp;product_cat=0&amp;post_type=product\">AL-profiilidesse<\/a>, mis tagab LED-ribade soojuse hajumise ja jahutamise.<\/p>\n","protected":false},"excerpt":{"rendered":"<p>&#8211; toide: 12V DC<br \/>\n&#8211; kiibi t\u00fc\u00fcp: 5050<br \/>\n&#8211; LED-ide arv: 60\/m<br \/>\n&#8211; tarbimine: max.\u00a012 W\/m<br \/>\n&#8211; v\u00e4rvus: RGB<br \/>\n&#8211; valgusvoog: 12-15 lm\/LED<br \/>\n&#8211; valgusvihu nurk: 120\u00b0<br \/>\n&#8211; kaitse: IP20 (ei ole veekindel)<br \/>\n&#8211; m\u00f5\u00f5dud: 10 mm x 5 m<br \/>\n&#8211; t\u00f6\u00f6temperatuur: -25\u00b0 kuni 85\u00b0 C<br \/>\n&#8211; tagak\u00fcljel kahepoolne isekleepuv 3M teip &#8211; enne pealekandmist tuleb pind mustusest puhastada ja rasvatustada<br \/>\n&#8211; hind on 5 m LED-ribale<\/p>\n","protected":false},"featured_media":28343,"comment_status":"open","ping_status":"closed","template":"","meta":{"_acf_changed":false,"_monsterinsights_skip_tracking":false,"_monsterinsights_sitenote_active":false,"_monsterinsights_sitenote_note":"","_monsterinsights_sitenote_category":0},"pwb-brand":[],"product_brand":[],"product_cat":[163],"product_tag":[],"class_list":{"0":"post-15536","1":"product","2":"type-product","3":"status-publish","4":"has-post-thumbnail","6":"product_cat-led-ribad-ja-moodulid","8":"first","9":"onbackorder","10":"taxable","11":"shipping-taxable","12":"purchasable","13":"product-type-simple"},"acf":[],"aioseo_notices":[],"jetpack_sharing_enabled":true,"brands":[],"_links":{"self":[{"href":"https:\/\/westbalt.ee\/index.php?rest_route=\/wp\/v2\/product\/15536","targetHints":{"allow":["GET"]}}],"collection":[{"href":"https:\/\/westbalt.ee\/index.php?rest_route=\/wp\/v2\/product"}],"about":[{"href":"https:\/\/westbalt.ee\/index.php?rest_route=\/wp\/v2\/types\/product"}],"replies":[{"embeddable":true,"href":"https:\/\/westbalt.ee\/index.php?rest_route=%2Fwp%2Fv2%2Fcomments&post=15536"}],"wp:featuredmedia":[{"embeddable":true,"href":"https:\/\/westbalt.ee\/index.php?rest_route=\/wp\/v2\/media\/28343"}],"wp:attachment":[{"href":"https:\/\/westbalt.ee\/index.php?rest_route=%2Fwp%2Fv2%2Fmedia&parent=15536"}],"wp:term":[{"taxonomy":"pwb-brand","embeddable":true,"href":"https:\/\/westbalt.ee\/index.php?rest_route=%2Fwp%2Fv2%2Fpwb-brand&post=15536"},{"taxonomy":"product_brand","embeddable":true,"href":"https:\/\/westbalt.ee\/index.php?rest_route=%2Fwp%2Fv2%2Fproduct_brand&post=15536"},{"taxonomy":"product_cat","embeddable":true,"href":"https:\/\/westbalt.ee\/index.php?rest_route=%2Fwp%2Fv2%2Fproduct_cat&post=15536"},{"taxonomy":"product_tag","embeddable":true,"href":"https:\/\/westbalt.ee\/index.php?rest_route=%2Fwp%2Fv2%2Fproduct_tag&post=15536"}],"curies":[{"name":"wp","href":"https:\/\/api.w.org\/{rel}","templated":true}]}}