{"id":15640,"date":"2022-10-15T21:30:55","date_gmt":"2022-10-15T18:30:55","guid":{"rendered":"https:\/\/westbalt.ee\/?post_type=product&#038;p=15640"},"modified":"2026-04-12T16:14:41","modified_gmt":"2026-04-12T13:14:41","slug":"pingedetektor-uni-t-ut12a-90-1000vac-beep-led","status":"publish","type":"product","link":"https:\/\/westbalt.ee\/?product=pingedetektor-uni-t-ut12a-90-1000vac-beep-led","title":{"rendered":"Pingedetektor UNI-T UT12S-EU 90~1000VAC Beep &#038; LED"},"content":{"rendered":"<p>&#8211; Tuvastab v\u00f5rgu vahelduvpinge 90 ~ 1000 V<br \/>\n&#8211; Helisignaal ja vilkuv LED n\u00e4itavad pinge olemasolu<br \/>\n&#8211; Automaatne v\u00e4ljal\u00fclitus<br \/>\n&#8211; Sisseehitatud taskulamp<br \/>\n&#8211; Kukkumiskindlus: 1m<br \/>\n&#8211; Sagedusvahemik: 50\/60 Hz<br \/>\n&#8211; Toide: 1,5 V patarei (R03) x 2, komplektis<\/p>\n","protected":false},"excerpt":{"rendered":"<p>Kontaktivaba vahelduvpinge detektor sisseehitatud taskulambi ja akustilis-optilise hoiatusfunktsiooniga. Lihtsalt asetage anduri pea katseobjekti l\u00e4hedusse v\u00f5i vahelduvvoolu pistikupessa. Vahelduvpinge tuvastamisel s\u00fcttib otsal olev punane LED-tuli ja kostab helisignaal.<\/p>\n","protected":false},"featured_media":28394,"comment_status":"open","ping_status":"closed","template":"","meta":{"_acf_changed":false,"_monsterinsights_skip_tracking":false,"_monsterinsights_sitenote_active":false,"_monsterinsights_sitenote_note":"","_monsterinsights_sitenote_category":0},"pwb-brand":[2409],"product_brand":[],"product_cat":[297],"product_tag":[],"class_list":{"0":"post-15640","1":"product","2":"type-product","3":"status-publish","4":"has-post-thumbnail","6":"pwb-brand-uni-t","7":"product_cat-elektriku-tooriistad","8":"pa_m-dud-150-x-109-mm","10":"first","11":"instock","12":"taxable","13":"shipping-taxable","14":"purchasable","15":"product-type-simple"},"acf":[],"aioseo_notices":[],"jetpack_sharing_enabled":true,"brands":[{"id":2409,"name":"UNI-T","slug":"uni-t"}],"_links":{"self":[{"href":"https:\/\/westbalt.ee\/index.php?rest_route=\/wp\/v2\/product\/15640","targetHints":{"allow":["GET"]}}],"collection":[{"href":"https:\/\/westbalt.ee\/index.php?rest_route=\/wp\/v2\/product"}],"about":[{"href":"https:\/\/westbalt.ee\/index.php?rest_route=\/wp\/v2\/types\/product"}],"replies":[{"embeddable":true,"href":"https:\/\/westbalt.ee\/index.php?rest_route=%2Fwp%2Fv2%2Fcomments&post=15640"}],"wp:featuredmedia":[{"embeddable":true,"href":"https:\/\/westbalt.ee\/index.php?rest_route=\/wp\/v2\/media\/28394"}],"wp:attachment":[{"href":"https:\/\/westbalt.ee\/index.php?rest_route=%2Fwp%2Fv2%2Fmedia&parent=15640"}],"wp:term":[{"taxonomy":"pwb-brand","embeddable":true,"href":"https:\/\/westbalt.ee\/index.php?rest_route=%2Fwp%2Fv2%2Fpwb-brand&post=15640"},{"taxonomy":"product_brand","embeddable":true,"href":"https:\/\/westbalt.ee\/index.php?rest_route=%2Fwp%2Fv2%2Fproduct_brand&post=15640"},{"taxonomy":"product_cat","embeddable":true,"href":"https:\/\/westbalt.ee\/index.php?rest_route=%2Fwp%2Fv2%2Fproduct_cat&post=15640"},{"taxonomy":"product_tag","embeddable":true,"href":"https:\/\/westbalt.ee\/index.php?rest_route=%2Fwp%2Fv2%2Fproduct_tag&post=15640"}],"curies":[{"name":"wp","href":"https:\/\/api.w.org\/{rel}","templated":true}]}}