{"id":15733,"date":"2021-06-08T21:56:40","date_gmt":"2021-06-08T18:56:40","guid":{"rendered":"https:\/\/westbalt.ee\/?post_type=product&#038;p=15733"},"modified":"2026-03-21T19:45:13","modified_gmt":"2026-03-21T16:45:13","slug":"residual-current-circuit-breaker-2p-40a-30ma-a-chint","status":"publish","type":"product","link":"https:\/\/westbalt.ee\/?product=residual-current-circuit-breaker-2p-40a-30ma-a-chint","title":{"rendered":"Rikkevoolukaitse 1P+N,16A,B,30mA, 1-mood., kombineeritud"},"content":{"rendered":"<p>Elektriline kasutusiga 4000 ts\u00fcklit<br \/>\nMehhaaniline kasutusiga 10000 ts\u00fcklit<br \/>\nKontakti asendi indikaator, testnupp<br \/>\nKaitseaste IP20<br \/>\nT\u00f6\u00f6keskkonna temperatuur-25C\u00b0 \u2026 +40C\u00b0 (p\u00e4eva keskmine temperatuur ei tohi \u00fcletada +35C\u00b0)<br \/>\nKlemmidele sobivad \u00fchendused kaabel 1,0 \u2026 16,0 mm\u00b2 v\u00f5i kammlatt<br \/>\nKlemmi kruvi maksimaalne pingutuse v\u00e4\u00e4ndej\u00f5ud 2,5 Nm<br \/>\nKinnitus DIN-liistule (35mm)<br \/>\n\u00dchendamine: Sisenevad ja v\u00e4ljuvad juhtmed (kammlatt) kinnitada sama otsa (\u00fcmemine\/alumine) vastavatele L ja N klemmidele, voolu suund (\u00fclemistelt klemmidelt alumistele v\u00f5i vastupidi) ei oma t\u00e4htsust.<\/p>\n","protected":false},"excerpt":{"rendered":"<p>Vastavus standardile IEC\/EN 61009\/1<br \/>\nKaitse rikkevool-, \u00fclevoolu-, l\u00fchisekaitse<br \/>\nVallandumist\u00fc\u00fcp A (vallandumine siinuslainelise AC-rikkevoolu ja impulsilise DC-rikkevoolu puhul)<br \/>\nPoolused 1P + N (1 faas ja neutraal, kontakt lahutab m\u00f5lemad poollused)<br \/>\nSeadme laius 1 moodul (18 mm)<br \/>\nNimivool (In) 16 A<br \/>\nNimivallandumisvool (I\u0394n) 30mA = 0,03 A<br \/>\nKatkestusaeg nimivallandumisvoolul I\u0394n \u2264 0,1 sek.<br \/>\nNimipinge (Ue) 230-240 V<br \/>\nNimilahutusv\u00f5ime 6000 A = 6 kA<\/p>\n","protected":false},"featured_media":35822,"comment_status":"open","ping_status":"closed","template":"","meta":{"_acf_changed":false,"_monsterinsights_skip_tracking":false,"_monsterinsights_sitenote_active":false,"_monsterinsights_sitenote_note":"","_monsterinsights_sitenote_category":0},"pwb-brand":[],"product_brand":[],"product_cat":[264],"product_tag":[],"class_list":{"0":"post-15733","1":"product","2":"type-product","3":"status-publish","4":"has-post-thumbnail","6":"product_cat-other-circuit-breakers","8":"first","9":"instock","10":"taxable","11":"shipping-taxable","12":"purchasable","13":"product-type-simple"},"acf":[],"aioseo_notices":[],"jetpack_sharing_enabled":true,"brands":[],"_links":{"self":[{"href":"https:\/\/westbalt.ee\/index.php?rest_route=\/wp\/v2\/product\/15733","targetHints":{"allow":["GET"]}}],"collection":[{"href":"https:\/\/westbalt.ee\/index.php?rest_route=\/wp\/v2\/product"}],"about":[{"href":"https:\/\/westbalt.ee\/index.php?rest_route=\/wp\/v2\/types\/product"}],"replies":[{"embeddable":true,"href":"https:\/\/westbalt.ee\/index.php?rest_route=%2Fwp%2Fv2%2Fcomments&post=15733"}],"wp:featuredmedia":[{"embeddable":true,"href":"https:\/\/westbalt.ee\/index.php?rest_route=\/wp\/v2\/media\/35822"}],"wp:attachment":[{"href":"https:\/\/westbalt.ee\/index.php?rest_route=%2Fwp%2Fv2%2Fmedia&parent=15733"}],"wp:term":[{"taxonomy":"pwb-brand","embeddable":true,"href":"https:\/\/westbalt.ee\/index.php?rest_route=%2Fwp%2Fv2%2Fpwb-brand&post=15733"},{"taxonomy":"product_brand","embeddable":true,"href":"https:\/\/westbalt.ee\/index.php?rest_route=%2Fwp%2Fv2%2Fproduct_brand&post=15733"},{"taxonomy":"product_cat","embeddable":true,"href":"https:\/\/westbalt.ee\/index.php?rest_route=%2Fwp%2Fv2%2Fproduct_cat&post=15733"},{"taxonomy":"product_tag","embeddable":true,"href":"https:\/\/westbalt.ee\/index.php?rest_route=%2Fwp%2Fv2%2Fproduct_tag&post=15733"}],"curies":[{"name":"wp","href":"https:\/\/api.w.org\/{rel}","templated":true}]}}