{"id":15979,"date":"2013-01-11T09:58:19","date_gmt":"2013-01-11T06:58:19","guid":{"rendered":"https:\/\/westbalt.ee\/?post_type=product&#038;p=15979"},"modified":"2026-03-21T19:47:43","modified_gmt":"2026-03-21T16:47:43","slug":"adapter-9-24v-1-5a-24w-hq","status":"publish","type":"product","link":"https:\/\/westbalt.ee\/?product=adapter-9-24v-1-5a-24w-hq","title":{"rendered":"Adapter 9-24V\/1.5A 24W HQ"},"content":{"rendered":"<li>Sisendpinge: 100 &#8211; 240AC V\n<li>V\u00e4ljundpinge stabiliseeritud: 9.0\/12\/13.5\/15\/18\/20\/24 V DC\n<li>V\u00e4ljundv\u00f5imsus: 24 W\n<li>V\u00e4ljundvool: 9.0\/12\/13.5\/15 V @ 1.5 A ;  18\/20 V @ 1.2 A ;  24 V @ 1 A\n<li>Pistikute m\u00f5\u00f5tmed: 2.5 x 2.1 mm \u2022 3.5 x 2.1 mm \u2022 5.0 x 2.1 mm \u2022 5.5 x 2.5 mm \u2022 3.5 x 1.35 mm \u2022 5.5 x 1.5 mm<br \/>\n","protected":false},"excerpt":{"rendered":"<p>V\u00e4ga kompaktne ja super t\u00f5hus universaalne 1500 mA toiteadapter 9-24 V v\u00e4ljundi ja LED-indikaatoriga.<\/p>\n","protected":false},"featured_media":15980,"comment_status":"open","ping_status":"open","template":"","meta":{"_acf_changed":false,"_monsterinsights_skip_tracking":false,"_monsterinsights_sitenote_active":false,"_monsterinsights_sitenote_note":"","_monsterinsights_sitenote_category":0},"pwb-brand":[2427],"product_brand":[],"product_cat":[319],"product_tag":[],"class_list":{"0":"post-15979","1":"product","2":"type-product","3":"status-publish","4":"has-post-thumbnail","6":"pwb-brand-hq","7":"product_cat-toiteadapterid","8":"pa_m-dud-88-x-51-x-42-mm","9":"pa_varv-must","11":"first","12":"outofstock","13":"taxable","14":"shipping-taxable","15":"purchasable","16":"product-type-simple"},"acf":[],"aioseo_notices":[],"jetpack_sharing_enabled":true,"brands":[{"id":2427,"name":"HQ","slug":"hq"}],"_links":{"self":[{"href":"https:\/\/westbalt.ee\/index.php?rest_route=\/wp\/v2\/product\/15979","targetHints":{"allow":["GET"]}}],"collection":[{"href":"https:\/\/westbalt.ee\/index.php?rest_route=\/wp\/v2\/product"}],"about":[{"href":"https:\/\/westbalt.ee\/index.php?rest_route=\/wp\/v2\/types\/product"}],"replies":[{"embeddable":true,"href":"https:\/\/westbalt.ee\/index.php?rest_route=%2Fwp%2Fv2%2Fcomments&post=15979"}],"wp:featuredmedia":[{"embeddable":true,"href":"https:\/\/westbalt.ee\/index.php?rest_route=\/wp\/v2\/media\/15980"}],"wp:attachment":[{"href":"https:\/\/westbalt.ee\/index.php?rest_route=%2Fwp%2Fv2%2Fmedia&parent=15979"}],"wp:term":[{"taxonomy":"pwb-brand","embeddable":true,"href":"https:\/\/westbalt.ee\/index.php?rest_route=%2Fwp%2Fv2%2Fpwb-brand&post=15979"},{"taxonomy":"product_brand","embeddable":true,"href":"https:\/\/westbalt.ee\/index.php?rest_route=%2Fwp%2Fv2%2Fproduct_brand&post=15979"},{"taxonomy":"product_cat","embeddable":true,"href":"https:\/\/westbalt.ee\/index.php?rest_route=%2Fwp%2Fv2%2Fproduct_cat&post=15979"},{"taxonomy":"product_tag","embeddable":true,"href":"https:\/\/westbalt.ee\/index.php?rest_route=%2Fwp%2Fv2%2Fproduct_tag&post=15979"}],"curies":[{"name":"wp","href":"https:\/\/api.w.org\/{rel}","templated":true}]}}