{"id":16116,"date":"2013-02-20T16:52:46","date_gmt":"2013-02-20T13:52:46","guid":{"rendered":"https:\/\/westbalt.ee\/?post_type=product&#038;p=16116"},"modified":"2026-03-21T19:45:09","modified_gmt":"2026-03-21T16:45:09","slug":"rgb-led-kontroller-puutetundliku-puldiga-3x4a","status":"publish","type":"product","link":"https:\/\/westbalt.ee\/?product=rgb-led-kontroller-puutetundliku-puldiga-3x4a","title":{"rendered":"RGB LED kontroller, puutetundliku puldiga, 3x4A"},"content":{"rendered":"<p>Kaugjuhtimispult on stiilne ja v\u00e4ga kasutajas\u00f5bralik puutetundlik ratas. See kontroller on ka 8-sammuline dimmer.<\/p>\n","protected":false},"excerpt":{"rendered":"<p>Lihtne \u00fchendus.<br \/>\nSisendpinge: 12V DC<br \/>\nV\u00e4ljund: 3x CMOS v\u00e4ljund<br \/>\nM\u00e4lu (kui toide on v\u00e4lja l\u00fclitatud)<br \/>\nT\u00f6\u00f6temperatuur: -20 kuni 60 \u00b0 C<\/p>\n","protected":false},"featured_media":16117,"comment_status":"open","ping_status":"open","template":"","meta":{"_acf_changed":false,"_monsterinsights_skip_tracking":false,"_monsterinsights_sitenote_active":false,"_monsterinsights_sitenote_note":"","_monsterinsights_sitenote_category":0},"pwb-brand":[],"product_brand":[],"product_cat":[163],"product_tag":[],"class_list":{"0":"post-16116","1":"product","2":"type-product","3":"status-publish","4":"has-post-thumbnail","6":"product_cat-led-ribad-ja-moodulid","7":"pa_m-dud-l-x-w-x-h-130-x-65-x-25-mm","9":"first","10":"instock","11":"taxable","12":"shipping-taxable","13":"purchasable","14":"product-type-simple"},"acf":[],"aioseo_notices":[],"jetpack_sharing_enabled":true,"brands":[],"_links":{"self":[{"href":"https:\/\/westbalt.ee\/index.php?rest_route=\/wp\/v2\/product\/16116","targetHints":{"allow":["GET"]}}],"collection":[{"href":"https:\/\/westbalt.ee\/index.php?rest_route=\/wp\/v2\/product"}],"about":[{"href":"https:\/\/westbalt.ee\/index.php?rest_route=\/wp\/v2\/types\/product"}],"replies":[{"embeddable":true,"href":"https:\/\/westbalt.ee\/index.php?rest_route=%2Fwp%2Fv2%2Fcomments&post=16116"}],"wp:featuredmedia":[{"embeddable":true,"href":"https:\/\/westbalt.ee\/index.php?rest_route=\/wp\/v2\/media\/16117"}],"wp:attachment":[{"href":"https:\/\/westbalt.ee\/index.php?rest_route=%2Fwp%2Fv2%2Fmedia&parent=16116"}],"wp:term":[{"taxonomy":"pwb-brand","embeddable":true,"href":"https:\/\/westbalt.ee\/index.php?rest_route=%2Fwp%2Fv2%2Fpwb-brand&post=16116"},{"taxonomy":"product_brand","embeddable":true,"href":"https:\/\/westbalt.ee\/index.php?rest_route=%2Fwp%2Fv2%2Fproduct_brand&post=16116"},{"taxonomy":"product_cat","embeddable":true,"href":"https:\/\/westbalt.ee\/index.php?rest_route=%2Fwp%2Fv2%2Fproduct_cat&post=16116"},{"taxonomy":"product_tag","embeddable":true,"href":"https:\/\/westbalt.ee\/index.php?rest_route=%2Fwp%2Fv2%2Fproduct_tag&post=16116"}],"curies":[{"name":"wp","href":"https:\/\/api.w.org\/{rel}","templated":true}]}}