{"id":16330,"date":"2013-03-30T14:15:38","date_gmt":"2013-03-30T11:15:38","guid":{"rendered":"https:\/\/westbalt.ee\/?post_type=product&#038;p=16330"},"modified":"2026-03-21T19:53:40","modified_gmt":"2026-03-21T16:53:40","slug":"kaablimargid-1-1-2-5mm-600tk","status":"publish","type":"product","link":"https:\/\/westbalt.ee\/?product=kaablimargid-1-1-2-5mm-600tk","title":{"rendered":"Kaablim\u00e4rgid 1.1&#8230;2.5mm 600tk"},"content":{"rendered":"<p>&#8211;<\/p>\n","protected":false},"excerpt":{"rendered":"<p>Juhtme v\u00e4lisdiameeter 1.1&#8230;2.5mm<br \/>\nT\u00f6\u00f6temperatuur -30&#8230;100\u00b0C<br \/>\nSisaldab 30 tk igat s\u00fcmbolit: numbrid 0-9, t\u00e4hed R,S,T,U,V,W,L, t\u00e4hem\u00e4rgid: pluss, miinus, maandus<\/p>\n","protected":false},"featured_media":16331,"comment_status":"open","ping_status":"open","template":"","meta":{"_acf_changed":false,"_monsterinsights_skip_tracking":false,"_monsterinsights_sitenote_active":false,"_monsterinsights_sitenote_note":"","_monsterinsights_sitenote_category":0},"pwb-brand":[],"product_brand":[],"product_cat":[287],"product_tag":[],"class_list":{"0":"post-16330","1":"product","2":"type-product","3":"status-publish","4":"has-post-thumbnail","6":"product_cat-kaablisidemed-kinnitusklambrid","7":"pa_m-dud-h-3mm-a-6mm-l-5mm","9":"first","10":"outofstock","11":"taxable","12":"shipping-taxable","13":"purchasable","14":"product-type-simple"},"acf":[],"aioseo_notices":[],"jetpack_sharing_enabled":true,"brands":[],"_links":{"self":[{"href":"https:\/\/westbalt.ee\/index.php?rest_route=\/wp\/v2\/product\/16330","targetHints":{"allow":["GET"]}}],"collection":[{"href":"https:\/\/westbalt.ee\/index.php?rest_route=\/wp\/v2\/product"}],"about":[{"href":"https:\/\/westbalt.ee\/index.php?rest_route=\/wp\/v2\/types\/product"}],"replies":[{"embeddable":true,"href":"https:\/\/westbalt.ee\/index.php?rest_route=%2Fwp%2Fv2%2Fcomments&post=16330"}],"wp:featuredmedia":[{"embeddable":true,"href":"https:\/\/westbalt.ee\/index.php?rest_route=\/wp\/v2\/media\/16331"}],"wp:attachment":[{"href":"https:\/\/westbalt.ee\/index.php?rest_route=%2Fwp%2Fv2%2Fmedia&parent=16330"}],"wp:term":[{"taxonomy":"pwb-brand","embeddable":true,"href":"https:\/\/westbalt.ee\/index.php?rest_route=%2Fwp%2Fv2%2Fpwb-brand&post=16330"},{"taxonomy":"product_brand","embeddable":true,"href":"https:\/\/westbalt.ee\/index.php?rest_route=%2Fwp%2Fv2%2Fproduct_brand&post=16330"},{"taxonomy":"product_cat","embeddable":true,"href":"https:\/\/westbalt.ee\/index.php?rest_route=%2Fwp%2Fv2%2Fproduct_cat&post=16330"},{"taxonomy":"product_tag","embeddable":true,"href":"https:\/\/westbalt.ee\/index.php?rest_route=%2Fwp%2Fv2%2Fproduct_tag&post=16330"}],"curies":[{"name":"wp","href":"https:\/\/api.w.org\/{rel}","templated":true}]}}