{"id":16565,"date":"2013-04-18T05:56:50","date_gmt":"2013-04-18T02:56:50","guid":{"rendered":"https:\/\/westbalt.ee\/?post_type=product&#038;p=16565"},"modified":"2026-04-06T18:26:42","modified_gmt":"2026-04-06T15:26:42","slug":"ampertangid-ut203-400a-ac-dc","status":"publish","type":"product","link":"https:\/\/westbalt.ee\/?product=ampertangid-ut203-400a-ac-dc","title":{"rendered":"Ampertangid UT203R 400A AC\/DC"},"content":{"rendered":"<p>&#8211;<\/p>\n","protected":false},"excerpt":{"rendered":"<p>M\u00f5\u00f5tepiirkonnad:<br \/>\nDC pinge: 400mV \/ 4V \/ 40V \/ 400V \/ 600V<br \/>\nAC pinge: 4V \/ 40V \/ 400V \/ 600V<br \/>\nDC vool: 40A \/ 400A<br \/>\nAC vool: 40A \/ 400A<br \/>\nTakistus: 400 Ohm \/ 4 Ohm \/ 40 kOhm \/ 400 kOhm \/ 4 MOhm \/ 40 MOhm<br \/>\nSagedus: 10Hz &#8211; 1MHz<br \/>\nT\u00f6\u00f6ts\u00fckkel: 0.1% ~ 99,9%<\/p>\n<p>ERIFUNKTSIOONID:<br \/>\nDioodi ja pidevuse test<br \/>\nN\u00e4idu fikseering<br \/>\nPolaarsuse indikaator<br \/>\nAutomaatne v\u00e4ljal\u00fclitamine<br \/>\nT\u00fchja patarei n\u00e4idik<br \/>\nSuhteline m\u00f5\u00f5tmisfunktsioon REL<br \/>\nToide: R03 AAA 1,5V x2, komplektis<\/p>\n","protected":false},"featured_media":26805,"comment_status":"open","ping_status":"closed","template":"","meta":{"_acf_changed":false,"_monsterinsights_skip_tracking":false,"_monsterinsights_sitenote_active":false,"_monsterinsights_sitenote_note":"","_monsterinsights_sitenote_category":0},"pwb-brand":[2409],"product_brand":[],"product_cat":[299],"product_tag":[],"class_list":{"0":"post-16565","1":"product","2":"type-product","3":"status-publish","4":"has-post-thumbnail","6":"pwb-brand-uni-t","7":"product_cat-ampertangid","8":"pa_m-dud-210-x-76-x-30mm","10":"first","11":"instock","12":"taxable","13":"shipping-taxable","14":"purchasable","15":"product-type-simple"},"acf":[],"aioseo_notices":[],"jetpack_sharing_enabled":true,"brands":[{"id":2409,"name":"UNI-T","slug":"uni-t"}],"_links":{"self":[{"href":"https:\/\/westbalt.ee\/index.php?rest_route=\/wp\/v2\/product\/16565","targetHints":{"allow":["GET"]}}],"collection":[{"href":"https:\/\/westbalt.ee\/index.php?rest_route=\/wp\/v2\/product"}],"about":[{"href":"https:\/\/westbalt.ee\/index.php?rest_route=\/wp\/v2\/types\/product"}],"replies":[{"embeddable":true,"href":"https:\/\/westbalt.ee\/index.php?rest_route=%2Fwp%2Fv2%2Fcomments&post=16565"}],"wp:featuredmedia":[{"embeddable":true,"href":"https:\/\/westbalt.ee\/index.php?rest_route=\/wp\/v2\/media\/26805"}],"wp:attachment":[{"href":"https:\/\/westbalt.ee\/index.php?rest_route=%2Fwp%2Fv2%2Fmedia&parent=16565"}],"wp:term":[{"taxonomy":"pwb-brand","embeddable":true,"href":"https:\/\/westbalt.ee\/index.php?rest_route=%2Fwp%2Fv2%2Fpwb-brand&post=16565"},{"taxonomy":"product_brand","embeddable":true,"href":"https:\/\/westbalt.ee\/index.php?rest_route=%2Fwp%2Fv2%2Fproduct_brand&post=16565"},{"taxonomy":"product_cat","embeddable":true,"href":"https:\/\/westbalt.ee\/index.php?rest_route=%2Fwp%2Fv2%2Fproduct_cat&post=16565"},{"taxonomy":"product_tag","embeddable":true,"href":"https:\/\/westbalt.ee\/index.php?rest_route=%2Fwp%2Fv2%2Fproduct_tag&post=16565"}],"curies":[{"name":"wp","href":"https:\/\/api.w.org\/{rel}","templated":true}]}}