{"id":16831,"date":"2013-07-23T09:09:12","date_gmt":"2013-07-23T06:09:12","guid":{"rendered":"https:\/\/westbalt.ee\/?post_type=product&#038;p=16831"},"modified":"2026-03-21T19:48:41","modified_gmt":"2026-03-21T16:48:41","slug":"pingetester-uni-t-ut15b-690vac-dc","status":"publish","type":"product","link":"https:\/\/westbalt.ee\/?product=pingetester-uni-t-ut15b-690vac-dc","title":{"rendered":"Pingetester UNI-T UT15B 690VAC\/DC"},"content":{"rendered":"<li> Pinge piirkonnad (AC \/ DC):<br \/>\n<table>\n<tbody>\n<tr>\n<td> &#8211; 12V: 0 kuni 12V LED s\u00fcttib <\/ td><br \/>\n<\/ tr><\/p>\n<tr>\n<td> &#8211; 24V: kuni 19V \u00b1 2V LED s\u00fcttib <\/ td><br \/>\n<\/ tr><\/p>\n<tr>\n<td> &#8211; 50V: kuni 48V \u00b1 6V LED s\u00fcttib <\/ td><br \/>\n<\/ tr><\/p>\n<tr>\n<td> &#8211; 120V: kuni 110V \u00b1 20V LED s\u00fcttib <\/ td><br \/>\n<\/ tr><\/p>\n<tr>\n<td> &#8211; 230V: kuni 200V \u00b1 20V LED s\u00fcttib <\/ td><br \/>\n<\/ tr><\/p>\n<tr>\n<td> &#8211; 400V: kuni  340V \u00b1 30V LED s\u00fcttib <\/ td><br \/>\n<\/ tr><\/p>\n<tr>\n<td> &#8211; 690V: kuni 520V \u00b1 30V LED s\u00fcttib <\/ td><br \/>\n<\/ tr><br \/>\n<\/ tbody><br \/>\n<\/ table><br \/>\n<\/ li><\/p>\n<li> Pidevuse test: 0 kuni 100k\u03a9.J\u00e4rjepidevus LED s\u00fcttib ja k\u00f5lab signaal. <\/ Li>\n<li> Faasi Test: 50Hz 60Hz <\/ li>\n<li> Piirkonna valik: Automaatne <\/ li>\n<li> Polaarsuse tuvastamine: + &#038; &#8211;<\/ li>\n<li> T\u00fchja patareide indikatsioon: kui LED ja helisignaali ei ole, see t\u00e4hendab et patarei on t\u00fchi <\/ li>\n<li> Taskulamp <\/li>\n","protected":false},"excerpt":{"rendered":"<p>Toide: 1,5 V patarei (AAA) x 2<br \/>\nV\u00e4rv: punane ja hall<br \/>\nStandardvarustus: patareid, kasutusjuhend<\/p>\n","protected":false},"featured_media":16832,"comment_status":"open","ping_status":"open","template":"","meta":{"_acf_changed":false,"_monsterinsights_skip_tracking":false,"_monsterinsights_sitenote_active":false,"_monsterinsights_sitenote_note":"","_monsterinsights_sitenote_category":0},"pwb-brand":[2409],"product_brand":[],"product_cat":[297],"product_tag":[],"class_list":{"0":"post-16831","1":"product","2":"type-product","3":"status-publish","4":"has-post-thumbnail","6":"pwb-brand-uni-t","7":"product_cat-elektriku-tooriistad","8":"pa_m-dud-275-x-51-x-30mm","10":"first","11":"onbackorder","12":"taxable","13":"shipping-taxable","14":"purchasable","15":"product-type-simple"},"acf":[],"aioseo_notices":[],"jetpack_sharing_enabled":true,"brands":[{"id":2409,"name":"UNI-T","slug":"uni-t"}],"_links":{"self":[{"href":"https:\/\/westbalt.ee\/index.php?rest_route=\/wp\/v2\/product\/16831","targetHints":{"allow":["GET"]}}],"collection":[{"href":"https:\/\/westbalt.ee\/index.php?rest_route=\/wp\/v2\/product"}],"about":[{"href":"https:\/\/westbalt.ee\/index.php?rest_route=\/wp\/v2\/types\/product"}],"replies":[{"embeddable":true,"href":"https:\/\/westbalt.ee\/index.php?rest_route=%2Fwp%2Fv2%2Fcomments&post=16831"}],"wp:featuredmedia":[{"embeddable":true,"href":"https:\/\/westbalt.ee\/index.php?rest_route=\/wp\/v2\/media\/16832"}],"wp:attachment":[{"href":"https:\/\/westbalt.ee\/index.php?rest_route=%2Fwp%2Fv2%2Fmedia&parent=16831"}],"wp:term":[{"taxonomy":"pwb-brand","embeddable":true,"href":"https:\/\/westbalt.ee\/index.php?rest_route=%2Fwp%2Fv2%2Fpwb-brand&post=16831"},{"taxonomy":"product_brand","embeddable":true,"href":"https:\/\/westbalt.ee\/index.php?rest_route=%2Fwp%2Fv2%2Fproduct_brand&post=16831"},{"taxonomy":"product_cat","embeddable":true,"href":"https:\/\/westbalt.ee\/index.php?rest_route=%2Fwp%2Fv2%2Fproduct_cat&post=16831"},{"taxonomy":"product_tag","embeddable":true,"href":"https:\/\/westbalt.ee\/index.php?rest_route=%2Fwp%2Fv2%2Fproduct_tag&post=16831"}],"curies":[{"name":"wp","href":"https:\/\/api.w.org\/{rel}","templated":true}]}}