{"id":16954,"date":"2013-09-27T07:38:17","date_gmt":"2013-09-27T04:38:17","guid":{"rendered":"https:\/\/westbalt.ee\/?post_type=product&#038;p=16954"},"modified":"2026-03-21T19:47:06","modified_gmt":"2026-03-21T16:47:06","slug":"juhtmehoidik-kruviklambriga-rd-8-10-mm","status":"publish","type":"product","link":"https:\/\/westbalt.ee\/?product=juhtmehoidik-kruviklambriga-rd-8-10-mm","title":{"rendered":"Juhtmehoidik kruviklambriga Rd 8\u201310 mm"},"content":{"rendered":"<p>&#8211;<\/p>\n","protected":false},"excerpt":{"rendered":"<p>\u2022 Sisekeermega M8 v\u00f5i l\u00e4biva avaga \u00d8 7 mm<br \/>\n\u2022 2 kuuskantpeakruviga kinnitatud klambripealis<\/p>\n","protected":false},"featured_media":16955,"comment_status":"open","ping_status":"open","template":"","meta":{"_acf_changed":false,"_monsterinsights_skip_tracking":false,"_monsterinsights_sitenote_active":false,"_monsterinsights_sitenote_note":"","_monsterinsights_sitenote_category":0},"pwb-brand":[2447],"product_brand":[],"product_cat":[351],"product_tag":[],"class_list":{"0":"post-16954","1":"product","2":"type-product","3":"status-publish","4":"has-post-thumbnail","6":"pwb-brand-obo-bettermann","7":"product_cat-maandus-ja-piksekaitse","8":"pa_m-dud-oe-135-5-mm-h-76-mm","10":"first","11":"outofstock","12":"taxable","13":"shipping-taxable","14":"purchasable","15":"product-type-simple"},"acf":[],"aioseo_notices":[],"jetpack_sharing_enabled":true,"brands":[{"id":2447,"name":"OBO Bettermann","slug":"obo-bettermann"}],"_links":{"self":[{"href":"https:\/\/westbalt.ee\/index.php?rest_route=\/wp\/v2\/product\/16954","targetHints":{"allow":["GET"]}}],"collection":[{"href":"https:\/\/westbalt.ee\/index.php?rest_route=\/wp\/v2\/product"}],"about":[{"href":"https:\/\/westbalt.ee\/index.php?rest_route=\/wp\/v2\/types\/product"}],"replies":[{"embeddable":true,"href":"https:\/\/westbalt.ee\/index.php?rest_route=%2Fwp%2Fv2%2Fcomments&post=16954"}],"wp:featuredmedia":[{"embeddable":true,"href":"https:\/\/westbalt.ee\/index.php?rest_route=\/wp\/v2\/media\/16955"}],"wp:attachment":[{"href":"https:\/\/westbalt.ee\/index.php?rest_route=%2Fwp%2Fv2%2Fmedia&parent=16954"}],"wp:term":[{"taxonomy":"pwb-brand","embeddable":true,"href":"https:\/\/westbalt.ee\/index.php?rest_route=%2Fwp%2Fv2%2Fpwb-brand&post=16954"},{"taxonomy":"product_brand","embeddable":true,"href":"https:\/\/westbalt.ee\/index.php?rest_route=%2Fwp%2Fv2%2Fproduct_brand&post=16954"},{"taxonomy":"product_cat","embeddable":true,"href":"https:\/\/westbalt.ee\/index.php?rest_route=%2Fwp%2Fv2%2Fproduct_cat&post=16954"},{"taxonomy":"product_tag","embeddable":true,"href":"https:\/\/westbalt.ee\/index.php?rest_route=%2Fwp%2Fv2%2Fproduct_tag&post=16954"}],"curies":[{"name":"wp","href":"https:\/\/api.w.org\/{rel}","templated":true}]}}