{"id":17171,"date":"2013-12-10T17:48:06","date_gmt":"2013-12-10T14:48:06","guid":{"rendered":"https:\/\/westbalt.ee\/?post_type=product&#038;p=17171"},"modified":"2026-03-21T19:51:28","modified_gmt":"2026-03-21T16:51:28","slug":"multimeeter-toongeneraatoriga-kaabliotsija-la-1014","status":"publish","type":"product","link":"https:\/\/westbalt.ee\/?product=multimeeter-toongeneraatoriga-kaabliotsija-la-1014","title":{"rendered":"Multimeeter \/ Toongeneraatoriga kaabliotsija LA-1014"},"content":{"rendered":"<p>&#8211;<\/p>\n","protected":false},"excerpt":{"rendered":"<p>2 in 1 kaabli tester ja multimeeter v\u00f5imaldab kasutajal kergesti m\u00f5\u00f5ta DC \/ AC pinget, voolutugevust, takistust,  kontrollida dioode ja kaablite pidevust. Kaabli juhtmete identifitseerimine ja telefoniliinide korrasoleku-\u00fchenduste kontroll. Koosneb proovikust ja generaatorist, generaatorist saadetakse kaablisse signaal ning proovikuga otsitakse kaablit v\u00f5i kaabli katkestust.<br \/>\n\u00b7 DC pinge: 200mV\/2V\/20V\/200V\/600V.<br \/>\n\u00b7 AC Voltage: 2V\/20V\/200V\/600V<br \/>\n\u00b7 Alalisvool: 200\u03bcA\/2000\u03bcA\/20mA\/200mA<br \/>\n\u00b7 Vahelduvvool: 200\u03bcA\/2000\u03bcA\/20mA\/200mA<br \/>\n\u00b7 Takistus: 200\u03a9\/2k\u03a9\/20k\u03a9\/200k\u03a9\/2M\u03a9\/20M\u03a9<br \/>\n\u00b7 Maks. v\u00e4ljundpinge: 600V AC \/ DC<br \/>\n\u00b7 Toongeneraatori v\u00e4ljund: 800-860Hz \/ 800-1050Hz<br \/>\n\u00b7 Toide: 9V 2x AAA bateries<br \/>\n\u00b7 T\u00f6\u00f6temperatuur: 0 ~ 40 \u00b0 C (32 ~ 104 \u00b0 F)<br \/>\n\u00b7 S\u00e4ilitustemperatuur: -10 \u00b0 C ~ 50 \u00b0 C (14 ~ 122 \u00b0 F)<\/p>\n","protected":false},"featured_media":17172,"comment_status":"open","ping_status":"open","template":"","meta":{"_acf_changed":false,"_monsterinsights_skip_tracking":false,"_monsterinsights_sitenote_active":false,"_monsterinsights_sitenote_note":"","_monsterinsights_sitenote_category":0},"pwb-brand":[],"product_brand":[],"product_cat":[300,301],"product_tag":[],"class_list":{"0":"post-17171","1":"product","2":"type-product","3":"status-publish","4":"has-post-thumbnail","6":"product_cat-elektriinstallatsiooni-m-teriistad","7":"product_cat-spets-m-teriistad","8":"pa_m-dud-162-x-74-5-x-44mm","9":"pa_varv-sinine","11":"first","12":"instock","13":"taxable","14":"shipping-taxable","15":"purchasable","16":"product-type-simple"},"acf":[],"aioseo_notices":[],"jetpack_sharing_enabled":true,"brands":[],"_links":{"self":[{"href":"https:\/\/westbalt.ee\/index.php?rest_route=\/wp\/v2\/product\/17171","targetHints":{"allow":["GET"]}}],"collection":[{"href":"https:\/\/westbalt.ee\/index.php?rest_route=\/wp\/v2\/product"}],"about":[{"href":"https:\/\/westbalt.ee\/index.php?rest_route=\/wp\/v2\/types\/product"}],"replies":[{"embeddable":true,"href":"https:\/\/westbalt.ee\/index.php?rest_route=%2Fwp%2Fv2%2Fcomments&post=17171"}],"wp:featuredmedia":[{"embeddable":true,"href":"https:\/\/westbalt.ee\/index.php?rest_route=\/wp\/v2\/media\/17172"}],"wp:attachment":[{"href":"https:\/\/westbalt.ee\/index.php?rest_route=%2Fwp%2Fv2%2Fmedia&parent=17171"}],"wp:term":[{"taxonomy":"pwb-brand","embeddable":true,"href":"https:\/\/westbalt.ee\/index.php?rest_route=%2Fwp%2Fv2%2Fpwb-brand&post=17171"},{"taxonomy":"product_brand","embeddable":true,"href":"https:\/\/westbalt.ee\/index.php?rest_route=%2Fwp%2Fv2%2Fproduct_brand&post=17171"},{"taxonomy":"product_cat","embeddable":true,"href":"https:\/\/westbalt.ee\/index.php?rest_route=%2Fwp%2Fv2%2Fproduct_cat&post=17171"},{"taxonomy":"product_tag","embeddable":true,"href":"https:\/\/westbalt.ee\/index.php?rest_route=%2Fwp%2Fv2%2Fproduct_tag&post=17171"}],"curies":[{"name":"wp","href":"https:\/\/api.w.org\/{rel}","templated":true}]}}