{"id":17310,"date":"2014-03-01T12:49:37","date_gmt":"2014-03-01T09:49:37","guid":{"rendered":"https:\/\/westbalt.ee\/?post_type=product&#038;p=17310"},"modified":"2026-03-21T19:53:45","modified_gmt":"2026-03-21T16:53:45","slug":"voltmeeter-sigaretisuutajasse-12-24vdc-led-naidikuga-1","status":"publish","type":"product","link":"https:\/\/westbalt.ee\/?product=voltmeeter-sigaretisuutajasse-12-24vdc-led-naidikuga-1","title":{"rendered":"Voltmeeter sigaretis\u00fc\u00fctajasse 12\/24VDC LED n\u00e4idikuga 1&#8243;"},"content":{"rendered":"<p>&#8211;<\/p>\n","protected":false},"excerpt":{"rendered":"<p>Lihtne kasutada, lihtsalt \u00fchendage see sigaretis\u00fc\u00fctaja pesasse;<br \/>\nToide: 4v ~ 30V, 12V\/24V aku pinge;<br \/>\nMaterjal ABS, must.<\/p>\n","protected":false},"featured_media":17311,"comment_status":"open","ping_status":"open","template":"","meta":{"_acf_changed":false,"_monsterinsights_skip_tracking":false,"_monsterinsights_sitenote_active":false,"_monsterinsights_sitenote_note":"","_monsterinsights_sitenote_category":0},"pwb-brand":[],"product_brand":[],"product_cat":[304],"product_tag":[],"class_list":{"0":"post-17310","1":"product","2":"type-product","3":"status-publish","4":"has-post-thumbnail","6":"product_cat-paneel-m-turid","7":"pa_m-dud-64-mm-x-34-mm-x-34-mm","8":"pa_varv-punane","10":"first","11":"outofstock","12":"taxable","13":"shipping-taxable","14":"purchasable","15":"product-type-simple"},"acf":[],"aioseo_notices":[],"jetpack_sharing_enabled":true,"brands":[],"_links":{"self":[{"href":"https:\/\/westbalt.ee\/index.php?rest_route=\/wp\/v2\/product\/17310","targetHints":{"allow":["GET"]}}],"collection":[{"href":"https:\/\/westbalt.ee\/index.php?rest_route=\/wp\/v2\/product"}],"about":[{"href":"https:\/\/westbalt.ee\/index.php?rest_route=\/wp\/v2\/types\/product"}],"replies":[{"embeddable":true,"href":"https:\/\/westbalt.ee\/index.php?rest_route=%2Fwp%2Fv2%2Fcomments&post=17310"}],"wp:featuredmedia":[{"embeddable":true,"href":"https:\/\/westbalt.ee\/index.php?rest_route=\/wp\/v2\/media\/17311"}],"wp:attachment":[{"href":"https:\/\/westbalt.ee\/index.php?rest_route=%2Fwp%2Fv2%2Fmedia&parent=17310"}],"wp:term":[{"taxonomy":"pwb-brand","embeddable":true,"href":"https:\/\/westbalt.ee\/index.php?rest_route=%2Fwp%2Fv2%2Fpwb-brand&post=17310"},{"taxonomy":"product_brand","embeddable":true,"href":"https:\/\/westbalt.ee\/index.php?rest_route=%2Fwp%2Fv2%2Fproduct_brand&post=17310"},{"taxonomy":"product_cat","embeddable":true,"href":"https:\/\/westbalt.ee\/index.php?rest_route=%2Fwp%2Fv2%2Fproduct_cat&post=17310"},{"taxonomy":"product_tag","embeddable":true,"href":"https:\/\/westbalt.ee\/index.php?rest_route=%2Fwp%2Fv2%2Fproduct_tag&post=17310"}],"curies":[{"name":"wp","href":"https:\/\/api.w.org\/{rel}","templated":true}]}}