{"id":17439,"date":"2014-03-23T22:50:24","date_gmt":"2014-03-23T19:50:24","guid":{"rendered":"https:\/\/westbalt.ee\/?post_type=product&#038;p=17439"},"modified":"2026-03-21T19:49:45","modified_gmt":"2026-03-21T16:49:45","slug":"led-toru-t8-25w-2500lm-4000k-1500mm","status":"publish","type":"product","link":"https:\/\/westbalt.ee\/?product=led-toru-t8-25w-2500lm-4000k-1500mm","title":{"rendered":"LED toru T8 24.3W 2500lm 4000K 1500mm Emos"},"content":{"rendered":"<p>lifetime\t20 000 hours<br \/>\nnumber of switching cycles\t20 000<br \/>\nluminous efficacy\t103 lm\/W<br \/>\nwarranty period\t2 years<\/p>\n","protected":false},"excerpt":{"rendered":"<p>V\u00f5rreldes luminofoortoruga talub LED toru h\u00e4sti l\u00fclitusi ning s\u00fcttib kohe. LED toru on v\u00f5imalik lihtsa \u00fcmberehitusega asendada traditsioonilise luminofoortoruga.<\/p>\n","protected":false},"featured_media":17440,"comment_status":"open","ping_status":"closed","template":"","meta":{"_acf_changed":false,"_monsterinsights_skip_tracking":false,"_monsterinsights_sitenote_active":false,"_monsterinsights_sitenote_note":"","_monsterinsights_sitenote_category":0},"pwb-brand":[2437],"product_brand":[],"product_cat":[164],"product_tag":[],"class_list":{"0":"post-17439","1":"product","2":"type-product","3":"status-publish","4":"has-post-thumbnail","6":"pwb-brand-emos","7":"product_cat-led-lambid","9":"first","10":"instock","11":"taxable","12":"shipping-taxable","13":"purchasable","14":"product-type-simple"},"acf":[],"aioseo_notices":[],"jetpack_sharing_enabled":true,"brands":[{"id":2437,"name":"EMOS","slug":"emos"}],"_links":{"self":[{"href":"https:\/\/westbalt.ee\/index.php?rest_route=\/wp\/v2\/product\/17439","targetHints":{"allow":["GET"]}}],"collection":[{"href":"https:\/\/westbalt.ee\/index.php?rest_route=\/wp\/v2\/product"}],"about":[{"href":"https:\/\/westbalt.ee\/index.php?rest_route=\/wp\/v2\/types\/product"}],"replies":[{"embeddable":true,"href":"https:\/\/westbalt.ee\/index.php?rest_route=%2Fwp%2Fv2%2Fcomments&post=17439"}],"wp:featuredmedia":[{"embeddable":true,"href":"https:\/\/westbalt.ee\/index.php?rest_route=\/wp\/v2\/media\/17440"}],"wp:attachment":[{"href":"https:\/\/westbalt.ee\/index.php?rest_route=%2Fwp%2Fv2%2Fmedia&parent=17439"}],"wp:term":[{"taxonomy":"pwb-brand","embeddable":true,"href":"https:\/\/westbalt.ee\/index.php?rest_route=%2Fwp%2Fv2%2Fpwb-brand&post=17439"},{"taxonomy":"product_brand","embeddable":true,"href":"https:\/\/westbalt.ee\/index.php?rest_route=%2Fwp%2Fv2%2Fproduct_brand&post=17439"},{"taxonomy":"product_cat","embeddable":true,"href":"https:\/\/westbalt.ee\/index.php?rest_route=%2Fwp%2Fv2%2Fproduct_cat&post=17439"},{"taxonomy":"product_tag","embeddable":true,"href":"https:\/\/westbalt.ee\/index.php?rest_route=%2Fwp%2Fv2%2Fproduct_tag&post=17439"}],"curies":[{"name":"wp","href":"https:\/\/api.w.org\/{rel}","templated":true}]}}