{"id":17568,"date":"2014-05-14T10:08:31","date_gmt":"2014-05-14T07:08:31","guid":{"rendered":"https:\/\/westbalt.ee\/?post_type=product&#038;p=17568"},"modified":"2026-03-21T19:47:09","modified_gmt":"2026-03-21T16:47:09","slug":"isevulkaniseeruv-teip-scapa-19mmx0-5mm-3m","status":"publish","type":"product","link":"https:\/\/westbalt.ee\/?product=isevulkaniseeruv-teip-scapa-19mmx0-5mm-3m","title":{"rendered":"Isevulkaniseeruv teip SCAPA 19mmx0,5mm  3m"},"content":{"rendered":"<p>&#8211;<\/p>\n","protected":false},"excerpt":{"rendered":"<p>Kaablite veekindlate \u00fchenduste jaoks, voolikute, torude jms tihendamiseks, elektriosade veekindlaks muutmiseks.<br \/>\nL\u00e4bil\u00f6\u00f6gitugevus: 42 kV \/ mm<br \/>\nRebenemisj\u00f5ud: 2 MPa<br \/>\nTemperatuurivahemik: -40 \u00b0 C kuni 90 \u00b0 C<\/p>\n","protected":false},"featured_media":17569,"comment_status":"open","ping_status":"open","template":"","meta":{"_acf_changed":false,"_monsterinsights_skip_tracking":false,"_monsterinsights_sitenote_active":false,"_monsterinsights_sitenote_note":"","_monsterinsights_sitenote_category":0},"pwb-brand":[],"product_brand":[],"product_cat":[274],"product_tag":[],"class_list":{"0":"post-17568","1":"product","2":"type-product","3":"status-publish","4":"has-post-thumbnail","6":"product_cat-isolatsioonimaterjalid-teibid","7":"pa_m-dud-w-19mm-x-l-3m-x-t-0-5mm","8":"pa_varv-must","10":"first","11":"instock","12":"taxable","13":"shipping-taxable","14":"purchasable","15":"product-type-simple"},"acf":[],"aioseo_notices":[],"jetpack_sharing_enabled":true,"brands":[],"_links":{"self":[{"href":"https:\/\/westbalt.ee\/index.php?rest_route=\/wp\/v2\/product\/17568","targetHints":{"allow":["GET"]}}],"collection":[{"href":"https:\/\/westbalt.ee\/index.php?rest_route=\/wp\/v2\/product"}],"about":[{"href":"https:\/\/westbalt.ee\/index.php?rest_route=\/wp\/v2\/types\/product"}],"replies":[{"embeddable":true,"href":"https:\/\/westbalt.ee\/index.php?rest_route=%2Fwp%2Fv2%2Fcomments&post=17568"}],"wp:featuredmedia":[{"embeddable":true,"href":"https:\/\/westbalt.ee\/index.php?rest_route=\/wp\/v2\/media\/17569"}],"wp:attachment":[{"href":"https:\/\/westbalt.ee\/index.php?rest_route=%2Fwp%2Fv2%2Fmedia&parent=17568"}],"wp:term":[{"taxonomy":"pwb-brand","embeddable":true,"href":"https:\/\/westbalt.ee\/index.php?rest_route=%2Fwp%2Fv2%2Fpwb-brand&post=17568"},{"taxonomy":"product_brand","embeddable":true,"href":"https:\/\/westbalt.ee\/index.php?rest_route=%2Fwp%2Fv2%2Fproduct_brand&post=17568"},{"taxonomy":"product_cat","embeddable":true,"href":"https:\/\/westbalt.ee\/index.php?rest_route=%2Fwp%2Fv2%2Fproduct_cat&post=17568"},{"taxonomy":"product_tag","embeddable":true,"href":"https:\/\/westbalt.ee\/index.php?rest_route=%2Fwp%2Fv2%2Fproduct_tag&post=17568"}],"curies":[{"name":"wp","href":"https:\/\/api.w.org\/{rel}","templated":true}]}}