{"id":17635,"date":"2014-06-16T11:50:23","date_gmt":"2014-06-16T08:50:23","guid":{"rendered":"https:\/\/westbalt.ee\/?post_type=product&#038;p=17635"},"modified":"2026-03-21T19:36:42","modified_gmt":"2026-03-21T16:36:42","slug":"elektroluutkondensaator-smd-4-7uf-35v-oe4x5-8mm-20-2000h","status":"publish","type":"product","link":"https:\/\/westbalt.ee\/?product=elektroluutkondensaator-smd-4-7uf-35v-oe4x5-8mm-20-2000h","title":{"rendered":"Elektrol\u00fc\u00fctkondensaator SMD    4.7uF 35V \u00d84&#215;5.8mm \u00b120% 2000h"},"content":{"rendered":"<p>&#8211;<\/p>\n","protected":false},"excerpt":{"rendered":"<p>\u25cf Tolerance  \t\u00b120%<br \/>\n\u25cf Service life  \t2000h<br \/>\n\u25cf Operating temperature  \t-40&#8230;105\u00b0C<\/p>\n","protected":false},"featured_media":17636,"comment_status":"open","ping_status":"open","template":"","meta":{"_acf_changed":false,"_monsterinsights_skip_tracking":false,"_monsterinsights_sitenote_active":false,"_monsterinsights_sitenote_note":"","_monsterinsights_sitenote_category":0},"pwb-brand":[],"product_brand":[],"product_cat":[352],"product_tag":[],"class_list":{"0":"post-17635","1":"product","2":"type-product","3":"status-publish","4":"has-post-thumbnail","6":"product_cat-smd-electrolytic","7":"pa_m-dud-oe4-x-5-8mm","9":"first","10":"onbackorder","11":"taxable","12":"shipping-taxable","13":"purchasable","14":"product-type-simple"},"acf":[],"aioseo_notices":[],"jetpack_sharing_enabled":true,"brands":[],"_links":{"self":[{"href":"https:\/\/westbalt.ee\/index.php?rest_route=\/wp\/v2\/product\/17635","targetHints":{"allow":["GET"]}}],"collection":[{"href":"https:\/\/westbalt.ee\/index.php?rest_route=\/wp\/v2\/product"}],"about":[{"href":"https:\/\/westbalt.ee\/index.php?rest_route=\/wp\/v2\/types\/product"}],"replies":[{"embeddable":true,"href":"https:\/\/westbalt.ee\/index.php?rest_route=%2Fwp%2Fv2%2Fcomments&post=17635"}],"wp:featuredmedia":[{"embeddable":true,"href":"https:\/\/westbalt.ee\/index.php?rest_route=\/wp\/v2\/media\/17636"}],"wp:attachment":[{"href":"https:\/\/westbalt.ee\/index.php?rest_route=%2Fwp%2Fv2%2Fmedia&parent=17635"}],"wp:term":[{"taxonomy":"pwb-brand","embeddable":true,"href":"https:\/\/westbalt.ee\/index.php?rest_route=%2Fwp%2Fv2%2Fpwb-brand&post=17635"},{"taxonomy":"product_brand","embeddable":true,"href":"https:\/\/westbalt.ee\/index.php?rest_route=%2Fwp%2Fv2%2Fproduct_brand&post=17635"},{"taxonomy":"product_cat","embeddable":true,"href":"https:\/\/westbalt.ee\/index.php?rest_route=%2Fwp%2Fv2%2Fproduct_cat&post=17635"},{"taxonomy":"product_tag","embeddable":true,"href":"https:\/\/westbalt.ee\/index.php?rest_route=%2Fwp%2Fv2%2Fproduct_tag&post=17635"}],"curies":[{"name":"wp","href":"https:\/\/api.w.org\/{rel}","templated":true}]}}