{"id":17851,"date":"2014-09-01T20:06:30","date_gmt":"2014-09-01T17:06:30","guid":{"rendered":"https:\/\/westbalt.ee\/?post_type=product&#038;p=17851"},"modified":"2026-03-21T19:52:23","modified_gmt":"2026-03-21T16:52:23","slug":"pingestabilisaator-iek-5kva-230v","status":"publish","type":"product","link":"https:\/\/westbalt.ee\/?product=pingestabilisaator-iek-5kva-230v","title":{"rendered":"Vahelduvpinge stabilisaator AVR 2000VA"},"content":{"rendered":"<p><img decoding=\"async\" src=\"https:\/\/westbalt.ee\/wp-content\/uploads\/2014\/09\/pdf.png\" alt=\"\" width=\"26\" height=\"26\" class=\"alignnone size-full wp-image-21314\" \/>&nbsp;<a href=\"https:\/\/westbalt.ee\/wp-content\/uploads\/2014\/09\/AVR.pdf\">AVR.pdf<\/a><\/p>\n","protected":false},"excerpt":{"rendered":"<p>Stabilisaator langetab automaatselt liiga k\u00f5rge ja t\u00f5stab liiga madala pinge \u00f5igele tasemele. Kui pinge kasvab pidevalt ja \u00fcletab ohutu v\u00e4\u00e4rtuse, \u00fchendab stabilisaator seadme v\u00f5rgust lahti, kaitstes seel\u00e4bi vastuv\u00f5tjat kahjustuste eest.<\/p>\n","protected":false},"featured_media":21312,"comment_status":"open","ping_status":"closed","template":"","meta":{"_acf_changed":false,"_monsterinsights_skip_tracking":false,"_monsterinsights_sitenote_active":false,"_monsterinsights_sitenote_note":"","_monsterinsights_sitenote_category":0},"pwb-brand":[],"product_brand":[],"product_cat":[334],"product_tag":[],"class_list":{"0":"post-17851","1":"product","2":"type-product","3":"status-publish","4":"has-post-thumbnail","6":"product_cat-muud-seadmed","7":"pa_m-dud-wxdxh-35-9-20-9-27-0-cm","9":"first","10":"onbackorder","11":"taxable","12":"shipping-taxable","13":"purchasable","14":"product-type-simple"},"acf":[],"aioseo_notices":[],"jetpack_sharing_enabled":true,"brands":[],"_links":{"self":[{"href":"https:\/\/westbalt.ee\/index.php?rest_route=\/wp\/v2\/product\/17851","targetHints":{"allow":["GET"]}}],"collection":[{"href":"https:\/\/westbalt.ee\/index.php?rest_route=\/wp\/v2\/product"}],"about":[{"href":"https:\/\/westbalt.ee\/index.php?rest_route=\/wp\/v2\/types\/product"}],"replies":[{"embeddable":true,"href":"https:\/\/westbalt.ee\/index.php?rest_route=%2Fwp%2Fv2%2Fcomments&post=17851"}],"wp:featuredmedia":[{"embeddable":true,"href":"https:\/\/westbalt.ee\/index.php?rest_route=\/wp\/v2\/media\/21312"}],"wp:attachment":[{"href":"https:\/\/westbalt.ee\/index.php?rest_route=%2Fwp%2Fv2%2Fmedia&parent=17851"}],"wp:term":[{"taxonomy":"pwb-brand","embeddable":true,"href":"https:\/\/westbalt.ee\/index.php?rest_route=%2Fwp%2Fv2%2Fpwb-brand&post=17851"},{"taxonomy":"product_brand","embeddable":true,"href":"https:\/\/westbalt.ee\/index.php?rest_route=%2Fwp%2Fv2%2Fproduct_brand&post=17851"},{"taxonomy":"product_cat","embeddable":true,"href":"https:\/\/westbalt.ee\/index.php?rest_route=%2Fwp%2Fv2%2Fproduct_cat&post=17851"},{"taxonomy":"product_tag","embeddable":true,"href":"https:\/\/westbalt.ee\/index.php?rest_route=%2Fwp%2Fv2%2Fproduct_tag&post=17851"}],"curies":[{"name":"wp","href":"https:\/\/api.w.org\/{rel}","templated":true}]}}