{"id":1797,"date":"2012-10-03T18:09:15","date_gmt":"2012-10-03T15:09:15","guid":{"rendered":"https:\/\/westbalt.ee\/?post_type=product&#038;p=1797"},"modified":"2026-03-21T19:47:20","modified_gmt":"2026-03-21T16:47:20","slug":"aku-gp-recyko-100aaahce-gbe2-950mah-1-2v-aaa-1tk","status":"publish","type":"product","link":"https:\/\/westbalt.ee\/?product=aku-gp-recyko-100aaahce-gbe2-950mah-1-2v-aaa-1tk","title":{"rendered":"Aku GP ReCyko  100AAAHCE-GBE2  950mAh 1.2V AAA (1tk)"},"content":{"rendered":"<p>&#8211;<\/p>\n","protected":false},"excerpt":{"rendered":"<p>Nikkel Metall H\u00fcdriid akud, mida on t\u00e4iustatud innovaatiliste tehnoloogiatega.<br \/>\nGP ReCyko aku ei ole iset\u00fchjenev, s\u00e4ilitades 80% oma mahtuvusest ka kahe aastase seismise j\u00e4rel.<br \/>\nEellaetud ja on alati valmis kasutamiseks.<br \/>\nS\u00e4\u00e4stlik ja Keskkonnas\u00f5bralik.<br \/>\nGP ReCyko akusid v\u00f5ib laadida kuni 1000 korda.<br \/>\n\u00dcks GP ReCyko aku = 1000 alkaline patareiga.<\/p>\n","protected":false},"featured_media":1798,"comment_status":"open","ping_status":"open","template":"","meta":{"_acf_changed":false,"_monsterinsights_skip_tracking":false,"_monsterinsights_sitenote_active":false,"_monsterinsights_sitenote_note":"","_monsterinsights_sitenote_category":0},"pwb-brand":[2419],"product_brand":[],"product_cat":[316],"product_tag":[],"class_list":{"0":"post-1797","1":"product","2":"type-product","3":"status-publish","4":"has-post-thumbnail","6":"pwb-brand-gp-batteries","7":"product_cat-akud","8":"pa_m-dud-10-5-x-44-5-mm","10":"first","11":"instock","12":"taxable","13":"shipping-taxable","14":"purchasable","15":"product-type-simple"},"acf":[],"aioseo_notices":[],"jetpack_sharing_enabled":true,"brands":[{"id":2419,"name":"GP Batteries","slug":"gp-batteries"}],"_links":{"self":[{"href":"https:\/\/westbalt.ee\/index.php?rest_route=\/wp\/v2\/product\/1797","targetHints":{"allow":["GET"]}}],"collection":[{"href":"https:\/\/westbalt.ee\/index.php?rest_route=\/wp\/v2\/product"}],"about":[{"href":"https:\/\/westbalt.ee\/index.php?rest_route=\/wp\/v2\/types\/product"}],"replies":[{"embeddable":true,"href":"https:\/\/westbalt.ee\/index.php?rest_route=%2Fwp%2Fv2%2Fcomments&post=1797"}],"wp:featuredmedia":[{"embeddable":true,"href":"https:\/\/westbalt.ee\/index.php?rest_route=\/wp\/v2\/media\/1798"}],"wp:attachment":[{"href":"https:\/\/westbalt.ee\/index.php?rest_route=%2Fwp%2Fv2%2Fmedia&parent=1797"}],"wp:term":[{"taxonomy":"pwb-brand","embeddable":true,"href":"https:\/\/westbalt.ee\/index.php?rest_route=%2Fwp%2Fv2%2Fpwb-brand&post=1797"},{"taxonomy":"product_brand","embeddable":true,"href":"https:\/\/westbalt.ee\/index.php?rest_route=%2Fwp%2Fv2%2Fproduct_brand&post=1797"},{"taxonomy":"product_cat","embeddable":true,"href":"https:\/\/westbalt.ee\/index.php?rest_route=%2Fwp%2Fv2%2Fproduct_cat&post=1797"},{"taxonomy":"product_tag","embeddable":true,"href":"https:\/\/westbalt.ee\/index.php?rest_route=%2Fwp%2Fv2%2Fproduct_tag&post=1797"}],"curies":[{"name":"wp","href":"https:\/\/api.w.org\/{rel}","templated":true}]}}