{"id":17979,"date":"2014-11-02T11:11:12","date_gmt":"2014-11-02T08:11:12","guid":{"rendered":"https:\/\/westbalt.ee\/?post_type=product&#038;p=17979"},"modified":"2026-03-21T19:44:46","modified_gmt":"2026-03-21T16:44:46","slug":"progr-kell-nadalataimer-din-liistule-230v-16a-3500w","status":"publish","type":"product","link":"https:\/\/westbalt.ee\/?product=progr-kell-nadalataimer-din-liistule-230v-16a-3500w","title":{"rendered":"Progr.kell n\u00e4dalataimer DIN-liistule 230V 16A\/3500W"},"content":{"rendered":"<p>\u2022 Nimipinge: 230V ~, 50Hz<\/p>\n<div class=\"pim-product__content__parameters__content__parameters-group__item__parameters__item d-table-row\">\n<div class=\"d-table-cell parameters-table-cell w-50 text-right font-weight-bold\"><span>\u2022 <\/span>Vool: 16A<\/div>\n<\/div>\n<div class=\"pim-product__content__parameters__content__parameters-group__item__parameters__item d-table-row\">\n<div class=\"d-table-cell parameters-table-cell w-50 text-right font-weight-bold\"><span>\u2022 Max\u00a0koormus:\u00a0<\/span><span>3600W<\/span><\/div>\n<\/div>\n<div class=\"pim-product__content__parameters__content__parameters-group__item__parameters__item d-table-row\">\n<div class=\"d-table-cell parameters-table-cell w-50 text-right font-weight-bold\"><span>\u2022 Kaitseaste &#8211; IP<\/span><span>20<\/span><\/div>\n<\/div>\n<div class=\"pim-product__content__parameters__content__parameters-group__item__parameters__item d-table-row\">\n<div class=\"d-table-cell parameters-table-cell w-50 text-right font-weight-bold\"><span>\u2022 Sisseehitatud aku<\/span><\/div>\n<\/div>\n<div class=\"pim-product__content__parameters__content__parameters-group__item__parameters__item d-table-row\">\n<div class=\"d-table-cell parameters-table-cell w-50 text-right font-weight-bold\"><span>\u2022 Programmide arv 16<\/span><\/div>\n<div>\u2022 Lugemisvahemik 1 min &#8230; 7 p\u00e4eva<\/div>\n<div>\u2022 kuvab praeguse kellaaja ja kuup\u00e4eva<\/div>\n<div>\u2022 LCD ekraan<\/div>\n<\/div>\n<div class=\"pim-product__content__parameters__content__parameters-group__item__parameters__item d-table-row\">\n<div class=\"d-table-cell parameters-table-cell w-50 text-right font-weight-bold\"><span>\u2022 Paigaldamine: <\/span><span>DIN &#8211; liistule<\/span><\/div>\n<div>\u2022 T\u00f6\u00f6temperatuur -10 &#8230; 40 \u00b0 C<\/div>\n<\/div>\n","protected":false},"excerpt":{"rendered":"<p><span>Seade v\u00f5imaldab lihtsat elektrienergia s\u00e4\u00e4stmist, see on vajalik igas kodus v\u00f5i ettev\u00f5ttes.\u00a0<\/span><span>M\u00f5eldud paigaldamiseks DIN -siinile.\u00a0<\/span><span>See l\u00fclitub sisse ja v\u00e4lja teatud ajavahemiku j\u00e4rel.\u00a0<\/span><span>LCD -ekraan ja seadete lihtne konfigureerimine.\u00a0<\/span><span>16 programmi v\u00f5imaldavad igap\u00e4evaseid v\u00f5i igan\u00e4dalasi individuaalsete vajadustega kohandatud seadeid.\u00a0<\/span><span>Ideaalne seade valgustuse, veesoojendite, mootorite ja pumpade juhtimiseks.<\/span><\/p>\n","protected":false},"featured_media":25141,"comment_status":"open","ping_status":"closed","template":"","meta":{"_acf_changed":false,"_monsterinsights_skip_tracking":false,"_monsterinsights_sitenote_active":false,"_monsterinsights_sitenote_note":"","_monsterinsights_sitenote_category":0},"pwb-brand":[],"product_brand":[],"product_cat":[180],"product_tag":[],"class_list":{"0":"post-17979","1":"product","2":"type-product","3":"status-publish","4":"has-post-thumbnail","6":"product_cat-taimerid","8":"first","9":"onbackorder","10":"taxable","11":"shipping-taxable","12":"purchasable","13":"product-type-simple"},"acf":[],"aioseo_notices":[],"jetpack_sharing_enabled":true,"brands":[],"_links":{"self":[{"href":"https:\/\/westbalt.ee\/index.php?rest_route=\/wp\/v2\/product\/17979","targetHints":{"allow":["GET"]}}],"collection":[{"href":"https:\/\/westbalt.ee\/index.php?rest_route=\/wp\/v2\/product"}],"about":[{"href":"https:\/\/westbalt.ee\/index.php?rest_route=\/wp\/v2\/types\/product"}],"replies":[{"embeddable":true,"href":"https:\/\/westbalt.ee\/index.php?rest_route=%2Fwp%2Fv2%2Fcomments&post=17979"}],"wp:featuredmedia":[{"embeddable":true,"href":"https:\/\/westbalt.ee\/index.php?rest_route=\/wp\/v2\/media\/25141"}],"wp:attachment":[{"href":"https:\/\/westbalt.ee\/index.php?rest_route=%2Fwp%2Fv2%2Fmedia&parent=17979"}],"wp:term":[{"taxonomy":"pwb-brand","embeddable":true,"href":"https:\/\/westbalt.ee\/index.php?rest_route=%2Fwp%2Fv2%2Fpwb-brand&post=17979"},{"taxonomy":"product_brand","embeddable":true,"href":"https:\/\/westbalt.ee\/index.php?rest_route=%2Fwp%2Fv2%2Fproduct_brand&post=17979"},{"taxonomy":"product_cat","embeddable":true,"href":"https:\/\/westbalt.ee\/index.php?rest_route=%2Fwp%2Fv2%2Fproduct_cat&post=17979"},{"taxonomy":"product_tag","embeddable":true,"href":"https:\/\/westbalt.ee\/index.php?rest_route=%2Fwp%2Fv2%2Fproduct_tag&post=17979"}],"curies":[{"name":"wp","href":"https:\/\/api.w.org\/{rel}","templated":true}]}}