{"id":17989,"date":"2021-12-12T20:02:09","date_gmt":"2021-12-12T17:02:09","guid":{"rendered":"https:\/\/westbalt.ee\/?post_type=product&#038;p=17989"},"modified":"2026-03-21T19:45:13","modified_gmt":"2026-03-21T16:45:13","slug":"uksealarm-4xaa-72db-valge","status":"publish","type":"product","link":"https:\/\/westbalt.ee\/?product=uksealarm-4xaa-72db-valge","title":{"rendered":"Uksealarm GETI GMD01 150m 230V 110dB juhtmeta"},"content":{"rendered":"<p>Toote parameetrid:<br \/>\n&#8211; 58 meloodiat ja 5 helitugevuse taset<br \/>\n&#8211; LED-indikaator uksekella ja anduri peal<br \/>\n&#8211; t\u00fchja patarei indikaator &#8211; \u00d5PPEKOOD: v\u00f5imaldab siduda teiste kellade, andurite, SOS-nuppude v\u00f5i Geti GWD uksekelladega.<br \/>\n&#8211; 50 vastuv\u00f5tja v\u00f5i saatja sidumine<br \/>\n&#8211; kaks tuvastusre\u017eiimi: a) liikumistuvastus 1-2-sekundiliste intervallidega; b) liikumistuvastus 5-8-sekundiliste intervallidega<br \/>\n&#8211; andurit saab toita patareidest v\u00f5i mikro-USB-kaablist (ei kuulu komplekti ja ei kasutata akude laadimiseks)<br \/>\n&#8211; lihtne paigaldamine ja kasutamine<br \/>\n&#8211; madal energiatarve<\/p>\n<p>Tehnilised parameetrid:<br \/>\n&#8211; ulatus kuni 150 m avatud ruumis<br \/>\n&#8211; tuvastusala 3-4m x 110\u00b0<br \/>\n&#8211; toide: uksekell &#8211; AC 230V 50\/60Hz; andur &#8211; DC 3V (2x AAA patarei)\/ 5V micro USB<br \/>\n&#8211; uksekella tarbimine: < 0,5W\n- sagedus: 433MHz \u00b1 2MHz\n- helitugevus: 25 - 110 dB\n- t\u00f6\u00f6temperatuur: -15 \u00b0C kuni 60\u00b0C\n- m\u00f5\u00f5dud: kell - 80 x 80 x 35mm; andur: 85 x 55 x 35 mm\n- pakend sisaldab: kasutujuhend, 2 kruvi, 2 t\u00fc\u00fcblit, kruvikeeraja\n<\/p>\n","protected":false},"excerpt":{"rendered":"<p>PIR-anduriga liikumisandur Geti GMD01 tuvastab liikumise suletud ruumides, tuvastades temperatuurimuutuse. Vahetult p\u00e4rast liikumise tuvastamist saadab andur raadiosignaali kuni 150 m kaugusele vastuv\u00f5tuseadmesse. Seej\u00e4rel annab kellahelin ruumi h\u00e4irimisest m\u00e4rku \u00fchega 58 v\u00f5imalikust meloodiast.<\/p>\n","protected":false},"featured_media":26159,"comment_status":"open","ping_status":"closed","template":"","meta":{"_acf_changed":false,"_monsterinsights_skip_tracking":false,"_monsterinsights_sitenote_active":false,"_monsterinsights_sitenote_note":"","_monsterinsights_sitenote_category":0},"pwb-brand":[],"product_brand":[],"product_cat":[176],"product_tag":[],"class_list":{"0":"post-17989","1":"product","2":"type-product","3":"status-publish","4":"has-post-thumbnail","6":"product_cat-uksekellad","8":"first","9":"instock","10":"taxable","11":"shipping-taxable","12":"purchasable","13":"product-type-simple"},"acf":[],"aioseo_notices":[],"jetpack_sharing_enabled":true,"brands":[],"_links":{"self":[{"href":"https:\/\/westbalt.ee\/index.php?rest_route=\/wp\/v2\/product\/17989","targetHints":{"allow":["GET"]}}],"collection":[{"href":"https:\/\/westbalt.ee\/index.php?rest_route=\/wp\/v2\/product"}],"about":[{"href":"https:\/\/westbalt.ee\/index.php?rest_route=\/wp\/v2\/types\/product"}],"replies":[{"embeddable":true,"href":"https:\/\/westbalt.ee\/index.php?rest_route=%2Fwp%2Fv2%2Fcomments&post=17989"}],"wp:featuredmedia":[{"embeddable":true,"href":"https:\/\/westbalt.ee\/index.php?rest_route=\/wp\/v2\/media\/26159"}],"wp:attachment":[{"href":"https:\/\/westbalt.ee\/index.php?rest_route=%2Fwp%2Fv2%2Fmedia&parent=17989"}],"wp:term":[{"taxonomy":"pwb-brand","embeddable":true,"href":"https:\/\/westbalt.ee\/index.php?rest_route=%2Fwp%2Fv2%2Fpwb-brand&post=17989"},{"taxonomy":"product_brand","embeddable":true,"href":"https:\/\/westbalt.ee\/index.php?rest_route=%2Fwp%2Fv2%2Fproduct_brand&post=17989"},{"taxonomy":"product_cat","embeddable":true,"href":"https:\/\/westbalt.ee\/index.php?rest_route=%2Fwp%2Fv2%2Fproduct_cat&post=17989"},{"taxonomy":"product_tag","embeddable":true,"href":"https:\/\/westbalt.ee\/index.php?rest_route=%2Fwp%2Fv2%2Fproduct_tag&post=17989"}],"curies":[{"name":"wp","href":"https:\/\/api.w.org\/{rel}","templated":true}]}}