{"id":18032,"date":"2014-12-06T09:09:05","date_gmt":"2014-12-06T06:09:05","guid":{"rendered":"https:\/\/westbalt.ee\/?post_type=product&#038;p=18032"},"modified":"2026-03-21T19:45:04","modified_gmt":"2026-03-21T16:45:04","slug":"akulaadija-li-ion-akudele-14500-18500-18650-16340","status":"publish","type":"product","link":"https:\/\/westbalt.ee\/?product=akulaadija-li-ion-akudele-14500-18500-18650-16340","title":{"rendered":"Akulaadija li-ion akudele 10440 &#8211; 26650; NiMH, NiCd: AAA, AA, C, SC"},"content":{"rendered":"<p><iframe title=\"EMOS univerz\u00e1ln\u00ed nab\u00edje\u010dka li-ion bateri\u00ed BCL-20D | EMOS N9221\" width=\"1170\" height=\"658\" src=\"https:\/\/www.youtube.com\/embed\/hWZRTwzwi8k?feature=oembed\" frameborder=\"0\" allow=\"accelerometer; autoplay; clipboard-write; encrypted-media; gyroscope; picture-in-picture\" allowfullscreen><\/iframe><\/p>\n<p>&nbsp;<\/p>\n","protected":false},"excerpt":{"rendered":"<p>\u2022 Laeb 1 v\u00f5i 2 14500\/18500\/18650\/26650 Li-ion akusid;<br \/>\n\u2022 Laeb 1 v\u00f5i 2 AAA, AA, C, SC NiMH\/NiCd akusid;<br \/>\n\u2022 Sisend: USB 5 V\/2 A, toitekaabel kaasas<br \/>\n\u2022 Intelligentne v\u00f5imsuse kontroll, kahjustatud patareide avastamine, vastupidise polaarsuse kaitse;<br \/>\n\u2022 Laadimisaeg AAA 1000 mAh\t1:15<br \/>\n\u2022 Laadimisaeg AA 2700 mAh      3:00<br \/>\n\u2022 laadimisaeg C 3500 mAh\t4:00<\/p>\n","protected":false},"featured_media":25064,"comment_status":"open","ping_status":"closed","template":"","meta":{"_acf_changed":false,"_monsterinsights_skip_tracking":false,"_monsterinsights_sitenote_active":false,"_monsterinsights_sitenote_note":"","_monsterinsights_sitenote_category":0},"pwb-brand":[2437],"product_brand":[],"product_cat":[320],"product_tag":[],"class_list":{"0":"post-18032","1":"product","2":"type-product","3":"status-publish","4":"has-post-thumbnail","6":"pwb-brand-emos","7":"product_cat-akulaadijad","9":"first","10":"onbackorder","11":"taxable","12":"shipping-taxable","13":"purchasable","14":"product-type-simple"},"acf":[],"aioseo_notices":[],"jetpack_sharing_enabled":true,"brands":[{"id":2437,"name":"EMOS","slug":"emos"}],"_links":{"self":[{"href":"https:\/\/westbalt.ee\/index.php?rest_route=\/wp\/v2\/product\/18032","targetHints":{"allow":["GET"]}}],"collection":[{"href":"https:\/\/westbalt.ee\/index.php?rest_route=\/wp\/v2\/product"}],"about":[{"href":"https:\/\/westbalt.ee\/index.php?rest_route=\/wp\/v2\/types\/product"}],"replies":[{"embeddable":true,"href":"https:\/\/westbalt.ee\/index.php?rest_route=%2Fwp%2Fv2%2Fcomments&post=18032"}],"wp:featuredmedia":[{"embeddable":true,"href":"https:\/\/westbalt.ee\/index.php?rest_route=\/wp\/v2\/media\/25064"}],"wp:attachment":[{"href":"https:\/\/westbalt.ee\/index.php?rest_route=%2Fwp%2Fv2%2Fmedia&parent=18032"}],"wp:term":[{"taxonomy":"pwb-brand","embeddable":true,"href":"https:\/\/westbalt.ee\/index.php?rest_route=%2Fwp%2Fv2%2Fpwb-brand&post=18032"},{"taxonomy":"product_brand","embeddable":true,"href":"https:\/\/westbalt.ee\/index.php?rest_route=%2Fwp%2Fv2%2Fproduct_brand&post=18032"},{"taxonomy":"product_cat","embeddable":true,"href":"https:\/\/westbalt.ee\/index.php?rest_route=%2Fwp%2Fv2%2Fproduct_cat&post=18032"},{"taxonomy":"product_tag","embeddable":true,"href":"https:\/\/westbalt.ee\/index.php?rest_route=%2Fwp%2Fv2%2Fproduct_tag&post=18032"}],"curies":[{"name":"wp","href":"https:\/\/api.w.org\/{rel}","templated":true}]}}