{"id":18055,"date":"2015-01-01T11:21:48","date_gmt":"2015-01-01T08:21:48","guid":{"rendered":"https:\/\/westbalt.ee\/?post_type=product&#038;p=18055"},"modified":"2026-03-21T19:41:48","modified_gmt":"2026-03-21T16:41:48","slug":"klahvluliti-on-off-35a-12vdc-punane-marktuli","status":"publish","type":"product","link":"https:\/\/westbalt.ee\/?product=klahvluliti-on-off-35a-12vdc-punane-marktuli","title":{"rendered":"Klahvl\u00fcliti ON-OFF 35A\/12VDC punane m\u00e4rktuli"},"content":{"rendered":"<p>&#8211;<\/p>\n","protected":false},"excerpt":{"rendered":"<p>2 stabiilse positsiooniga<br \/>\nKontaktide konfiguratsioon DPDT, ON-ON 6\/250 VAC<br \/>\nMax. kontakti takistus: 50m\u03a9<br \/>\nT\u00f6\u00f6temperatuur -20 &#8230; 85 \u00b0 C<br \/>\n\u00dchendusklemmid 4.8&#215;0.8mm<br \/>\nPaneeli paksus 0,75 &#8230; 3mm<br \/>\nEluiga 6000 ts\u00fcklit<br \/>\nKinnitusava l\u00e4bim\u00f5\u00f5t 19,6 x 22.2mm<br \/>\nKorpuse materjal: pol\u00fcamiid<\/p>\n","protected":false},"featured_media":18056,"comment_status":"open","ping_status":"open","template":"","meta":{"_acf_changed":false,"_monsterinsights_skip_tracking":false,"_monsterinsights_sitenote_active":false,"_monsterinsights_sitenote_note":"","_monsterinsights_sitenote_category":0},"pwb-brand":[],"product_brand":[],"product_cat":[246],"product_tag":[],"class_list":{"0":"post-18055","1":"product","2":"type-product","3":"status-publish","4":"has-post-thumbnail","6":"product_cat-klahvlulitid","7":"pa_varv-must","9":"first","10":"instock","11":"taxable","12":"shipping-taxable","13":"purchasable","14":"product-type-simple"},"acf":[],"aioseo_notices":[],"jetpack_sharing_enabled":true,"brands":[],"_links":{"self":[{"href":"https:\/\/westbalt.ee\/index.php?rest_route=\/wp\/v2\/product\/18055","targetHints":{"allow":["GET"]}}],"collection":[{"href":"https:\/\/westbalt.ee\/index.php?rest_route=\/wp\/v2\/product"}],"about":[{"href":"https:\/\/westbalt.ee\/index.php?rest_route=\/wp\/v2\/types\/product"}],"replies":[{"embeddable":true,"href":"https:\/\/westbalt.ee\/index.php?rest_route=%2Fwp%2Fv2%2Fcomments&post=18055"}],"wp:featuredmedia":[{"embeddable":true,"href":"https:\/\/westbalt.ee\/index.php?rest_route=\/wp\/v2\/media\/18056"}],"wp:attachment":[{"href":"https:\/\/westbalt.ee\/index.php?rest_route=%2Fwp%2Fv2%2Fmedia&parent=18055"}],"wp:term":[{"taxonomy":"pwb-brand","embeddable":true,"href":"https:\/\/westbalt.ee\/index.php?rest_route=%2Fwp%2Fv2%2Fpwb-brand&post=18055"},{"taxonomy":"product_brand","embeddable":true,"href":"https:\/\/westbalt.ee\/index.php?rest_route=%2Fwp%2Fv2%2Fproduct_brand&post=18055"},{"taxonomy":"product_cat","embeddable":true,"href":"https:\/\/westbalt.ee\/index.php?rest_route=%2Fwp%2Fv2%2Fproduct_cat&post=18055"},{"taxonomy":"product_tag","embeddable":true,"href":"https:\/\/westbalt.ee\/index.php?rest_route=%2Fwp%2Fv2%2Fproduct_tag&post=18055"}],"curies":[{"name":"wp","href":"https:\/\/api.w.org\/{rel}","templated":true}]}}