{"id":18058,"date":"2015-01-01T18:25:23","date_gmt":"2015-01-01T15:25:23","guid":{"rendered":"https:\/\/westbalt.ee\/?post_type=product&#038;p=18058"},"modified":"2026-03-21T19:44:19","modified_gmt":"2026-03-21T16:44:19","slug":"rgb-led-kontroller-rf-433-92mhz-mini-3x4a","status":"publish","type":"product","link":"https:\/\/westbalt.ee\/?product=rgb-led-kontroller-rf-433-92mhz-mini-3x4a","title":{"rendered":"RGB LED kontroller, RF 433.92Mhz, mini, 3x4A"},"content":{"rendered":"<p>&#8211;<\/p>\n","protected":false},"excerpt":{"rendered":"<p>Lihtne \u00fchendus.<br \/>\n19 re\u017eiimi, 20 eelseadistatud v\u00e4rvi, kiiruse ja heleduse reguleerimine<br \/>\nSisendpinge: 12V DC<br \/>\nV\u00e4ljund: 3x CMOS v\u00e4ljund<br \/>\nM\u00e4lu (kui toide on v\u00e4lja l\u00fclitatud)<br \/>\nT\u00f6\u00f6temperatuur: -20 kuni 60 \u00b0 C<\/p>\n","protected":false},"featured_media":18059,"comment_status":"open","ping_status":"open","template":"","meta":{"_acf_changed":false,"_monsterinsights_skip_tracking":false,"_monsterinsights_sitenote_active":false,"_monsterinsights_sitenote_note":"","_monsterinsights_sitenote_category":0},"pwb-brand":[],"product_brand":[],"product_cat":[163],"product_tag":[],"class_list":{"0":"post-18058","1":"product","2":"type-product","3":"status-publish","4":"has-post-thumbnail","6":"product_cat-led-ribad-ja-moodulid","8":"first","9":"instock","10":"taxable","11":"shipping-taxable","12":"purchasable","13":"product-type-simple"},"acf":[],"aioseo_notices":[],"jetpack_sharing_enabled":true,"brands":[],"_links":{"self":[{"href":"https:\/\/westbalt.ee\/index.php?rest_route=\/wp\/v2\/product\/18058","targetHints":{"allow":["GET"]}}],"collection":[{"href":"https:\/\/westbalt.ee\/index.php?rest_route=\/wp\/v2\/product"}],"about":[{"href":"https:\/\/westbalt.ee\/index.php?rest_route=\/wp\/v2\/types\/product"}],"replies":[{"embeddable":true,"href":"https:\/\/westbalt.ee\/index.php?rest_route=%2Fwp%2Fv2%2Fcomments&post=18058"}],"wp:featuredmedia":[{"embeddable":true,"href":"https:\/\/westbalt.ee\/index.php?rest_route=\/wp\/v2\/media\/18059"}],"wp:attachment":[{"href":"https:\/\/westbalt.ee\/index.php?rest_route=%2Fwp%2Fv2%2Fmedia&parent=18058"}],"wp:term":[{"taxonomy":"pwb-brand","embeddable":true,"href":"https:\/\/westbalt.ee\/index.php?rest_route=%2Fwp%2Fv2%2Fpwb-brand&post=18058"},{"taxonomy":"product_brand","embeddable":true,"href":"https:\/\/westbalt.ee\/index.php?rest_route=%2Fwp%2Fv2%2Fproduct_brand&post=18058"},{"taxonomy":"product_cat","embeddable":true,"href":"https:\/\/westbalt.ee\/index.php?rest_route=%2Fwp%2Fv2%2Fproduct_cat&post=18058"},{"taxonomy":"product_tag","embeddable":true,"href":"https:\/\/westbalt.ee\/index.php?rest_route=%2Fwp%2Fv2%2Fproduct_tag&post=18058"}],"curies":[{"name":"wp","href":"https:\/\/api.w.org\/{rel}","templated":true}]}}