{"id":18124,"date":"2015-01-24T20:54:59","date_gmt":"2015-01-24T17:54:59","guid":{"rendered":"https:\/\/westbalt.ee\/?post_type=product&#038;p=18124"},"modified":"2026-03-21T19:52:01","modified_gmt":"2026-03-21T16:52:01","slug":"p-randakarbik-70x16mm-2-0m","status":"publish","type":"product","link":"https:\/\/westbalt.ee\/?product=p-randakarbik-70x16mm-2-0m","title":{"rendered":"P\u00f5randakarbik 70x16mm 2,0m"},"content":{"rendered":"<p>&#8211;<\/p>\n","protected":false},"excerpt":{"rendered":"<p>Materjal: l\u00f6\u00f6gikindel, isekustuv PVC, vastupidav ultraviolettkiirgusele ja kemikaalidele, madala niiskuse l\u00e4bilaskvusega.<br \/>\nT\u00f6\u00f6temperatuur pikaajaliseks kasutamiseks -15 \u00f7 + 60 \u00b0 C<br \/>\nV\u00e4rv &#8211; RAL7023<br \/>\n<!-- no smartpostmodule --><!-- no post24module --><\/p>\n","protected":false},"featured_media":18125,"comment_status":"open","ping_status":"open","template":"","meta":{"_acf_changed":false,"_monsterinsights_skip_tracking":false,"_monsterinsights_sitenote_active":false,"_monsterinsights_sitenote_note":"","_monsterinsights_sitenote_category":0},"pwb-brand":[],"product_brand":[],"product_cat":[271],"product_tag":[],"class_list":{"0":"post-18124","1":"product","2":"type-product","3":"status-publish","4":"has-post-thumbnail","6":"product_cat-kaablikaitsetorud","7":"pa_m-dud-70x16x2000mm","8":"pa_varv-hall","10":"first","11":"outofstock","12":"taxable","13":"shipping-taxable","14":"purchasable","15":"product-type-simple"},"acf":[],"aioseo_notices":[],"jetpack_sharing_enabled":true,"brands":[],"_links":{"self":[{"href":"https:\/\/westbalt.ee\/index.php?rest_route=\/wp\/v2\/product\/18124","targetHints":{"allow":["GET"]}}],"collection":[{"href":"https:\/\/westbalt.ee\/index.php?rest_route=\/wp\/v2\/product"}],"about":[{"href":"https:\/\/westbalt.ee\/index.php?rest_route=\/wp\/v2\/types\/product"}],"replies":[{"embeddable":true,"href":"https:\/\/westbalt.ee\/index.php?rest_route=%2Fwp%2Fv2%2Fcomments&post=18124"}],"wp:featuredmedia":[{"embeddable":true,"href":"https:\/\/westbalt.ee\/index.php?rest_route=\/wp\/v2\/media\/18125"}],"wp:attachment":[{"href":"https:\/\/westbalt.ee\/index.php?rest_route=%2Fwp%2Fv2%2Fmedia&parent=18124"}],"wp:term":[{"taxonomy":"pwb-brand","embeddable":true,"href":"https:\/\/westbalt.ee\/index.php?rest_route=%2Fwp%2Fv2%2Fpwb-brand&post=18124"},{"taxonomy":"product_brand","embeddable":true,"href":"https:\/\/westbalt.ee\/index.php?rest_route=%2Fwp%2Fv2%2Fproduct_brand&post=18124"},{"taxonomy":"product_cat","embeddable":true,"href":"https:\/\/westbalt.ee\/index.php?rest_route=%2Fwp%2Fv2%2Fproduct_cat&post=18124"},{"taxonomy":"product_tag","embeddable":true,"href":"https:\/\/westbalt.ee\/index.php?rest_route=%2Fwp%2Fv2%2Fproduct_tag&post=18124"}],"curies":[{"name":"wp","href":"https:\/\/api.w.org\/{rel}","templated":true}]}}