{"id":18187,"date":"2015-02-05T15:25:00","date_gmt":"2015-02-05T12:25:00","guid":{"rendered":"https:\/\/westbalt.ee\/?post_type=product&#038;p=18187"},"modified":"2026-03-21T19:54:41","modified_gmt":"2026-03-21T16:54:41","slug":"filter-92x92-ip55","status":"publish","type":"product","link":"https:\/\/westbalt.ee\/?product=filter-92x92-ip55","title":{"rendered":"Filter 92&#215;92 IP55"},"content":{"rendered":"<p><img decoding=\"async\" src=\"http:\/\/www.westbalt.eu\/store\/\/pub\/media\/wysiwyg\/pdf.png\" alt=\"pdf\" \/>&nbsp;<a href=\"http:\/\/www.westbalt.eu\/store\/datasheet\/FK55 series Filter Fans.pdf\" target=\"_blank\">FK55 series Filter Fans.pdf<\/a><\/p>\n","protected":false},"excerpt":{"rendered":"<p>Elektroonikaseadmete n\u00f5uetekohaseks toimimiseks tuleb soojus kilbist hajutada\/v\u00e4lja juhtida.<br \/>\nVentilaator-filtrid on kulu-efektiivsed ja s\u00e4\u00e4stlikud seadmed soojuskoormuse kilbist hajutamiseks ning v\u00e4ljajuhtimiseks. <\/p>\n","protected":false},"featured_media":18188,"comment_status":"open","ping_status":"open","template":"","meta":{"_acf_changed":false,"_monsterinsights_skip_tracking":false,"_monsterinsights_sitenote_active":false,"_monsterinsights_sitenote_note":"","_monsterinsights_sitenote_category":0},"pwb-brand":[],"product_brand":[],"product_cat":[354],"product_tag":[],"class_list":{"0":"post-18187","1":"product","2":"type-product","3":"status-publish","4":"has-post-thumbnail","6":"product_cat-kilbi-kute-ja-ventilatsioon","7":"pa_varv-hall","9":"first","10":"instock","11":"taxable","12":"shipping-taxable","13":"purchasable","14":"product-type-simple"},"acf":[],"aioseo_notices":[],"jetpack_sharing_enabled":true,"brands":[],"_links":{"self":[{"href":"https:\/\/westbalt.ee\/index.php?rest_route=\/wp\/v2\/product\/18187","targetHints":{"allow":["GET"]}}],"collection":[{"href":"https:\/\/westbalt.ee\/index.php?rest_route=\/wp\/v2\/product"}],"about":[{"href":"https:\/\/westbalt.ee\/index.php?rest_route=\/wp\/v2\/types\/product"}],"replies":[{"embeddable":true,"href":"https:\/\/westbalt.ee\/index.php?rest_route=%2Fwp%2Fv2%2Fcomments&post=18187"}],"wp:featuredmedia":[{"embeddable":true,"href":"https:\/\/westbalt.ee\/index.php?rest_route=\/wp\/v2\/media\/18188"}],"wp:attachment":[{"href":"https:\/\/westbalt.ee\/index.php?rest_route=%2Fwp%2Fv2%2Fmedia&parent=18187"}],"wp:term":[{"taxonomy":"pwb-brand","embeddable":true,"href":"https:\/\/westbalt.ee\/index.php?rest_route=%2Fwp%2Fv2%2Fpwb-brand&post=18187"},{"taxonomy":"product_brand","embeddable":true,"href":"https:\/\/westbalt.ee\/index.php?rest_route=%2Fwp%2Fv2%2Fproduct_brand&post=18187"},{"taxonomy":"product_cat","embeddable":true,"href":"https:\/\/westbalt.ee\/index.php?rest_route=%2Fwp%2Fv2%2Fproduct_cat&post=18187"},{"taxonomy":"product_tag","embeddable":true,"href":"https:\/\/westbalt.ee\/index.php?rest_route=%2Fwp%2Fv2%2Fproduct_tag&post=18187"}],"curies":[{"name":"wp","href":"https:\/\/api.w.org\/{rel}","templated":true}]}}