{"id":18505,"date":"2015-09-01T13:23:35","date_gmt":"2015-09-01T10:23:35","guid":{"rendered":"https:\/\/westbalt.ee\/?post_type=product&#038;p=18505"},"modified":"2026-03-21T19:45:04","modified_gmt":"2026-03-21T16:45:04","slug":"liikumisandur-luliti-led-ribadele","status":"publish","type":"product","link":"https:\/\/westbalt.ee\/?product=liikumisandur-luliti-led-ribadele","title":{"rendered":"Liikumisandur\/l\u00fcliti LED-ribadele"},"content":{"rendered":"<p>\u2022 power supply: 12 &#8211; 24 VDC<br \/>\n\u2022 maximum load: 2 A<br \/>\n\u2022 effective range: < 1.5 m\n\u2022 detection angle: 110\u00b0\n\u2022 delay time: 45 s\n\u2022 connector: 2.1 x 5.5 mm\n\u2022 cable lenght: 50 cm\n\u2022 caution: output current of power supply must not exceed 2 A. Suitable power supplies: 24 W \/ 12 V or 48 W \/ 24 V.\n<\/p>\n","protected":false},"excerpt":{"rendered":"<p>Optiline liikumisandur. Andur l\u00fclitab sisse LED-riba , kui avastab objekti liikumise ja l\u00fclitub v\u00e4lja 45s peale objekti v\u00e4ljumist vaatev\u00e4ljast.<br \/>\n\u2022 Kasutamiseks koos 1-v\u00e4rviliste LED-ribadega.<br \/>\n\u2022 Toide: 12 &#8211; 24 VDC<br \/>\n\u2022 Maks. koormus: 2 A<br \/>\n\u2022 NB: toiteallika v\u00e4ljundvool ei tohi \u00fcletada  2.5 A. Sobilik toiteplokk: : 30 W \/ 12 V v\u00f5i 60 W \/ 24 V.<\/p>\n","protected":false},"featured_media":18506,"comment_status":"open","ping_status":"open","template":"","meta":{"_acf_changed":false,"_monsterinsights_skip_tracking":false,"_monsterinsights_sitenote_active":false,"_monsterinsights_sitenote_note":"","_monsterinsights_sitenote_category":0},"pwb-brand":[2410],"product_brand":[],"product_cat":[325],"product_tag":[],"class_list":{"0":"post-18505","1":"product","2":"type-product","3":"status-publish","4":"has-post-thumbnail","6":"pwb-brand-velleman","7":"product_cat-valveseadmed-2","8":"pa_m-dud-63-x-28-x-17-mm","9":"pa_varv-h-be","11":"first","12":"instock","13":"taxable","14":"shipping-taxable","15":"purchasable","16":"product-type-simple"},"acf":[],"aioseo_notices":[],"jetpack_sharing_enabled":true,"brands":[{"id":2410,"name":"VELLEMAN","slug":"velleman"}],"_links":{"self":[{"href":"https:\/\/westbalt.ee\/index.php?rest_route=\/wp\/v2\/product\/18505","targetHints":{"allow":["GET"]}}],"collection":[{"href":"https:\/\/westbalt.ee\/index.php?rest_route=\/wp\/v2\/product"}],"about":[{"href":"https:\/\/westbalt.ee\/index.php?rest_route=\/wp\/v2\/types\/product"}],"replies":[{"embeddable":true,"href":"https:\/\/westbalt.ee\/index.php?rest_route=%2Fwp%2Fv2%2Fcomments&post=18505"}],"wp:featuredmedia":[{"embeddable":true,"href":"https:\/\/westbalt.ee\/index.php?rest_route=\/wp\/v2\/media\/18506"}],"wp:attachment":[{"href":"https:\/\/westbalt.ee\/index.php?rest_route=%2Fwp%2Fv2%2Fmedia&parent=18505"}],"wp:term":[{"taxonomy":"pwb-brand","embeddable":true,"href":"https:\/\/westbalt.ee\/index.php?rest_route=%2Fwp%2Fv2%2Fpwb-brand&post=18505"},{"taxonomy":"product_brand","embeddable":true,"href":"https:\/\/westbalt.ee\/index.php?rest_route=%2Fwp%2Fv2%2Fproduct_brand&post=18505"},{"taxonomy":"product_cat","embeddable":true,"href":"https:\/\/westbalt.ee\/index.php?rest_route=%2Fwp%2Fv2%2Fproduct_cat&post=18505"},{"taxonomy":"product_tag","embeddable":true,"href":"https:\/\/westbalt.ee\/index.php?rest_route=%2Fwp%2Fv2%2Fproduct_tag&post=18505"}],"curies":[{"name":"wp","href":"https:\/\/api.w.org\/{rel}","templated":true}]}}