{"id":18551,"date":"2015-10-01T08:37:02","date_gmt":"2015-10-01T05:37:02","guid":{"rendered":"https:\/\/westbalt.ee\/?post_type=product&#038;p=18551"},"modified":"2026-03-21T19:45:22","modified_gmt":"2026-03-21T16:45:22","slug":"akutester-12v-akudele-ansmann-power-check","status":"publish","type":"product","link":"https:\/\/westbalt.ee\/?product=akutester-12v-akudele-ansmann-power-check","title":{"rendered":"Akutester 12V akudele Ansmann Power Check"},"content":{"rendered":"<p><img decoding=\"async\" src=\"http:\/\/www.westbalt.eu\/store\/\/pub\/media\/wysiwyg\/pdf.png\" alt=\"pdf\" \/>&nbsp;<a href=\"http:\/\/www.westbalt.eu\/store\/datasheet\/4000002-manual.pdf\" target=\"_blank\">4000002-manual.pdf<\/a><\/p>\n","protected":false},"excerpt":{"rendered":"<p>See k\u00e4ep\u00e4rane tester v\u00f5imaldab kiiresti testida auto aku laetust ja mahutavust. V\u00f5imaldab testida s\u00f5iduki laadimisahel. 6 valgusdioodi n\u00e4itavad katsetulemused. Ainult 12 V akude kontrollimiseks.<\/p>\n","protected":false},"featured_media":18552,"comment_status":"open","ping_status":"open","template":"","meta":{"_acf_changed":false,"_monsterinsights_skip_tracking":false,"_monsterinsights_sitenote_active":false,"_monsterinsights_sitenote_note":"","_monsterinsights_sitenote_category":0},"pwb-brand":[],"product_brand":[],"product_cat":[317],"product_tag":[],"class_list":{"0":"post-18551","1":"product","2":"type-product","3":"status-publish","4":"has-post-thumbnail","6":"product_cat-patareid","7":"pa_m-dud-120-46-25-mm","9":"first","10":"outofstock","11":"taxable","12":"shipping-taxable","13":"purchasable","14":"product-type-simple"},"acf":[],"aioseo_notices":[],"jetpack_sharing_enabled":true,"brands":[],"_links":{"self":[{"href":"https:\/\/westbalt.ee\/index.php?rest_route=\/wp\/v2\/product\/18551","targetHints":{"allow":["GET"]}}],"collection":[{"href":"https:\/\/westbalt.ee\/index.php?rest_route=\/wp\/v2\/product"}],"about":[{"href":"https:\/\/westbalt.ee\/index.php?rest_route=\/wp\/v2\/types\/product"}],"replies":[{"embeddable":true,"href":"https:\/\/westbalt.ee\/index.php?rest_route=%2Fwp%2Fv2%2Fcomments&post=18551"}],"wp:featuredmedia":[{"embeddable":true,"href":"https:\/\/westbalt.ee\/index.php?rest_route=\/wp\/v2\/media\/18552"}],"wp:attachment":[{"href":"https:\/\/westbalt.ee\/index.php?rest_route=%2Fwp%2Fv2%2Fmedia&parent=18551"}],"wp:term":[{"taxonomy":"pwb-brand","embeddable":true,"href":"https:\/\/westbalt.ee\/index.php?rest_route=%2Fwp%2Fv2%2Fpwb-brand&post=18551"},{"taxonomy":"product_brand","embeddable":true,"href":"https:\/\/westbalt.ee\/index.php?rest_route=%2Fwp%2Fv2%2Fproduct_brand&post=18551"},{"taxonomy":"product_cat","embeddable":true,"href":"https:\/\/westbalt.ee\/index.php?rest_route=%2Fwp%2Fv2%2Fproduct_cat&post=18551"},{"taxonomy":"product_tag","embeddable":true,"href":"https:\/\/westbalt.ee\/index.php?rest_route=%2Fwp%2Fv2%2Fproduct_tag&post=18551"}],"curies":[{"name":"wp","href":"https:\/\/api.w.org\/{rel}","templated":true}]}}